{"id":1921,"date":"2023-08-02T09:28:30","date_gmt":"2023-08-02T09:28:30","guid":{"rendered":"https:\/\/brasileia.shop\/?page_id=1921"},"modified":"2023-08-06T14:05:01","modified_gmt":"2023-08-06T14:05:01","slug":"leave-in","status":"publish","type":"page","link":"https:\/\/brasileia.shop\/index.php\/leave-in\/","title":{"rendered":"Leave-in"},"content":{"rendered":"\t\t<div data-elementor-type=\"wp-page\" data-elementor-id=\"1921\" class=\"elementor elementor-1921\">\n\t\t\t\t\t\t<section class=\"elementor-section elementor-top-section elementor-element elementor-element-7b82ac0 elementor-section-boxed elementor-section-height-default elementor-section-height-default\" data-id=\"7b82ac0\" data-element_type=\"section\" data-e-type=\"section\">\n\t\t\t\t\t\t<div class=\"elementor-container elementor-column-gap-default\">\n\t\t\t\t\t<div class=\"elementor-column elementor-col-100 elementor-top-column elementor-element elementor-element-ff081b4\" data-id=\"ff081b4\" data-element_type=\"column\" data-e-type=\"column\">\n\t\t\t<div class=\"elementor-widget-wrap elementor-element-populated\">\n\t\t\t\t\t\t<div class=\"elementor-element elementor-element-76c3cfe elementor-widget elementor-widget-woolentor-universal-product\" data-id=\"76c3cfe\" data-element_type=\"widget\" data-e-type=\"widget\" data-widget_type=\"woolentor-universal-product.default\">\n\t\t\t\t<div class=\"elementor-widget-container\">\n\t\t\t\t\t            \n                                                <div class=\" ht-products woocommerce ht-row\" dir=\"ltr\" data-settings=''  >\n\n                        \n                            <!--Product Start-->\n                            <div class=\"ht-product ht-col-lg-3 ht-col-md-6 ht-col-sm-6 ht-col-xs-12 mb-30 product ht-product-action-style-2 ht-product-action-round ht-product-action-bottom-content ht-product-countdown-fill\">\n                                <div class=\"ht-product-inner\">\n\n                                    <div class=\"ht-product-image-wrap\">\n                                        <span class=\"ht-product-label ht-product-label-right\">Sale!<\/span>                                        <div class=\"ht-product-image\">\n                                                                                            <a href=\"https:\/\/brasileia.shop\/index.php\/product\/lait-de-coco-coco-jumbo-240-ml\/\"> \n                                                    <img fetchpriority=\"high\" decoding=\"async\" width=\"265\" height=\"331\" src=\"https:\/\/brasileia.shop\/wp-content\/uploads\/2023\/07\/COCO_JUMBO-LAIT-v-1-265x331.jpg\" class=\"attachment-woocommerce_thumbnail size-woocommerce_thumbnail\" alt=\"LAIT DE COCO COCO JUMBO 240ML\" \/> \n                                                <\/a>\n                                            \n                                        <\/div>\n\n                                        \n                                        \n                                    <\/div>\n\n                                    <div class=\"ht-product-content\">\n                                        <div class=\"ht-product-content-inner\">\n                                            <div class=\"ht-product-categories\"><a href=\"https:\/\/brasileia.shop\/index.php\/product-category\/botanical-line\/\">BOTANICAL LINE<\/a><\/div>\n                                                                                        <h4 class='ht-product-title'><a href='https:\/\/brasileia.shop\/index.php\/product\/lait-de-coco-coco-jumbo-240-ml\/'>LAIT DE COCO COCO JUMBO 240ML<\/a><\/h4>                                                                                                                                    <div class=\"ht-product-price\">\n\t<span class=\"price\"><del aria-hidden=\"true\"><span class=\"woocommerce-Price-amount amount\"><bdi><span class=\"woocommerce-Price-currencySymbol\">&#x62f;.&#x62a;<\/span>&nbsp;50,000<\/bdi><\/span><\/del> <span class=\"screen-reader-text\">Le prix initial \u00e9tait\u00a0: &#x62f;.&#x62a;&nbsp;50,000.<\/span><ins aria-hidden=\"true\"><span class=\"woocommerce-Price-amount amount\"><bdi><span class=\"woocommerce-Price-currencySymbol\">&#x62f;.&#x62a;<\/span>&nbsp;35,000<\/bdi><\/span><\/ins><span class=\"screen-reader-text\">Le prix actuel est\u00a0: &#x62f;.&#x62a;&nbsp;35,000.<\/span><\/span>\n<\/div>\n                                                                                        <div class=\"ht-product-ratting-wrap\">                <div class=\"top-rated-rating\">\n                    <span class=\"ht-product-ratting\">\n                        <span class=\"ht-product-user-ratting\">\n                            <i class=\"fas fa-star\"><\/i><i class=\"fas fa-star\"><\/i><i class=\"fas fa-star\"><\/i><i class=\"fas fa-star\"><\/i><i class=\"fas fa-star\"><\/i>                        <\/span>\n                    <\/span>\n                <\/div>\n                 <\/div>\n\n                                                                                            <div class=\"ht-product-action\">\n                                                    <ul class=\"woolentor-action-btn-area woolentor-btn-text-cart\">\n                                                                                                                    <li>\n                                                                <a href=\"#\" class=\"woolentorquickview\" data-product_id=\"1821\" aria-label=\"LAIT DE COCO COCO JUMBO 240ML\">\n                                                                    <i class=\"sli sli-magnifier\"><\/i>\n                                                                    <span class=\"ht-product-action-tooltip\">Quick View<\/span>\n                                                                <\/a>\n                                                            <\/li>\n                                                                                                                                                                                                                                <li class=\"woolentor-cart\"><a href=\"\/index.php\/wp-json\/wp\/v2\/pages\/1921?add-to-cart=1821\" aria-describedby=\"woocommerce_loop_add_to_cart_link_describedby_1821\" data-quantity=\"1\" class=\"button product_type_simple add_to_cart_button ajax_add_to_cart\" data-product_id=\"1821\" data-product_sku=\"\" aria-label=\"Ajouter au panier\u00a0: &ldquo;LAIT DE COCO COCO JUMBO 240ML&rdquo;\" rel=\"nofollow\" data-success_message=\"\u00ab\u00a0LAIT DE COCO COCO JUMBO 240ML\u00a0\u00bb a \u00e9t\u00e9 ajout\u00e9 \u00e0 votre panier\" role=\"button\">Ajouter au panier<\/a>\t<span id=\"woocommerce_loop_add_to_cart_link_describedby_1821\" class=\"screen-reader-text\">\n\t\t\t<\/span>\n<\/li>\n                                                    <\/ul>\n                                                <\/div>\n                                                                                    <\/div>\n                                                                            <\/div>\n\n                                <\/div>\n                            <\/div>\n                            <!--Product End-->\n\n                        \n                            <!--Product Start-->\n                            <div class=\"ht-product ht-col-lg-3 ht-col-md-6 ht-col-sm-6 ht-col-xs-12 mb-30 product ht-product-action-style-2 ht-product-action-round ht-product-action-bottom-content ht-product-countdown-fill\">\n                                <div class=\"ht-product-inner\">\n\n                                    <div class=\"ht-product-image-wrap\">\n                                        <span class=\"ht-product-label ht-product-label-right\">Sale!<\/span>                                        <div class=\"ht-product-image\">\n                                                                                            <a href=\"https:\/\/brasileia.shop\/index.php\/product\/baume-protecteur-vitaloe-vera-240-ml\/\"> \n                                                    <img decoding=\"async\" width=\"265\" height=\"331\" src=\"https:\/\/brasileia.shop\/wp-content\/uploads\/2023\/06\/BAUME-PROTECTEUR-VITALOE-VERA-v-265x331.jpg\" class=\"attachment-woocommerce_thumbnail size-woocommerce_thumbnail\" alt=\"BAUME PROTECTEUR VITALOE VERA 240ML\" \/> \n                                                <\/a>\n                                            \n                                        <\/div>\n\n                                        \n                                        \n                                    <\/div>\n\n                                    <div class=\"ht-product-content\">\n                                        <div class=\"ht-product-content-inner\">\n                                            <div class=\"ht-product-categories\"><a href=\"https:\/\/brasileia.shop\/index.php\/product-category\/botanical-line\/\">BOTANICAL LINE<\/a><\/div>\n                                                                                        <h4 class='ht-product-title'><a href='https:\/\/brasileia.shop\/index.php\/product\/baume-protecteur-vitaloe-vera-240-ml\/'>BAUME PROTECTEUR VITALOE VERA 240ML<\/a><\/h4>                                                                                                                                    <div class=\"ht-product-price\">\n\t<span class=\"price\"><del aria-hidden=\"true\"><span class=\"woocommerce-Price-amount amount\"><bdi><span class=\"woocommerce-Price-currencySymbol\">&#x62f;.&#x62a;<\/span>&nbsp;50,000<\/bdi><\/span><\/del> <span class=\"screen-reader-text\">Le prix initial \u00e9tait\u00a0: &#x62f;.&#x62a;&nbsp;50,000.<\/span><ins aria-hidden=\"true\"><span class=\"woocommerce-Price-amount amount\"><bdi><span class=\"woocommerce-Price-currencySymbol\">&#x62f;.&#x62a;<\/span>&nbsp;35,000<\/bdi><\/span><\/ins><span class=\"screen-reader-text\">Le prix actuel est\u00a0: &#x62f;.&#x62a;&nbsp;35,000.<\/span><\/span>\n<\/div>\n                                                                                        <div class=\"ht-product-ratting-wrap\"><\/div>\n\n                                                                                            <div class=\"ht-product-action\">\n                                                    <ul class=\"woolentor-action-btn-area woolentor-btn-text-cart\">\n                                                                                                                    <li>\n                                                                <a href=\"#\" class=\"woolentorquickview\" data-product_id=\"1547\" aria-label=\"BAUME PROTECTEUR VITALOE VERA 240ML\">\n                                                                    <i class=\"sli sli-magnifier\"><\/i>\n                                                                    <span class=\"ht-product-action-tooltip\">Quick View<\/span>\n                                                                <\/a>\n                                                            <\/li>\n                                                                                                                                                                                                                                <li class=\"woolentor-cart\"><a href=\"\/index.php\/wp-json\/wp\/v2\/pages\/1921?add-to-cart=1547\" aria-describedby=\"woocommerce_loop_add_to_cart_link_describedby_1547\" data-quantity=\"1\" class=\"button product_type_simple add_to_cart_button ajax_add_to_cart\" data-product_id=\"1547\" data-product_sku=\"\" aria-label=\"Ajouter au panier\u00a0: &ldquo;BAUME PROTECTEUR VITALOE VERA 240ML&rdquo;\" rel=\"nofollow\" data-success_message=\"\u00ab\u00a0BAUME PROTECTEUR VITALOE VERA 240ML\u00a0\u00bb a \u00e9t\u00e9 ajout\u00e9 \u00e0 votre panier\" role=\"button\">Ajouter au panier<\/a>\t<span id=\"woocommerce_loop_add_to_cart_link_describedby_1547\" class=\"screen-reader-text\">\n\t\t\t<\/span>\n<\/li>\n                                                    <\/ul>\n                                                <\/div>\n                                                                                    <\/div>\n                                                                            <\/div>\n\n                                <\/div>\n                            <\/div>\n                            <!--Product End-->\n\n                                            <\/div>\n                            \n            \n        \t\t\t\t<\/div>\n\t\t\t\t<\/div>\n\t\t\t\t\t<\/div>\n\t\t<\/div>\n\t\t\t\t\t<\/div>\n\t\t<\/section>\n\t\t\t\t<\/div>\n\t\t","protected":false},"excerpt":{"rendered":"<p>BOTANICAL LINE LAIT DE COCO COCO JUMBO (240 ml) &#x62f;.&#x62a;&nbsp;50,000 Quick View Ajouter au panier BOTANICAL LINE BAUME PROTECTEUR VITALOE VERA (240 ml) &#x62f;.&#x62a;&nbsp;50,000 Quick View Ajouter au panier AVOCADO POWER BLINDAGE R\u00c9PARATEUR AVOCADO POWER (240 ml) &#x62f;.&#x62a;&nbsp;50,000 Quick View Ajouter au panier<\/p>\n","protected":false},"author":1,"featured_media":0,"parent":0,"menu_order":0,"comment_status":"closed","ping_status":"closed","template":"","meta":{"ocean_post_layout":"full-width","ocean_both_sidebars_style":"","ocean_both_sidebars_content_width":0,"ocean_both_sidebars_sidebars_width":0,"ocean_sidebar":"0","ocean_second_sidebar":"0","ocean_disable_margins":"enable","ocean_add_body_class":"","ocean_shortcode_before_top_bar":"","ocean_shortcode_after_top_bar":"","ocean_shortcode_before_header":"","ocean_shortcode_after_header":"","ocean_has_shortcode":"","ocean_shortcode_after_title":"","ocean_shortcode_before_footer_widgets":"","ocean_shortcode_after_footer_widgets":"","ocean_shortcode_before_footer_bottom":"","ocean_shortcode_after_footer_bottom":"","ocean_display_top_bar":"default","ocean_display_header":"default","ocean_header_style":"","ocean_center_header_left_menu":"0","ocean_custom_header_template":"0","ocean_custom_logo":0,"ocean_custom_retina_logo":0,"ocean_custom_logo_max_width":0,"ocean_custom_logo_tablet_max_width":0,"ocean_custom_logo_mobile_max_width":0,"ocean_custom_logo_max_height":0,"ocean_custom_logo_tablet_max_height":0,"ocean_custom_logo_mobile_max_height":0,"ocean_header_custom_menu":"0","ocean_menu_typo_font_family":"0","ocean_menu_typo_font_subset":"","ocean_menu_typo_font_size":0,"ocean_menu_typo_font_size_tablet":0,"ocean_menu_typo_font_size_mobile":0,"ocean_menu_typo_font_size_unit":"px","ocean_menu_typo_font_weight":"","ocean_menu_typo_font_weight_tablet":"","ocean_menu_typo_font_weight_mobile":"","ocean_menu_typo_transform":"","ocean_menu_typo_transform_tablet":"","ocean_menu_typo_transform_mobile":"","ocean_menu_typo_line_height":0,"ocean_menu_typo_line_height_tablet":0,"ocean_menu_typo_line_height_mobile":0,"ocean_menu_typo_line_height_unit":"","ocean_menu_typo_spacing":0,"ocean_menu_typo_spacing_tablet":0,"ocean_menu_typo_spacing_mobile":0,"ocean_menu_typo_spacing_unit":"","ocean_menu_link_color":"","ocean_menu_link_color_hover":"","ocean_menu_link_color_active":"","ocean_menu_link_background":"","ocean_menu_link_hover_background":"","ocean_menu_link_active_background":"","ocean_menu_social_links_bg":"","ocean_menu_social_hover_links_bg":"","ocean_menu_social_links_color":"","ocean_menu_social_hover_links_color":"","ocean_disable_title":"enable","ocean_disable_heading":"default","ocean_post_title":"LEAVE-IN","ocean_post_subheading":"","ocean_post_title_style":"","ocean_post_title_background_color":"","ocean_post_title_background":0,"ocean_post_title_bg_image_position":"","ocean_post_title_bg_image_attachment":"","ocean_post_title_bg_image_repeat":"","ocean_post_title_bg_image_size":"","ocean_post_title_height":0,"ocean_post_title_bg_overlay":0.5,"ocean_post_title_bg_overlay_color":"","ocean_disable_breadcrumbs":"default","ocean_breadcrumbs_color":"","ocean_breadcrumbs_separator_color":"","ocean_breadcrumbs_links_color":"","ocean_breadcrumbs_links_hover_color":"","ocean_display_footer_widgets":"default","ocean_display_footer_bottom":"default","ocean_custom_footer_template":"0","footnotes":""},"class_list":["post-1921","page","type-page","status-publish","hentry","entry","has-media","owp-thumbs-layout-horizontal","owp-btn-normal","owp-tabs-layout-horizontal","has-no-thumbnails","has-product-nav"],"jetpack_sharing_enabled":true,"_links":{"self":[{"href":"https:\/\/brasileia.shop\/index.php\/wp-json\/wp\/v2\/pages\/1921","targetHints":{"allow":["GET"]}}],"collection":[{"href":"https:\/\/brasileia.shop\/index.php\/wp-json\/wp\/v2\/pages"}],"about":[{"href":"https:\/\/brasileia.shop\/index.php\/wp-json\/wp\/v2\/types\/page"}],"author":[{"embeddable":true,"href":"https:\/\/brasileia.shop\/index.php\/wp-json\/wp\/v2\/users\/1"}],"replies":[{"embeddable":true,"href":"https:\/\/brasileia.shop\/index.php\/wp-json\/wp\/v2\/comments?post=1921"}],"version-history":[{"count":4,"href":"https:\/\/brasileia.shop\/index.php\/wp-json\/wp\/v2\/pages\/1921\/revisions"}],"predecessor-version":[{"id":2086,"href":"https:\/\/brasileia.shop\/index.php\/wp-json\/wp\/v2\/pages\/1921\/revisions\/2086"}],"wp:attachment":[{"href":"https:\/\/brasileia.shop\/index.php\/wp-json\/wp\/v2\/media?parent=1921"}],"curies":[{"name":"wp","href":"https:\/\/api.w.org\/{rel}","templated":true}]}}