{"id":2876,"date":"2023-09-09T07:43:31","date_gmt":"2023-09-09T07:43:31","guid":{"rendered":"https:\/\/brasileia.shop\/?page_id=2876"},"modified":"2023-09-19T13:23:40","modified_gmt":"2023-09-19T13:23:40","slug":"kits-coco-mania","status":"publish","type":"page","link":"https:\/\/brasileia.shop\/index.php\/kits\/kits-coco-mania\/","title":{"rendered":"Kits Coco Mania"},"content":{"rendered":"\t\t<div data-elementor-type=\"wp-page\" data-elementor-id=\"2876\" class=\"elementor elementor-2876\">\n\t\t\t\t\t\t<section class=\"elementor-section elementor-top-section elementor-element elementor-element-657fc36 elementor-section-boxed elementor-section-height-default elementor-section-height-default\" data-id=\"657fc36\" data-element_type=\"section\" data-e-type=\"section\">\n\t\t\t\t\t\t<div class=\"elementor-container elementor-column-gap-default\">\n\t\t\t\t\t<div class=\"elementor-column elementor-col-100 elementor-top-column elementor-element elementor-element-8799667\" data-id=\"8799667\" data-element_type=\"column\" data-e-type=\"column\">\n\t\t\t<div class=\"elementor-widget-wrap elementor-element-populated\">\n\t\t\t\t\t\t<div class=\"elementor-element elementor-element-9b6e60f elementor-widget elementor-widget-heading\" data-id=\"9b6e60f\" data-element_type=\"widget\" data-e-type=\"widget\" data-widget_type=\"heading.default\">\n\t\t\t\t<div class=\"elementor-widget-container\">\n\t\t\t\t\t<h2 class=\"elementor-heading-title elementor-size-default\">NUTRITION EXTRAORDINAIRE<\/h2>\t\t\t\t<\/div>\n\t\t\t\t<\/div>\n\t\t\t\t<div class=\"elementor-element elementor-element-5727229 elementor-widget elementor-widget-heading\" data-id=\"5727229\" data-element_type=\"widget\" data-e-type=\"widget\" data-widget_type=\"heading.default\">\n\t\t\t\t<div class=\"elementor-widget-container\">\n\t\t\t\t\t<h2 class=\"elementor-heading-title elementor-size-default\">Huile de Coco\n\n- Nutrition intensive\n- D\u00e9m\u00ealage et douceur\n- Scellage de cheveux\n- R\u00e9duction des frisottis et ultra-brillance\nConvient pour les cheveux mal nourris<\/h2>\t\t\t\t<\/div>\n\t\t\t\t<\/div>\n\t\t\t\t\t<\/div>\n\t\t<\/div>\n\t\t\t\t\t<\/div>\n\t\t<\/section>\n\t\t\t\t<section class=\"elementor-section elementor-top-section elementor-element elementor-element-05ee14b elementor-section-boxed elementor-section-height-default elementor-section-height-default\" data-id=\"05ee14b\" data-element_type=\"section\" data-e-type=\"section\">\n\t\t\t\t\t\t<div class=\"elementor-container elementor-column-gap-default\">\n\t\t\t\t\t<div class=\"elementor-column elementor-col-100 elementor-top-column elementor-element elementor-element-a6e3d15\" data-id=\"a6e3d15\" data-element_type=\"column\" data-e-type=\"column\">\n\t\t\t<div class=\"elementor-widget-wrap elementor-element-populated\">\n\t\t\t\t\t\t<div class=\"elementor-element elementor-element-587327f elementor-widget elementor-widget-woolentor-universal-product\" data-id=\"587327f\" data-element_type=\"widget\" data-e-type=\"widget\" data-widget_type=\"woolentor-universal-product.default\">\n\t\t\t\t<div class=\"elementor-widget-container\">\n\t\t\t\t\t            \n                                                <div class=\" ht-products woocommerce ht-row\" dir=\"ltr\" data-settings=''  >\n\n                        \n                            <!--Product Start-->\n                            <div class=\"ht-product ht-col-lg-3 ht-col-md-6 ht-col-sm-6 ht-col-xs-12 mb-30 product ht-product-action-style-2 ht-product-action-round ht-product-action-bottom-content ht-product-countdown-fill\">\n                                <div class=\"ht-product-inner\">\n\n                                    <div class=\"ht-product-image-wrap\">\n                                        <span class=\"ht-product-label ht-product-label-right\">Sale!<\/span>                                        <div class=\"ht-product-image\">\n                                                                                            <a href=\"https:\/\/brasileia.shop\/index.php\/product\/kit-coco-mania-3\/\"> \n                                                    <img fetchpriority=\"high\" decoding=\"async\" width=\"265\" height=\"331\" src=\"https:\/\/brasileia.shop\/wp-content\/uploads\/2023\/09\/KITS-3-coco-mania-1-265x331.gif\" class=\"attachment-woocommerce_thumbnail size-woocommerce_thumbnail\" alt=\"Kit Coco Mania 3\" \/> \n                                                <\/a>\n                                            \n                                        <\/div>\n\n                                        \n                                        \n                                    <\/div>\n\n                                    <div class=\"ht-product-content\">\n                                        <div class=\"ht-product-content-inner\">\n                                            <div class=\"ht-product-categories\"><a href=\"https:\/\/brasileia.shop\/index.php\/product-category\/kits\/\">KITS<\/a><\/div>\n                                                                                        <h4 class='ht-product-title'><a href='https:\/\/brasileia.shop\/index.php\/product\/kit-coco-mania-3\/'>Kit Coco Mania 3<\/a><\/h4>                                                                                                                                    <div class=\"ht-product-price\">\n\t<span class=\"price\"><del aria-hidden=\"true\"><span class=\"woocommerce-Price-amount amount\"><bdi><span class=\"woocommerce-Price-currencySymbol\">&#x62f;.&#x62a;<\/span>&nbsp;70,000<\/bdi><\/span><\/del> <span class=\"screen-reader-text\">Le prix initial \u00e9tait\u00a0: &#x62f;.&#x62a;&nbsp;70,000.<\/span><ins aria-hidden=\"true\"><span class=\"woocommerce-Price-amount amount\"><bdi><span class=\"woocommerce-Price-currencySymbol\">&#x62f;.&#x62a;<\/span>&nbsp;65,000<\/bdi><\/span><\/ins><span class=\"screen-reader-text\">Le prix actuel est\u00a0: &#x62f;.&#x62a;&nbsp;65,000.<\/span><\/span>\n<\/div>\n                                                                                        <div class=\"ht-product-ratting-wrap\"><\/div>\n\n                                                                                            <div class=\"ht-product-action\">\n                                                    <ul class=\"woolentor-action-btn-area woolentor-btn-text-cart\">\n                                                                                                                    <li>\n                                                                <a href=\"#\" class=\"woolentorquickview\" data-product_id=\"2712\" aria-label=\"Kit Coco Mania 3\">\n                                                                    <i class=\"sli sli-magnifier\"><\/i>\n                                                                    <span class=\"ht-product-action-tooltip\">Quick View<\/span>\n                                                                <\/a>\n                                                            <\/li>\n                                                                                                                                                                                                                                <li class=\"woolentor-cart\"><a href=\"\/index.php\/wp-json\/wp\/v2\/pages\/2876?add-to-cart=2712\" aria-describedby=\"woocommerce_loop_add_to_cart_link_describedby_2712\" data-quantity=\"1\" class=\"button product_type_simple add_to_cart_button ajax_add_to_cart\" data-product_id=\"2712\" data-product_sku=\"\" aria-label=\"Ajouter au panier\u00a0: &ldquo;Kit Coco Mania 3&rdquo;\" rel=\"nofollow\" data-success_message=\"\u00ab\u00a0Kit Coco Mania 3\u00a0\u00bb a \u00e9t\u00e9 ajout\u00e9 \u00e0 votre panier\" role=\"button\">Ajouter au panier<\/a>\t<span id=\"woocommerce_loop_add_to_cart_link_describedby_2712\" class=\"screen-reader-text\">\n\t\t\t<\/span>\n<\/li>\n                                                    <\/ul>\n                                                <\/div>\n                                                                                    <\/div>\n                                                                            <\/div>\n\n                                <\/div>\n                            <\/div>\n                            <!--Product End-->\n\n                        \n                            <!--Product Start-->\n                            <div class=\"ht-product ht-col-lg-3 ht-col-md-6 ht-col-sm-6 ht-col-xs-12 mb-30 product ht-product-action-style-2 ht-product-action-round ht-product-action-bottom-content ht-product-countdown-fill\">\n                                <div class=\"ht-product-inner\">\n\n                                    <div class=\"ht-product-image-wrap\">\n                                        <span class=\"ht-product-label ht-product-label-right\">Sale!<\/span>                                        <div class=\"ht-product-image\">\n                                                                                            <a href=\"https:\/\/brasileia.shop\/index.php\/product\/kit-coco-mania-2\/\"> \n                                                    <img decoding=\"async\" width=\"265\" height=\"331\" src=\"https:\/\/brasileia.shop\/wp-content\/uploads\/2023\/09\/KITS-2-coco-mania-1-265x331.gif\" class=\"attachment-woocommerce_thumbnail size-woocommerce_thumbnail\" alt=\"Kit Coco Mania 2\" \/> \n                                                <\/a>\n                                            \n                                        <\/div>\n\n                                        \n                                        \n                                    <\/div>\n\n                                    <div class=\"ht-product-content\">\n                                        <div class=\"ht-product-content-inner\">\n                                            <div class=\"ht-product-categories\"><a href=\"https:\/\/brasileia.shop\/index.php\/product-category\/kits\/\">KITS<\/a><\/div>\n                                                                                        <h4 class='ht-product-title'><a href='https:\/\/brasileia.shop\/index.php\/product\/kit-coco-mania-2\/'>Kit Coco Mania 2<\/a><\/h4>                                                                                                                                    <div class=\"ht-product-price\">\n\t<span class=\"price\"><del aria-hidden=\"true\"><span class=\"woocommerce-Price-amount amount\"><bdi><span class=\"woocommerce-Price-currencySymbol\">&#x62f;.&#x62a;<\/span>&nbsp;80,000<\/bdi><\/span><\/del> <span class=\"screen-reader-text\">Le prix initial \u00e9tait\u00a0: &#x62f;.&#x62a;&nbsp;80,000.<\/span><ins aria-hidden=\"true\"><span class=\"woocommerce-Price-amount amount\"><bdi><span class=\"woocommerce-Price-currencySymbol\">&#x62f;.&#x62a;<\/span>&nbsp;75,000<\/bdi><\/span><\/ins><span class=\"screen-reader-text\">Le prix actuel est\u00a0: &#x62f;.&#x62a;&nbsp;75,000.<\/span><\/span>\n<\/div>\n                                                                                        <div class=\"ht-product-ratting-wrap\"><\/div>\n\n                                                                                            <div class=\"ht-product-action\">\n                                                    <ul class=\"woolentor-action-btn-area woolentor-btn-text-cart\">\n                                                                                                                    <li>\n                                                                <a href=\"#\" class=\"woolentorquickview\" data-product_id=\"2709\" aria-label=\"Kit Coco Mania 2\">\n                                                                    <i class=\"sli sli-magnifier\"><\/i>\n                                                                    <span class=\"ht-product-action-tooltip\">Quick View<\/span>\n                                                                <\/a>\n                                                            <\/li>\n                                                                                                                                                                                                                                <li class=\"woolentor-cart\"><a href=\"\/index.php\/wp-json\/wp\/v2\/pages\/2876?add-to-cart=2709\" aria-describedby=\"woocommerce_loop_add_to_cart_link_describedby_2709\" data-quantity=\"1\" class=\"button product_type_simple add_to_cart_button ajax_add_to_cart\" data-product_id=\"2709\" data-product_sku=\"\" aria-label=\"Ajouter au panier\u00a0: &ldquo;Kit Coco Mania 2&rdquo;\" rel=\"nofollow\" data-success_message=\"\u00ab\u00a0Kit Coco Mania 2\u00a0\u00bb a \u00e9t\u00e9 ajout\u00e9 \u00e0 votre panier\" role=\"button\">Ajouter au panier<\/a>\t<span id=\"woocommerce_loop_add_to_cart_link_describedby_2709\" class=\"screen-reader-text\">\n\t\t\t<\/span>\n<\/li>\n                                                    <\/ul>\n                                                <\/div>\n                                                                                    <\/div>\n                                                                            <\/div>\n\n                                <\/div>\n                            <\/div>\n                            <!--Product End-->\n\n                        \n                            <!--Product Start-->\n                            <div class=\"ht-product ht-col-lg-3 ht-col-md-6 ht-col-sm-6 ht-col-xs-12 mb-30 product ht-product-action-style-2 ht-product-action-round ht-product-action-bottom-content ht-product-countdown-fill\">\n                                <div class=\"ht-product-inner\">\n\n                                    <div class=\"ht-product-image-wrap\">\n                                        <span class=\"ht-product-label ht-product-label-right\">Sale!<\/span>                                        <div class=\"ht-product-image\">\n                                                                                            <a href=\"https:\/\/brasileia.shop\/index.php\/product\/kit-coco-mania-1\/\"> \n                                                    <img decoding=\"async\" width=\"265\" height=\"331\" src=\"https:\/\/brasileia.shop\/wp-content\/uploads\/2023\/09\/KITS-1-coco-mania-2-265x331.gif\" class=\"attachment-woocommerce_thumbnail size-woocommerce_thumbnail\" alt=\"Kit Coco Mania 1\" \/> \n                                                <\/a>\n                                            \n                                        <\/div>\n\n                                        \n                                        \n                                    <\/div>\n\n                                    <div class=\"ht-product-content\">\n                                        <div class=\"ht-product-content-inner\">\n                                            <div class=\"ht-product-categories\"><a href=\"https:\/\/brasileia.shop\/index.php\/product-category\/kits\/\">KITS<\/a><\/div>\n                                                                                        <h4 class='ht-product-title'><a href='https:\/\/brasileia.shop\/index.php\/product\/kit-coco-mania-1\/'>Kit Coco Mania 1<\/a><\/h4>                                                                                                                                    <div class=\"ht-product-price\">\n\t<span class=\"price\"><del aria-hidden=\"true\"><span class=\"woocommerce-Price-amount amount\"><bdi><span class=\"woocommerce-Price-currencySymbol\">&#x62f;.&#x62a;<\/span>&nbsp;115,000<\/bdi><\/span><\/del> <span class=\"screen-reader-text\">Le prix initial \u00e9tait\u00a0: &#x62f;.&#x62a;&nbsp;115,000.<\/span><ins aria-hidden=\"true\"><span class=\"woocommerce-Price-amount amount\"><bdi><span class=\"woocommerce-Price-currencySymbol\">&#x62f;.&#x62a;<\/span>&nbsp;105,000<\/bdi><\/span><\/ins><span class=\"screen-reader-text\">Le prix actuel est\u00a0: &#x62f;.&#x62a;&nbsp;105,000.<\/span><\/span>\n<\/div>\n                                                                                        <div class=\"ht-product-ratting-wrap\"><\/div>\n\n                                                                                            <div class=\"ht-product-action\">\n                                                    <ul class=\"woolentor-action-btn-area woolentor-btn-text-cart\">\n                                                                                                                    <li>\n                                                                <a href=\"#\" class=\"woolentorquickview\" data-product_id=\"2702\" aria-label=\"Kit Coco Mania 1\">\n                                                                    <i class=\"sli sli-magnifier\"><\/i>\n                                                                    <span class=\"ht-product-action-tooltip\">Quick View<\/span>\n                                                                <\/a>\n                                                            <\/li>\n                                                                                                                                                                                                                                <li class=\"woolentor-cart\"><a href=\"\/index.php\/wp-json\/wp\/v2\/pages\/2876?add-to-cart=2702\" aria-describedby=\"woocommerce_loop_add_to_cart_link_describedby_2702\" data-quantity=\"1\" class=\"button product_type_simple add_to_cart_button ajax_add_to_cart\" data-product_id=\"2702\" data-product_sku=\"\" aria-label=\"Ajouter au panier\u00a0: &ldquo;Kit Coco Mania 1&rdquo;\" rel=\"nofollow\" data-success_message=\"\u00ab\u00a0Kit Coco Mania 1\u00a0\u00bb a \u00e9t\u00e9 ajout\u00e9 \u00e0 votre panier\" role=\"button\">Ajouter au panier<\/a>\t<span id=\"woocommerce_loop_add_to_cart_link_describedby_2702\" class=\"screen-reader-text\">\n\t\t\t<\/span>\n<\/li>\n                                                    <\/ul>\n                                                <\/div>\n                                                                                    <\/div>\n                                                                            <\/div>\n\n                                <\/div>\n                            <\/div>\n                            <!--Product End-->\n\n                                            <\/div>\n                            \n            \n        \t\t\t\t<\/div>\n\t\t\t\t<\/div>\n\t\t\t\t\t<\/div>\n\t\t<\/div>\n\t\t\t\t\t<\/div>\n\t\t<\/section>\n\t\t\t\t<\/div>\n\t\t","protected":false},"excerpt":{"rendered":"<p>NUTRITION EXTRAORDINAIRE Huile de Coco &#8211; Nutrition intensive &#8211; D\u00e9m\u00ealage et douceur &#8211; Scellage de cheveux &#8211; R\u00e9duction des frisottis et ultra-brillance Convient pour les cheveux mal nourris Sale! KITS Kit Coco Mania 3 &#x62f;.&#x62a;&nbsp;70,000 &#x62f;.&#x62a;&nbsp;65,000 Quick View Ajouter au panier Sale! KITS Kit Coco Mania 2 &#x62f;.&#x62a;&nbsp;80,000 &#x62f;.&#x62a;&nbsp;75,000 Quick View Ajouter au panier Sale! [&hellip;]<\/p>\n","protected":false},"author":1,"featured_media":0,"parent":2862,"menu_order":0,"comment_status":"closed","ping_status":"closed","template":"","meta":{"ocean_post_layout":"full-width","ocean_both_sidebars_style":"","ocean_both_sidebars_content_width":0,"ocean_both_sidebars_sidebars_width":0,"ocean_sidebar":"0","ocean_second_sidebar":"0","ocean_disable_margins":"enable","ocean_add_body_class":"","ocean_shortcode_before_top_bar":"","ocean_shortcode_after_top_bar":"","ocean_shortcode_before_header":"","ocean_shortcode_after_header":"","ocean_has_shortcode":"","ocean_shortcode_after_title":"","ocean_shortcode_before_footer_widgets":"","ocean_shortcode_after_footer_widgets":"","ocean_shortcode_before_footer_bottom":"","ocean_shortcode_after_footer_bottom":"","ocean_display_top_bar":"default","ocean_display_header":"default","ocean_header_style":"","ocean_center_header_left_menu":"0","ocean_custom_header_template":"0","ocean_custom_logo":0,"ocean_custom_retina_logo":0,"ocean_custom_logo_max_width":0,"ocean_custom_logo_tablet_max_width":0,"ocean_custom_logo_mobile_max_width":0,"ocean_custom_logo_max_height":0,"ocean_custom_logo_tablet_max_height":0,"ocean_custom_logo_mobile_max_height":0,"ocean_header_custom_menu":"0","ocean_menu_typo_font_family":"0","ocean_menu_typo_font_subset":"","ocean_menu_typo_font_size":0,"ocean_menu_typo_font_size_tablet":0,"ocean_menu_typo_font_size_mobile":0,"ocean_menu_typo_font_size_unit":"px","ocean_menu_typo_font_weight":"","ocean_menu_typo_font_weight_tablet":"","ocean_menu_typo_font_weight_mobile":"","ocean_menu_typo_transform":"","ocean_menu_typo_transform_tablet":"","ocean_menu_typo_transform_mobile":"","ocean_menu_typo_line_height":0,"ocean_menu_typo_line_height_tablet":0,"ocean_menu_typo_line_height_mobile":0,"ocean_menu_typo_line_height_unit":"","ocean_menu_typo_spacing":0,"ocean_menu_typo_spacing_tablet":0,"ocean_menu_typo_spacing_mobile":0,"ocean_menu_typo_spacing_unit":"","ocean_menu_link_color":"","ocean_menu_link_color_hover":"","ocean_menu_link_color_active":"","ocean_menu_link_background":"","ocean_menu_link_hover_background":"","ocean_menu_link_active_background":"","ocean_menu_social_links_bg":"","ocean_menu_social_hover_links_bg":"","ocean_menu_social_links_color":"","ocean_menu_social_hover_links_color":"","ocean_disable_title":"default","ocean_disable_heading":"default","ocean_post_title":"","ocean_post_subheading":"","ocean_post_title_style":"","ocean_post_title_background_color":"","ocean_post_title_background":0,"ocean_post_title_bg_image_position":"","ocean_post_title_bg_image_attachment":"","ocean_post_title_bg_image_repeat":"","ocean_post_title_bg_image_size":"","ocean_post_title_height":0,"ocean_post_title_bg_overlay":0.5,"ocean_post_title_bg_overlay_color":"","ocean_disable_breadcrumbs":"default","ocean_breadcrumbs_color":"","ocean_breadcrumbs_separator_color":"","ocean_breadcrumbs_links_color":"","ocean_breadcrumbs_links_hover_color":"","ocean_display_footer_widgets":"default","ocean_display_footer_bottom":"default","ocean_custom_footer_template":"0","footnotes":""},"class_list":["post-2876","page","type-page","status-publish","hentry","entry","has-media","owp-thumbs-layout-horizontal","owp-btn-normal","owp-tabs-layout-horizontal","has-no-thumbnails","has-product-nav"],"jetpack_sharing_enabled":true,"_links":{"self":[{"href":"https:\/\/brasileia.shop\/index.php\/wp-json\/wp\/v2\/pages\/2876","targetHints":{"allow":["GET"]}}],"collection":[{"href":"https:\/\/brasileia.shop\/index.php\/wp-json\/wp\/v2\/pages"}],"about":[{"href":"https:\/\/brasileia.shop\/index.php\/wp-json\/wp\/v2\/types\/page"}],"author":[{"embeddable":true,"href":"https:\/\/brasileia.shop\/index.php\/wp-json\/wp\/v2\/users\/1"}],"replies":[{"embeddable":true,"href":"https:\/\/brasileia.shop\/index.php\/wp-json\/wp\/v2\/comments?post=2876"}],"version-history":[{"count":4,"href":"https:\/\/brasileia.shop\/index.php\/wp-json\/wp\/v2\/pages\/2876\/revisions"}],"predecessor-version":[{"id":3031,"href":"https:\/\/brasileia.shop\/index.php\/wp-json\/wp\/v2\/pages\/2876\/revisions\/3031"}],"up":[{"embeddable":true,"href":"https:\/\/brasileia.shop\/index.php\/wp-json\/wp\/v2\/pages\/2862"}],"wp:attachment":[{"href":"https:\/\/brasileia.shop\/index.php\/wp-json\/wp\/v2\/media?parent=2876"}],"curies":[{"name":"wp","href":"https:\/\/api.w.org\/{rel}","templated":true}]}}