{"id":4298,"date":"2023-11-12T07:37:43","date_gmt":"2023-11-12T07:37:43","guid":{"rendered":"https:\/\/brasileia.shop\/?page_id=4298"},"modified":"2023-11-23T18:02:59","modified_gmt":"2023-11-23T18:02:59","slug":"qui-sommes-nous","status":"publish","type":"page","link":"https:\/\/brasileia.shop\/index.php\/qui-sommes-nous\/","title":{"rendered":"Qui Sommes Nous"},"content":{"rendered":"\t\t<div data-elementor-type=\"wp-page\" data-elementor-id=\"4298\" class=\"elementor elementor-4298\">\n\t\t\t\t\t\t<section class=\"elementor-section elementor-top-section elementor-element elementor-element-700b71a elementor-section-boxed elementor-section-height-default elementor-section-height-default\" data-id=\"700b71a\" data-element_type=\"section\" data-e-type=\"section\">\n\t\t\t\t\t\t<div class=\"elementor-container elementor-column-gap-default\">\n\t\t\t\t\t<div class=\"elementor-column elementor-col-50 elementor-top-column elementor-element elementor-element-39dfba7\" data-id=\"39dfba7\" data-element_type=\"column\" data-e-type=\"column\">\n\t\t\t<div class=\"elementor-widget-wrap elementor-element-populated\">\n\t\t\t\t\t\t<div class=\"elementor-element elementor-element-fae54c0 elementor-widget elementor-widget-image\" data-id=\"fae54c0\" data-element_type=\"widget\" data-e-type=\"widget\" data-widget_type=\"image.default\">\n\t\t\t\t<div class=\"elementor-widget-container\">\n\t\t\t\t\t\t\t\t\t\t\t\t\t\t\t<img fetchpriority=\"high\" decoding=\"async\" width=\"726\" height=\"1024\" src=\"https:\/\/brasileia.shop\/wp-content\/uploads\/2023\/11\/Brasileia-Qui-sommes-nous-726x1024.jpg\" class=\"attachment-large size-large wp-image-4338\" alt=\"\" srcset=\"https:\/\/brasileia.shop\/wp-content\/uploads\/2023\/11\/Brasileia-Qui-sommes-nous-726x1024.jpg 726w, https:\/\/brasileia.shop\/wp-content\/uploads\/2023\/11\/Brasileia-Qui-sommes-nous-213x300.jpg 213w, https:\/\/brasileia.shop\/wp-content\/uploads\/2023\/11\/Brasileia-Qui-sommes-nous-768x1084.jpg 768w, https:\/\/brasileia.shop\/wp-content\/uploads\/2023\/11\/Brasileia-Qui-sommes-nous-504x711.jpg 504w, https:\/\/brasileia.shop\/wp-content\/uploads\/2023\/11\/Brasileia-Qui-sommes-nous.jpg 800w\" sizes=\"(max-width: 726px) 100vw, 726px\" \/>\t\t\t\t\t\t\t\t\t\t\t\t\t\t\t<\/div>\n\t\t\t\t<\/div>\n\t\t\t\t\t<\/div>\n\t\t<\/div>\n\t\t\t\t<div class=\"elementor-column elementor-col-50 elementor-top-column elementor-element elementor-element-c8eae90\" data-id=\"c8eae90\" data-element_type=\"column\" data-e-type=\"column\">\n\t\t\t<div class=\"elementor-widget-wrap elementor-element-populated\">\n\t\t\t\t\t\t<div class=\"elementor-element elementor-element-0476831 elementor-widget elementor-widget-text-editor\" data-id=\"0476831\" data-element_type=\"widget\" data-e-type=\"widget\" data-widget_type=\"text-editor.default\">\n\t\t\t\t<div class=\"elementor-widget-container\">\n\t\t\t\t\t\t\t\t\t<p>Mohamed (tunisien) et L\u00e9ia (br\u00e9silienne) se sont rencontr\u00e9s en Chine il y a plus de 20 ans. Ils se sont mari\u00e9s, ont eu deux enfants, et ont d\u00e9cid\u00e9 en 2013 de d\u00e9m\u00e9nager d\u00e9finitivement en Tunisie. L\u00e9ia a rencontr\u00e9 des difficult\u00e9s \u00e0 trouver de bons produits capillaires pouvant satisfaire ses besoins en termes de qualit\u00e9 et de prix. Elle s\u2019est rendu compte que les produits bon march\u00e9 contiennent souvent des ingr\u00e9dients chimiques qui agressent les cheveux, et que les produits offrant une meilleure qualit\u00e9 sont g\u00e9n\u00e9ralement excessivement chers et pas \u00e0 la port\u00e9e de tout le monde.<\/p><p>C\u2019est ce constat qui a donn\u00e9 \u00e0 Mohamed l\u2019id\u00e9e de cr\u00e9er une marque de produits capillaires pouvant satisfaire les besoins de sa femme en se basant sur le savoir-faire br\u00e9silien. C\u2019est ainsi que, apr\u00e8s plusieurs ann\u00e9es d\u2019\u00e9tudes de march\u00e9, Brasileia Cosmetics a vu le jour en 2020. (Brasil + Leia).<\/p><p>La philosophie de la marque est de proposer des formules de soins innovantes pour usage professionnel, semi-professionnel et personnel. Chaque produit d\u00e9velopp\u00e9 par Brasileia Cosmetics a pour but de promouvoir la beaut\u00e9 de mani\u00e8re intelligente et durable en gardant une conscience \u00e9cologique et environnementale. Tous nos emballages sont totalement recyclables et biod\u00e9gradables.\u00a0<\/p><p>Chez Brasileia Cosmetics, nous respectons \u00e0 la fois vos cheveux et l\u2019environnement.<\/p>\t\t\t\t\t\t\t\t<\/div>\n\t\t\t\t<\/div>\n\t\t\t\t<div class=\"elementor-element elementor-element-8a51192 elementor-widget elementor-widget-text-editor\" data-id=\"8a51192\" data-element_type=\"widget\" data-e-type=\"widget\" data-widget_type=\"text-editor.default\">\n\t\t\t\t<div class=\"elementor-widget-container\">\n\t\t\t\t\t\t\t\t\t<p>Pour nous, il est primordial que nos clients sachent ce qu\u2019il y a dans les produits qu\u2019ils ach\u00e8tent. Nous vous offrons donc la possibilit\u00e9 de survoler chaque ingr\u00e9dient pour voir et comprendre son utilit\u00e9 sous la rubrique \u2018composition\u2019 de chaque produit. Toutes nos gammes sont vegan, sans paraben, sans sulfates, sans huiles min\u00e9rales, sans paraffine, sans silicone et d\u00e9velopp\u00e9es au Br\u00e9sil.<\/p><p>Brasileia Cosmetics continuera \u00e0 d\u00e9velopper des lignes et des gammes uniques et innovantes inspir\u00e9es de la nature, pour que vous puissiez trouver votre bonheur, peu importe votre type de cheveux, car dans chaque cheveu il y a une beaut\u00e9 pr\u00eate \u00e0 \u00eatre r\u00e9v\u00e9l\u00e9e.<\/p>\t\t\t\t\t\t\t\t<\/div>\n\t\t\t\t<\/div>\n\t\t\t\t\t<\/div>\n\t\t<\/div>\n\t\t\t\t\t<\/div>\n\t\t<\/section>\n\t\t\t\t<section class=\"elementor-section elementor-top-section elementor-element elementor-element-e4a556a elementor-section-content-middle elementor-section-boxed elementor-section-height-default elementor-section-height-default\" data-id=\"e4a556a\" data-element_type=\"section\" data-e-type=\"section\" data-settings=\"{&quot;background_background&quot;:&quot;classic&quot;}\">\n\t\t\t\t\t\t<div class=\"elementor-container elementor-column-gap-no\">\n\t\t\t\t\t<div class=\"elementor-column elementor-col-50 elementor-top-column elementor-element elementor-element-da0726a\" data-id=\"da0726a\" data-element_type=\"column\" data-e-type=\"column\">\n\t\t\t<div class=\"elementor-widget-wrap elementor-element-populated\">\n\t\t\t\t\t\t<div class=\"elementor-element elementor-element-23d0404 elementor-widget elementor-widget-heading\" data-id=\"23d0404\" data-element_type=\"widget\" data-e-type=\"widget\" data-widget_type=\"heading.default\">\n\t\t\t\t<div class=\"elementor-widget-container\">\n\t\t\t\t\t<h4 class=\"elementor-heading-title elementor-size-default\">BRASILEIA COSMETICS<\/h4>\t\t\t\t<\/div>\n\t\t\t\t<\/div>\n\t\t\t\t<div class=\"elementor-element elementor-element-c875ae6 elementor-widget elementor-widget-text-editor\" data-id=\"c875ae6\" data-element_type=\"widget\" data-e-type=\"widget\" data-widget_type=\"text-editor.default\">\n\t\t\t\t<div class=\"elementor-widget-container\">\n\t\t\t\t\t\t\t\t\t<p>Brasileia Cosmetics travaille continuellement \u00e0 l\u2019innovation et \u00e0 la technologie en donnant la priorit\u00e9 \u00e0 la nature et \u00e0 ses ressources. Ainsi, toute notre production est vegan et exempte de tout ingr\u00e9dient d\u2019origine animale, et nous ne r\u00e9alisons pas de tests sur les animaux.<\/p>\t\t\t\t\t\t\t\t<\/div>\n\t\t\t\t<\/div>\n\t\t\t\t<div class=\"elementor-element elementor-element-5cbb416 elementor-widget elementor-widget-image\" data-id=\"5cbb416\" data-element_type=\"widget\" data-e-type=\"widget\" data-widget_type=\"image.default\">\n\t\t\t\t<div class=\"elementor-widget-container\">\n\t\t\t\t\t\t\t\t\t\t\t\t\t\t\t<img decoding=\"async\" width=\"252\" height=\"110\" src=\"https:\/\/brasileia.shop\/wp-content\/uploads\/2023\/08\/Qui-Que-Tu-Sois-Sois-Incroyable-2.png\" class=\"attachment-full size-full wp-image-2409\" alt=\"\" \/>\t\t\t\t\t\t\t\t\t\t\t\t\t\t\t<\/div>\n\t\t\t\t<\/div>\n\t\t\t\t\t<\/div>\n\t\t<\/div>\n\t\t\t\t<div class=\"elementor-column elementor-col-50 elementor-top-column elementor-element elementor-element-5060781\" data-id=\"5060781\" data-element_type=\"column\" data-e-type=\"column\">\n\t\t\t<div class=\"elementor-widget-wrap elementor-element-populated\">\n\t\t\t\t\t\t<div class=\"elementor-element elementor-element-df9d8cd elementor-widget elementor-widget-video\" data-id=\"df9d8cd\" data-element_type=\"widget\" data-e-type=\"widget\" data-settings=\"{&quot;youtube_url&quot;:&quot;https:\\\/\\\/youtu.be\\\/JyNt32Cdtro&quot;,&quot;video_type&quot;:&quot;youtube&quot;,&quot;controls&quot;:&quot;yes&quot;}\" data-widget_type=\"video.default\">\n\t\t\t\t<div class=\"elementor-widget-container\">\n\t\t\t\t\t\t\t<div class=\"elementor-wrapper elementor-open-inline\">\n\t\t\t<div class=\"elementor-video\"><\/div>\t\t<\/div>\n\t\t\t\t\t\t<\/div>\n\t\t\t\t<\/div>\n\t\t\t\t\t<\/div>\n\t\t<\/div>\n\t\t\t\t\t<\/div>\n\t\t<\/section>\n\t\t\t\t<section class=\"elementor-section elementor-top-section elementor-element elementor-element-a095aed elementor-section-boxed elementor-section-height-default elementor-section-height-default\" data-id=\"a095aed\" data-element_type=\"section\" data-e-type=\"section\">\n\t\t\t\t\t\t<div class=\"elementor-container elementor-column-gap-default\">\n\t\t\t\t\t<div class=\"elementor-column elementor-col-33 elementor-top-column elementor-element elementor-element-9be36eb\" data-id=\"9be36eb\" data-element_type=\"column\" data-e-type=\"column\">\n\t\t\t<div class=\"elementor-widget-wrap elementor-element-populated\">\n\t\t\t\t\t\t<div class=\"elementor-element elementor-element-cb1c76d elementor-position-top elementor-widget elementor-widget-image-box\" data-id=\"cb1c76d\" data-element_type=\"widget\" data-e-type=\"widget\" data-widget_type=\"image-box.default\">\n\t\t\t\t<div class=\"elementor-widget-container\">\n\t\t\t\t\t<div class=\"elementor-image-box-wrapper\"><figure class=\"elementor-image-box-img\"><img decoding=\"async\" width=\"612\" height=\"612\" src=\"https:\/\/brasileia.shop\/wp-content\/uploads\/2023\/11\/MISSION.png\" class=\"attachment-full size-full wp-image-4352\" alt=\"\" srcset=\"https:\/\/brasileia.shop\/wp-content\/uploads\/2023\/11\/MISSION.png 612w, https:\/\/brasileia.shop\/wp-content\/uploads\/2023\/11\/MISSION-300x300.png 300w, https:\/\/brasileia.shop\/wp-content\/uploads\/2023\/11\/MISSION-150x150.png 150w, https:\/\/brasileia.shop\/wp-content\/uploads\/2023\/11\/MISSION-600x600.png 600w, https:\/\/brasileia.shop\/wp-content\/uploads\/2023\/11\/MISSION-504x504.png 504w, https:\/\/brasileia.shop\/wp-content\/uploads\/2023\/11\/MISSION-100x100.png 100w\" sizes=\"(max-width: 612px) 100vw, 612px\" \/><\/figure><div class=\"elementor-image-box-content\"><h3 class=\"elementor-image-box-title\">MISSION<\/h3><p class=\"elementor-image-box-description\">Offrir \u00e0 nos clients la meilleure qualit\u00e9 de produits professionnels et de produits de soins pour\ntous types de cheveux en alliant qualit\u00e9 et innovation \u00e0 un prix accessible.<\/p><\/div><\/div>\t\t\t\t<\/div>\n\t\t\t\t<\/div>\n\t\t\t\t\t<\/div>\n\t\t<\/div>\n\t\t\t\t<div class=\"elementor-column elementor-col-33 elementor-top-column elementor-element elementor-element-ca0ee0e\" data-id=\"ca0ee0e\" data-element_type=\"column\" data-e-type=\"column\">\n\t\t\t<div class=\"elementor-widget-wrap elementor-element-populated\">\n\t\t\t\t\t\t<div class=\"elementor-element elementor-element-dee0f07 elementor-position-top elementor-widget elementor-widget-image-box\" data-id=\"dee0f07\" data-element_type=\"widget\" data-e-type=\"widget\" data-widget_type=\"image-box.default\">\n\t\t\t\t<div class=\"elementor-widget-container\">\n\t\t\t\t\t<div class=\"elementor-image-box-wrapper\"><figure class=\"elementor-image-box-img\"><img loading=\"lazy\" decoding=\"async\" width=\"612\" height=\"612\" src=\"https:\/\/brasileia.shop\/wp-content\/uploads\/2023\/11\/VISION.png\" class=\"attachment-full size-full wp-image-4353\" alt=\"\" srcset=\"https:\/\/brasileia.shop\/wp-content\/uploads\/2023\/11\/VISION.png 612w, https:\/\/brasileia.shop\/wp-content\/uploads\/2023\/11\/VISION-300x300.png 300w, https:\/\/brasileia.shop\/wp-content\/uploads\/2023\/11\/VISION-150x150.png 150w, https:\/\/brasileia.shop\/wp-content\/uploads\/2023\/11\/VISION-600x600.png 600w, https:\/\/brasileia.shop\/wp-content\/uploads\/2023\/11\/VISION-504x504.png 504w, https:\/\/brasileia.shop\/wp-content\/uploads\/2023\/11\/VISION-100x100.png 100w\" sizes=\"(max-width: 612px) 100vw, 612px\" \/><\/figure><div class=\"elementor-image-box-content\"><h3 class=\"elementor-image-box-title\">VISION<\/h3><p class=\"elementor-image-box-description\">En d\u00e9veloppant des produits de haute qualit\u00e9, naturels, innovants et respectueux du consommateur\net de l\u2019environnement, nous visons \u00e0 :<br>\n+ Prendre la position de leader du march\u00e9 dans le segment des produits de soins capillaires\nsur le march\u00e9 tunisien et p\u00e9n\u00e9trer d\u2019autres march\u00e9s d\u2019Afrique.<br>\n+ Devenir le premier choix des particuliers et des professionnels.<\/p><\/div><\/div>\t\t\t\t<\/div>\n\t\t\t\t<\/div>\n\t\t\t\t\t<\/div>\n\t\t<\/div>\n\t\t\t\t<div class=\"elementor-column elementor-col-33 elementor-top-column elementor-element elementor-element-f80acca\" data-id=\"f80acca\" data-element_type=\"column\" data-e-type=\"column\">\n\t\t\t<div class=\"elementor-widget-wrap elementor-element-populated\">\n\t\t\t\t\t\t<div class=\"elementor-element elementor-element-76bff30 elementor-position-top elementor-widget elementor-widget-image-box\" data-id=\"76bff30\" data-element_type=\"widget\" data-e-type=\"widget\" data-widget_type=\"image-box.default\">\n\t\t\t\t<div class=\"elementor-widget-container\">\n\t\t\t\t\t<div class=\"elementor-image-box-wrapper\"><figure class=\"elementor-image-box-img\"><img loading=\"lazy\" decoding=\"async\" width=\"612\" height=\"612\" src=\"https:\/\/brasileia.shop\/wp-content\/uploads\/2023\/11\/VALEURS.png\" class=\"attachment-full size-full wp-image-4354\" alt=\"\" srcset=\"https:\/\/brasileia.shop\/wp-content\/uploads\/2023\/11\/VALEURS.png 612w, https:\/\/brasileia.shop\/wp-content\/uploads\/2023\/11\/VALEURS-300x300.png 300w, https:\/\/brasileia.shop\/wp-content\/uploads\/2023\/11\/VALEURS-150x150.png 150w, https:\/\/brasileia.shop\/wp-content\/uploads\/2023\/11\/VALEURS-600x600.png 600w, https:\/\/brasileia.shop\/wp-content\/uploads\/2023\/11\/VALEURS-504x504.png 504w, https:\/\/brasileia.shop\/wp-content\/uploads\/2023\/11\/VALEURS-100x100.png 100w\" sizes=\"(max-width: 612px) 100vw, 612px\" \/><\/figure><div class=\"elementor-image-box-content\"><h3 class=\"elementor-image-box-title\">VALEURS<\/h3><p class=\"elementor-image-box-description\">Notre activit\u00e9 commerciale est guid\u00e9e par les valeurs suivantes :<br>\n\u2013 Engagement<br>\n\u2013 Excellence<br>\n\u2013 \u00c9thique<br>\n\u2013 Respect<br>\n\u2013 Confiance<\/p><\/div><\/div>\t\t\t\t<\/div>\n\t\t\t\t<\/div>\n\t\t\t\t\t<\/div>\n\t\t<\/div>\n\t\t\t\t\t<\/div>\n\t\t<\/section>\n\t\t\t\t<\/div>\n\t\t","protected":false},"excerpt":{"rendered":"<p>Mohamed (tunisien) et L\u00e9ia (br\u00e9silienne) se sont rencontr\u00e9s en Chine il y a plus de 20 ans. Ils se sont mari\u00e9s, ont eu deux enfants, et ont d\u00e9cid\u00e9 en 2013 de d\u00e9m\u00e9nager d\u00e9finitivement en Tunisie. L\u00e9ia a rencontr\u00e9 des difficult\u00e9s \u00e0 trouver de bons produits capillaires pouvant satisfaire ses besoins en termes de qualit\u00e9 et [&hellip;]<\/p>\n","protected":false},"author":1,"featured_media":0,"parent":0,"menu_order":0,"comment_status":"closed","ping_status":"closed","template":"","meta":{"ocean_post_layout":"full-width","ocean_both_sidebars_style":"","ocean_both_sidebars_content_width":0,"ocean_both_sidebars_sidebars_width":0,"ocean_sidebar":"","ocean_second_sidebar":"","ocean_disable_margins":"enable","ocean_add_body_class":"","ocean_shortcode_before_top_bar":"","ocean_shortcode_after_top_bar":"","ocean_shortcode_before_header":"","ocean_shortcode_after_header":"","ocean_has_shortcode":"","ocean_shortcode_after_title":"","ocean_shortcode_before_footer_widgets":"","ocean_shortcode_after_footer_widgets":"","ocean_shortcode_before_footer_bottom":"","ocean_shortcode_after_footer_bottom":"","ocean_display_top_bar":"default","ocean_display_header":"default","ocean_header_style":"","ocean_center_header_left_menu":"","ocean_custom_header_template":"","ocean_custom_logo":0,"ocean_custom_retina_logo":0,"ocean_custom_logo_max_width":0,"ocean_custom_logo_tablet_max_width":0,"ocean_custom_logo_mobile_max_width":0,"ocean_custom_logo_max_height":0,"ocean_custom_logo_tablet_max_height":0,"ocean_custom_logo_mobile_max_height":0,"ocean_header_custom_menu":"","ocean_menu_typo_font_family":"","ocean_menu_typo_font_subset":"","ocean_menu_typo_font_size":0,"ocean_menu_typo_font_size_tablet":0,"ocean_menu_typo_font_size_mobile":0,"ocean_menu_typo_font_size_unit":"px","ocean_menu_typo_font_weight":"","ocean_menu_typo_font_weight_tablet":"","ocean_menu_typo_font_weight_mobile":"","ocean_menu_typo_transform":"","ocean_menu_typo_transform_tablet":"","ocean_menu_typo_transform_mobile":"","ocean_menu_typo_line_height":0,"ocean_menu_typo_line_height_tablet":0,"ocean_menu_typo_line_height_mobile":0,"ocean_menu_typo_line_height_unit":"","ocean_menu_typo_spacing":0,"ocean_menu_typo_spacing_tablet":0,"ocean_menu_typo_spacing_mobile":0,"ocean_menu_typo_spacing_unit":"","ocean_menu_link_color":"","ocean_menu_link_color_hover":"","ocean_menu_link_color_active":"","ocean_menu_link_background":"","ocean_menu_link_hover_background":"","ocean_menu_link_active_background":"","ocean_menu_social_links_bg":"","ocean_menu_social_hover_links_bg":"","ocean_menu_social_links_color":"","ocean_menu_social_hover_links_color":"","ocean_disable_title":"default","ocean_disable_heading":"default","ocean_post_title":"","ocean_post_subheading":"","ocean_post_title_style":"","ocean_post_title_background_color":"","ocean_post_title_background":0,"ocean_post_title_bg_image_position":"","ocean_post_title_bg_image_attachment":"","ocean_post_title_bg_image_repeat":"","ocean_post_title_bg_image_size":"","ocean_post_title_height":0,"ocean_post_title_bg_overlay":0.5,"ocean_post_title_bg_overlay_color":"","ocean_disable_breadcrumbs":"default","ocean_breadcrumbs_color":"","ocean_breadcrumbs_separator_color":"","ocean_breadcrumbs_links_color":"","ocean_breadcrumbs_links_hover_color":"","ocean_display_footer_widgets":"default","ocean_display_footer_bottom":"default","ocean_custom_footer_template":"","footnotes":""},"class_list":["post-4298","page","type-page","status-publish","hentry","entry","owp-thumbs-layout-horizontal","owp-btn-normal","owp-tabs-layout-horizontal","has-no-thumbnails","has-product-nav"],"jetpack_sharing_enabled":true,"_links":{"self":[{"href":"https:\/\/brasileia.shop\/index.php\/wp-json\/wp\/v2\/pages\/4298","targetHints":{"allow":["GET"]}}],"collection":[{"href":"https:\/\/brasileia.shop\/index.php\/wp-json\/wp\/v2\/pages"}],"about":[{"href":"https:\/\/brasileia.shop\/index.php\/wp-json\/wp\/v2\/types\/page"}],"author":[{"embeddable":true,"href":"https:\/\/brasileia.shop\/index.php\/wp-json\/wp\/v2\/users\/1"}],"replies":[{"embeddable":true,"href":"https:\/\/brasileia.shop\/index.php\/wp-json\/wp\/v2\/comments?post=4298"}],"version-history":[{"count":19,"href":"https:\/\/brasileia.shop\/index.php\/wp-json\/wp\/v2\/pages\/4298\/revisions"}],"predecessor-version":[{"id":4582,"href":"https:\/\/brasileia.shop\/index.php\/wp-json\/wp\/v2\/pages\/4298\/revisions\/4582"}],"wp:attachment":[{"href":"https:\/\/brasileia.shop\/index.php\/wp-json\/wp\/v2\/media?parent=4298"}],"curies":[{"name":"wp","href":"https:\/\/api.w.org\/{rel}","templated":true}]}}