{"id":1267,"date":"2023-06-15T09:19:10","date_gmt":"2023-06-15T09:19:10","guid":{"rendered":"https:\/\/brasileia.shop\/?post_type=product&#038;p=1267"},"modified":"2024-11-22T06:40:59","modified_gmt":"2024-11-22T06:40:59","slug":"gamme-avocado-power","status":"publish","type":"product","link":"https:\/\/brasileia.shop\/index.php\/product\/gamme-avocado-power\/","title":{"rendered":"GAMME AVOCADO POWER"},"content":{"rendered":"\t\t<div data-elementor-type=\"wp-post\" data-elementor-id=\"1267\" class=\"elementor elementor-1267\">\n\t\t\t\t\t\t<section class=\"elementor-section elementor-top-section elementor-element elementor-element-1a0322b2 elementor-section-boxed elementor-section-height-default elementor-section-height-default\" data-id=\"1a0322b2\" data-element_type=\"section\" data-e-type=\"section\">\n\t\t\t\t\t\t<div class=\"elementor-container elementor-column-gap-default\">\n\t\t\t\t\t<div class=\"elementor-column elementor-col-100 elementor-top-column elementor-element elementor-element-2e14bd06\" data-id=\"2e14bd06\" data-element_type=\"column\" data-e-type=\"column\">\n\t\t\t<div class=\"elementor-widget-wrap elementor-element-populated\">\n\t\t\t\t\t\t<div class=\"elementor-element elementor-element-45d6da3a elementor-widget elementor-widget-text-editor\" data-id=\"45d6da3a\" data-element_type=\"widget\" data-e-type=\"widget\" data-widget_type=\"text-editor.default\">\n\t\t\t\t<div class=\"elementor-widget-container\">\n\t\t\t\t\t\t\t\t\t<p>Id\u00e9al pour cheveux secs, ternes, ab\u00eem\u00e9s et pour la chute des cheveux La gamme <strong>AVOCADO POWER<\/strong> de la <em><strong>LIGNE BOTANIQUE<\/strong><\/em> de la marque br\u00e9silienne <strong>BRASILEIA<\/strong><strong>COSMETICS<\/strong> apporte toute la puissance de l&rsquo;avocat pour une r\u00e9paration avanc\u00e9e des cheveux. Le beurre d&rsquo;avocat 100% v\u00e9g\u00e9tal a une action antioxydante et r\u00e9paratrice et, associ\u00e9 \u00e0 un puissant complexe d&rsquo;acides amin\u00e9s, il inverse les dommages subis par la fibre capillaire et restaure la mall\u00e9abilit\u00e9 des cheveux. <strong><br \/>R\u00e9sultat :<\/strong> des cheveux restaur\u00e9s, brillants et doux.<\/p><p style=\"font-weight: 400;\"><strong>LES ACTIFS<\/strong><\/p><p style=\"font-weight: 400;\"><strong>Le beurre d\u2019avocat<\/strong><br \/>Le beurre d&rsquo;avocat, extrait de la pulpe d&rsquo;avocat, est riche en nutriments b\u00e9n\u00e9fiques pour les cheveux. Il est riche en acides gras, notamment en acide ol\u00e9ique, qui aide \u00e0 hydrater et \u00e0 nourrir les cheveux en profondeur. Il est particuli\u00e8rement utile pour les cheveux secs et ab\u00eem\u00e9s gr\u00e2ce \u00e0 sa forte contenance des prot\u00e9ines et des acides amin\u00e9s. Les vitamines A, D, et E pr\u00e9sentes dans le beurre d&rsquo;avocat contribuent \u00e0 nourrir les cheveux, favorisant ainsi leur sant\u00e9 et leur brillance. En raison de ses propri\u00e9t\u00e9s \u00e9mollientes aussi, le beurre d&rsquo;avocat peut aider \u00e0 pr\u00e9venir les pointes fourchues en maintenant l&rsquo;hydratation des cheveux et assouplir et dompter les cheveux \u00e9pais et cr\u00e9pus. Finalement, le beurre d&rsquo;avocat a des propri\u00e9t\u00e9s apaisantes et anti-inflammatoires qui peuvent aider \u00e0 soulager les irritations du cuir chevelu, y compris les d\u00e9mangeaisons et les rougeurs, sans oublier les propri\u00e9t\u00e9s anti-oxydantes prot\u00e9geant les cheveux des dommages caus\u00e9s par les radicaux libres, r\u00e9sultant souvent de l&rsquo;exposition aux rayons UV et \u00e0 la pollution.<\/p><p style=\"font-weight: 400;\"><strong>Complexe d\u2019acides amin\u00e9s<\/strong><br \/>Les acides amin\u00e9s, en particulier la cyst\u00e9ine, la m\u00e9thionine et la k\u00e9ratine, sont des composants essentiels de la structure des cheveux. Un apport ad\u00e9quat en acides amin\u00e9s peut contribuer au renforcement de la fibre capillaire. Ils peuvent aider \u00e0 r\u00e9parer les cheveux endommag\u00e9s en favorisant la r\u00e9g\u00e9n\u00e9ration des cellules capillaires et en renfor\u00e7ant la structure prot\u00e9ique des cheveux. Certains acides amin\u00e9s, comme la proline et l&rsquo;arginine, contribuent \u00e0 maintenir l&rsquo;hydratation des cheveux, ce qui est crucial pour des cheveux sains et souples en am\u00e9liorant la brillance des cheveux et en renfor\u00e7ant la cuticule capillaire. Les acides amin\u00e9s, en particulier la k\u00e9ratine, jouent un r\u00f4le essentiel dans la pr\u00e9servation de l&rsquo;\u00e9lasticit\u00e9 des cheveux, ce qui est important pour \u00e9viter la rupture et pr\u00e9venir la casse et la fragilit\u00e9. Certains acides amin\u00e9s, comme la m\u00e9thionine et la cyst\u00e9ine, sont associ\u00e9s \u00e0 la synth\u00e8se des prot\u00e9ines, ce qui peut favoriser la croissance des cheveux en nourrissant les follicules pileux.<\/p>\t\t\t\t\t\t\t\t<\/div>\n\t\t\t\t<\/div>\n\t\t\t\t\t<\/div>\n\t\t<\/div>\n\t\t\t\t\t<\/div>\n\t\t<\/section>\n\t\t\t\t<section class=\"elementor-section elementor-top-section elementor-element elementor-element-83dfe5b elementor-section-stretched elementor-section-boxed elementor-section-height-default elementor-section-height-default\" data-id=\"83dfe5b\" data-element_type=\"section\" data-e-type=\"section\" data-settings=\"{&quot;stretch_section&quot;:&quot;section-stretched&quot;,&quot;background_background&quot;:&quot;classic&quot;}\">\n\t\t\t\t\t\t<div class=\"elementor-container elementor-column-gap-default\">\n\t\t\t\t\t<div class=\"elementor-column elementor-col-100 elementor-top-column elementor-element elementor-element-40a4971\" data-id=\"40a4971\" data-element_type=\"column\" data-e-type=\"column\">\n\t\t\t<div class=\"elementor-widget-wrap elementor-element-populated\">\n\t\t\t\t\t\t<section class=\"elementor-section elementor-inner-section elementor-element elementor-element-576e809 elementor-section-boxed elementor-section-height-default elementor-section-height-default\" data-id=\"576e809\" data-element_type=\"section\" data-e-type=\"section\">\n\t\t\t\t\t\t<div class=\"elementor-container elementor-column-gap-default\">\n\t\t\t\t\t<div class=\"elementor-column elementor-col-25 elementor-inner-column elementor-element elementor-element-85d08ba\" data-id=\"85d08ba\" data-element_type=\"column\" data-e-type=\"column\">\n\t\t\t<div class=\"elementor-widget-wrap\">\n\t\t\t\t\t\t\t<\/div>\n\t\t<\/div>\n\t\t\t\t<div class=\"elementor-column elementor-col-25 elementor-inner-column elementor-element elementor-element-215c4fe\" data-id=\"215c4fe\" data-element_type=\"column\" data-e-type=\"column\">\n\t\t\t<div class=\"elementor-widget-wrap elementor-element-populated\">\n\t\t\t\t\t\t<div class=\"elementor-element elementor-element-9545086 elementor-position-top elementor-widget elementor-widget-image-box\" data-id=\"9545086\" data-element_type=\"widget\" data-e-type=\"widget\" data-widget_type=\"image-box.default\">\n\t\t\t\t<div class=\"elementor-widget-container\">\n\t\t\t\t\t<div class=\"elementor-image-box-wrapper\"><figure class=\"elementor-image-box-img\"><img fetchpriority=\"high\" decoding=\"async\" width=\"300\" height=\"300\" src=\"https:\/\/brasileia.shop\/wp-content\/uploads\/2023\/06\/Beurre-davocat-300x300-1.gif\" class=\"attachment-full size-full wp-image-4002\" alt=\"\" \/><\/figure><div class=\"elementor-image-box-content\"><h3 class=\"elementor-image-box-title\">BEURRE D\u2019AVOCAT <\/h3><p class=\"elementor-image-box-description\">R\u00e9paration &amp; Restauration<\/p><\/div><\/div>\t\t\t\t<\/div>\n\t\t\t\t<\/div>\n\t\t\t\t\t<\/div>\n\t\t<\/div>\n\t\t\t\t<div class=\"elementor-column elementor-col-25 elementor-inner-column elementor-element elementor-element-b2ac240\" data-id=\"b2ac240\" data-element_type=\"column\" data-e-type=\"column\">\n\t\t\t<div class=\"elementor-widget-wrap elementor-element-populated\">\n\t\t\t\t\t\t<div class=\"elementor-element elementor-element-808cf14 elementor-position-top elementor-widget elementor-widget-image-box\" data-id=\"808cf14\" data-element_type=\"widget\" data-e-type=\"widget\" data-widget_type=\"image-box.default\">\n\t\t\t\t<div class=\"elementor-widget-container\">\n\t\t\t\t\t<div class=\"elementor-image-box-wrapper\"><figure class=\"elementor-image-box-img\"><img decoding=\"async\" width=\"300\" height=\"300\" src=\"https:\/\/brasileia.shop\/wp-content\/uploads\/2023\/10\/complexe-dacides-amines-2.gif\" class=\"attachment-full size-full wp-image-4419\" alt=\"\" \/><\/figure><div class=\"elementor-image-box-content\"><h3 class=\"elementor-image-box-title\">COMPLEXE D\u2019ACIDES AMIN\u00c9S <\/h3><p class=\"elementor-image-box-description\">R\u00e9paration &amp; Brillance<\/p><\/div><\/div>\t\t\t\t<\/div>\n\t\t\t\t<\/div>\n\t\t\t\t\t<\/div>\n\t\t<\/div>\n\t\t\t\t<div class=\"elementor-column elementor-col-25 elementor-inner-column elementor-element elementor-element-cfd139f\" data-id=\"cfd139f\" data-element_type=\"column\" data-e-type=\"column\">\n\t\t\t<div class=\"elementor-widget-wrap\">\n\t\t\t\t\t\t\t<\/div>\n\t\t<\/div>\n\t\t\t\t\t<\/div>\n\t\t<\/section>\n\t\t\t\t\t<\/div>\n\t\t<\/div>\n\t\t\t\t\t<\/div>\n\t\t<\/section>\n\t\t\t\t<\/div>\n\t\t","protected":false},"excerpt":{"rendered":"<p>Id\u00e9al pour cheveux secs, ternes, ab\u00eem\u00e9s et pour la chute des cheveux La gamme AVOCADO POWER de la LIGNE BOTANIQUE de la marque br\u00e9silienne BRASILEIACOSMETICS apporte toute la puissance de l&rsquo;avocat pour une r\u00e9paration avanc\u00e9e des cheveux. Le beurre d&rsquo;avocat 100% v\u00e9g\u00e9tal a une action antioxydante et r\u00e9paratrice et, associ\u00e9 \u00e0 un puissant complexe d&rsquo;acides [&hellip;]<\/p>\n","protected":false},"featured_media":4450,"comment_status":"open","ping_status":"closed","template":"","meta":{"ocean_post_layout":"","ocean_both_sidebars_style":"","ocean_both_sidebars_content_width":0,"ocean_both_sidebars_sidebars_width":0,"ocean_sidebar":"0","ocean_second_sidebar":"0","ocean_disable_margins":"enable","ocean_add_body_class":"","ocean_shortcode_before_top_bar":"","ocean_shortcode_after_top_bar":"","ocean_shortcode_before_header":"","ocean_shortcode_after_header":"","ocean_has_shortcode":"","ocean_shortcode_after_title":"","ocean_shortcode_before_footer_widgets":"","ocean_shortcode_after_footer_widgets":"","ocean_shortcode_before_footer_bottom":"","ocean_shortcode_after_footer_bottom":"","ocean_display_top_bar":"default","ocean_display_header":"default","ocean_header_style":"","ocean_center_header_left_menu":"0","ocean_custom_header_template":"0","ocean_custom_logo":0,"ocean_custom_retina_logo":0,"ocean_custom_logo_max_width":0,"ocean_custom_logo_tablet_max_width":0,"ocean_custom_logo_mobile_max_width":0,"ocean_custom_logo_max_height":0,"ocean_custom_logo_tablet_max_height":0,"ocean_custom_logo_mobile_max_height":0,"ocean_header_custom_menu":"0","ocean_menu_typo_font_family":"0","ocean_menu_typo_font_subset":"","ocean_menu_typo_font_size":0,"ocean_menu_typo_font_size_tablet":0,"ocean_menu_typo_font_size_mobile":0,"ocean_menu_typo_font_size_unit":"px","ocean_menu_typo_font_weight":"","ocean_menu_typo_font_weight_tablet":"","ocean_menu_typo_font_weight_mobile":"","ocean_menu_typo_transform":"","ocean_menu_typo_transform_tablet":"","ocean_menu_typo_transform_mobile":"","ocean_menu_typo_line_height":0,"ocean_menu_typo_line_height_tablet":0,"ocean_menu_typo_line_height_mobile":0,"ocean_menu_typo_line_height_unit":"","ocean_menu_typo_spacing":0,"ocean_menu_typo_spacing_tablet":0,"ocean_menu_typo_spacing_mobile":0,"ocean_menu_typo_spacing_unit":"","ocean_menu_link_color":"","ocean_menu_link_color_hover":"","ocean_menu_link_color_active":"","ocean_menu_link_background":"","ocean_menu_link_hover_background":"","ocean_menu_link_active_background":"","ocean_menu_social_links_bg":"","ocean_menu_social_hover_links_bg":"","ocean_menu_social_links_color":"","ocean_menu_social_hover_links_color":"","ocean_disable_title":"default","ocean_disable_heading":"default","ocean_post_title":"","ocean_post_subheading":"","ocean_post_title_style":"","ocean_post_title_background_color":"","ocean_post_title_background":0,"ocean_post_title_bg_image_position":"","ocean_post_title_bg_image_attachment":"","ocean_post_title_bg_image_repeat":"","ocean_post_title_bg_image_size":"","ocean_post_title_height":0,"ocean_post_title_bg_overlay":0.5,"ocean_post_title_bg_overlay_color":"","ocean_disable_breadcrumbs":"default","ocean_breadcrumbs_color":"","ocean_breadcrumbs_separator_color":"","ocean_breadcrumbs_links_color":"","ocean_breadcrumbs_links_hover_color":"","ocean_display_footer_widgets":"default","ocean_display_footer_bottom":"default","ocean_custom_footer_template":"0"},"product_brand":[],"product_cat":[74,73],"product_tag":[],"class_list":{"0":"post-1267","1":"product","2":"type-product","3":"status-publish","4":"has-post-thumbnail","6":"product_cat-avocado-power","7":"product_cat-botanical-line","9":"entry","10":"has-media","12":"first","13":"instock","14":"sale","15":"taxable","16":"shipping-taxable","17":"purchasable","18":"product-type-simple","19":"has-rating","20":"has-product-nav","21":"col","22":"span_1_of_3","23":"owp-content-center","24":"owp-thumbs-layout-horizontal","25":"owp-btn-normal","26":"owp-tabs-layout-horizontal","27":"has-no-thumbnails"},"jetpack_sharing_enabled":true,"_links":{"self":[{"href":"https:\/\/brasileia.shop\/index.php\/wp-json\/wp\/v2\/product\/1267","targetHints":{"allow":["GET"]}}],"collection":[{"href":"https:\/\/brasileia.shop\/index.php\/wp-json\/wp\/v2\/product"}],"about":[{"href":"https:\/\/brasileia.shop\/index.php\/wp-json\/wp\/v2\/types\/product"}],"replies":[{"embeddable":true,"href":"https:\/\/brasileia.shop\/index.php\/wp-json\/wp\/v2\/comments?post=1267"}],"version-history":[{"count":23,"href":"https:\/\/brasileia.shop\/index.php\/wp-json\/wp\/v2\/product\/1267\/revisions"}],"predecessor-version":[{"id":4496,"href":"https:\/\/brasileia.shop\/index.php\/wp-json\/wp\/v2\/product\/1267\/revisions\/4496"}],"wp:featuredmedia":[{"embeddable":true,"href":"https:\/\/brasileia.shop\/index.php\/wp-json\/wp\/v2\/media\/4450"}],"wp:attachment":[{"href":"https:\/\/brasileia.shop\/index.php\/wp-json\/wp\/v2\/media?parent=1267"}],"wp:term":[{"taxonomy":"product_brand","embeddable":true,"href":"https:\/\/brasileia.shop\/index.php\/wp-json\/wp\/v2\/product_brand?post=1267"},{"taxonomy":"product_cat","embeddable":true,"href":"https:\/\/brasileia.shop\/index.php\/wp-json\/wp\/v2\/product_cat?post=1267"},{"taxonomy":"product_tag","embeddable":true,"href":"https:\/\/brasileia.shop\/index.php\/wp-json\/wp\/v2\/product_tag?post=1267"}],"curies":[{"name":"wp","href":"https:\/\/api.w.org\/{rel}","templated":true}]}}