{"id":1720,"date":"2023-07-21T14:23:05","date_gmt":"2023-07-21T14:23:05","guid":{"rendered":"https:\/\/brasileia.shop\/?post_type=product&#038;p=1720"},"modified":"2023-11-22T06:05:23","modified_gmt":"2023-11-22T06:05:23","slug":"gamme-olive-garden","status":"publish","type":"product","link":"https:\/\/brasileia.shop\/index.php\/product\/gamme-olive-garden\/","title":{"rendered":"GAMME OLIVE GARDEN"},"content":{"rendered":"\t\t<div data-elementor-type=\"wp-post\" data-elementor-id=\"1720\" class=\"elementor elementor-1720\">\n\t\t\t\t\t\t<section class=\"elementor-section elementor-top-section elementor-element elementor-element-310d47c elementor-section-boxed elementor-section-height-default elementor-section-height-default\" data-id=\"310d47c\" data-element_type=\"section\" data-e-type=\"section\">\n\t\t\t\t\t\t<div class=\"elementor-container elementor-column-gap-default\">\n\t\t\t\t\t<div class=\"elementor-column elementor-col-100 elementor-top-column elementor-element elementor-element-37298dde\" data-id=\"37298dde\" data-element_type=\"column\" data-e-type=\"column\">\n\t\t\t<div class=\"elementor-widget-wrap elementor-element-populated\">\n\t\t\t\t\t\t<div class=\"elementor-element elementor-element-eaae37 elementor-widget elementor-widget-text-editor\" data-id=\"eaae37\" data-element_type=\"widget\" data-e-type=\"widget\" data-widget_type=\"text-editor.default\">\n\t\t\t\t<div class=\"elementor-widget-container\">\n\t\t\t\t\t\t\t\t\t<p>La gamme <strong><em>OLIVE GARDEN <\/em><\/strong>de <strong>BRASILEIA COSMETICS<\/strong> apporte toute la puissance de l&rsquo;Huile d&rsquo;Olive et de la Vitamine C. L&rsquo;union des actifs permet une hydratation et une revitalisation imm\u00e9diate des cheveux. Des cheveux hydrat\u00e9s d\u00e8s le premier lavage.<br \/>Une gamme Vegan, ce qui signifie: non test\u00e9e sur les animaux et exempte d&rsquo;ingr\u00e9dients d&rsquo;origine animale.<\/p><p><strong>LES ACTIFS<\/strong><\/p><p><em><strong>L\u2019huile d\u2019olive<\/strong> <\/em><br \/>Elle est un ingr\u00e9dient naturel polyvalent et b\u00e9n\u00e9fique pour les cheveux. Elle est riche en acides gras, notamment en acide ol\u00e9ique, qui p\u00e9n\u00e8trent profond\u00e9ment dans les cheveux et aident \u00e0 les hydrater en profondeur. Elle r\u00e9pare aussi les pointes fourchues en scellant les cuticules endommag\u00e9es. Elle lutte contre les frisottis en apportant de l\u2019humidit\u00e9 et des propri\u00e9t\u00e9s adoucissantes et cela rend les cheveux plus faciles \u00e0 d\u00e9m\u00ealer et coiffer.<br \/>L\u2019huile d\u2019olive contient aussi des antioxydants qui peuvent stimuler la circulation sanguine au niveau du cuir chevelu, favorisant ainsi une meilleure croissance des cheveux.<br \/>Enfin, l\u2019huile d\u2019olive apporte de la brillance soulage le cuir chevelu des d\u00e9mangeaisons et r\u00e9duit les pellicules et les probl\u00e8mes associ\u00e9s au cuir chevelu.<\/p><p><em><strong>Vitamine C<\/strong><\/em><br \/>Elle contribue \u00e0 la synth\u00e8se du collag\u00e8ne, une prot\u00e9ine cruciale pour la sant\u00e9 globale des cheveux, leur donnant force et \u00e9lasticit\u00e9. Elle est un puissant antioxydant qui aide \u00e0 neutraliser les radicaux libres, ainsi pr\u00e9vient la casse et le vieillissement pr\u00e9matur\u00e9 des cheveux. La vitamine C renforce les cheveux fragiles et r\u00e9duit leur tendance \u00e0 se casser.\u00a0 Elle aide aussi \u00e0 r\u00e9guler la production du s\u00e9bum sur le cuir chevelu et \u00e0 am\u00e9liorer la pigmentation des cheveux puisqu\u2019elle joue un r\u00f4le dans la production de la m\u00e9lanine, le pigment responsable de la couleur des cheveux. Elle peut donc potentiellement contribuer \u00e0 maintenir la couleur naturelle des cheveux<\/p>\t\t\t\t\t\t\t\t<\/div>\n\t\t\t\t<\/div>\n\t\t\t\t\t<\/div>\n\t\t<\/div>\n\t\t\t\t\t<\/div>\n\t\t<\/section>\n\t\t\t\t<section class=\"elementor-section elementor-top-section elementor-element elementor-element-246cfcf elementor-section-stretched elementor-section-boxed elementor-section-height-default elementor-section-height-default\" data-id=\"246cfcf\" data-element_type=\"section\" data-e-type=\"section\" data-settings=\"{&quot;stretch_section&quot;:&quot;section-stretched&quot;,&quot;background_background&quot;:&quot;classic&quot;}\">\n\t\t\t\t\t\t<div class=\"elementor-container elementor-column-gap-default\">\n\t\t\t\t\t<div class=\"elementor-column elementor-col-100 elementor-top-column elementor-element elementor-element-5c474d2\" data-id=\"5c474d2\" data-element_type=\"column\" data-e-type=\"column\">\n\t\t\t<div class=\"elementor-widget-wrap elementor-element-populated\">\n\t\t\t\t\t\t<section class=\"elementor-section elementor-inner-section elementor-element elementor-element-3658192 elementor-section-boxed elementor-section-height-default elementor-section-height-default\" data-id=\"3658192\" data-element_type=\"section\" data-e-type=\"section\">\n\t\t\t\t\t\t<div class=\"elementor-container elementor-column-gap-default\">\n\t\t\t\t\t<div class=\"elementor-column elementor-col-25 elementor-inner-column elementor-element elementor-element-8ab207c\" data-id=\"8ab207c\" data-element_type=\"column\" data-e-type=\"column\">\n\t\t\t<div class=\"elementor-widget-wrap\">\n\t\t\t\t\t\t\t<\/div>\n\t\t<\/div>\n\t\t\t\t<div class=\"elementor-column elementor-col-25 elementor-inner-column elementor-element elementor-element-69cacfa\" data-id=\"69cacfa\" data-element_type=\"column\" data-e-type=\"column\">\n\t\t\t<div class=\"elementor-widget-wrap elementor-element-populated\">\n\t\t\t\t\t\t<div class=\"elementor-element elementor-element-3dc5a1b elementor-position-top elementor-widget elementor-widget-image-box\" data-id=\"3dc5a1b\" data-element_type=\"widget\" data-e-type=\"widget\" data-widget_type=\"image-box.default\">\n\t\t\t\t<div class=\"elementor-widget-container\">\n\t\t\t\t\t<div class=\"elementor-image-box-wrapper\"><figure class=\"elementor-image-box-img\"><img fetchpriority=\"high\" decoding=\"async\" width=\"300\" height=\"300\" src=\"https:\/\/brasileia.shop\/wp-content\/uploads\/2023\/07\/HUILE-DOLIVE-300x300-1.gif\" class=\"attachment-full size-full wp-image-3859\" alt=\"\" \/><\/figure><div class=\"elementor-image-box-content\"><h3 class=\"elementor-image-box-title\">HUILE D\u2019OLIVE<\/h3><p class=\"elementor-image-box-description\">Hydratant &amp; Apaisant<\/p><\/div><\/div>\t\t\t\t<\/div>\n\t\t\t\t<\/div>\n\t\t\t\t\t<\/div>\n\t\t<\/div>\n\t\t\t\t<div class=\"elementor-column elementor-col-25 elementor-inner-column elementor-element elementor-element-091320b\" data-id=\"091320b\" data-element_type=\"column\" data-e-type=\"column\">\n\t\t\t<div class=\"elementor-widget-wrap elementor-element-populated\">\n\t\t\t\t\t\t<div class=\"elementor-element elementor-element-2b1b583 elementor-position-top elementor-widget elementor-widget-image-box\" data-id=\"2b1b583\" data-element_type=\"widget\" data-e-type=\"widget\" data-widget_type=\"image-box.default\">\n\t\t\t\t<div class=\"elementor-widget-container\">\n\t\t\t\t\t<div class=\"elementor-image-box-wrapper\"><figure class=\"elementor-image-box-img\"><img decoding=\"async\" width=\"300\" height=\"300\" src=\"https:\/\/brasileia.shop\/wp-content\/uploads\/2023\/07\/VITAMINE-C-300x300-1.gif\" class=\"attachment-full size-full wp-image-3863\" alt=\"\" \/><\/figure><div class=\"elementor-image-box-content\"><h3 class=\"elementor-image-box-title\">VITAMINE C<\/h3><p class=\"elementor-image-box-description\">Stimulation &amp; Brillance<\/p><\/div><\/div>\t\t\t\t<\/div>\n\t\t\t\t<\/div>\n\t\t\t\t\t<\/div>\n\t\t<\/div>\n\t\t\t\t<div class=\"elementor-column elementor-col-25 elementor-inner-column elementor-element elementor-element-f47287a\" data-id=\"f47287a\" data-element_type=\"column\" data-e-type=\"column\">\n\t\t\t<div class=\"elementor-widget-wrap\">\n\t\t\t\t\t\t\t<\/div>\n\t\t<\/div>\n\t\t\t\t\t<\/div>\n\t\t<\/section>\n\t\t\t\t\t<\/div>\n\t\t<\/div>\n\t\t\t\t\t<\/div>\n\t\t<\/section>\n\t\t\t\t<\/div>\n\t\t","protected":false},"excerpt":{"rendered":"<p>La gamme OLIVE GARDEN de BRASILEIA COSMETICS apporte toute la puissance de l&rsquo;Huile d&rsquo;Olive et de la Vitamine C. L&rsquo;union des actifs permet une hydratation et une revitalisation imm\u00e9diate des cheveux. Des cheveux hydrat\u00e9s d\u00e8s le premier lavage.Une gamme Vegan, ce qui signifie: non test\u00e9e sur les animaux et exempte d&rsquo;ingr\u00e9dients d&rsquo;origine animale. LES ACTIFS [&hellip;]<\/p>\n","protected":false},"featured_media":4468,"comment_status":"open","ping_status":"closed","template":"","meta":{"ocean_post_layout":"","ocean_both_sidebars_style":"","ocean_both_sidebars_content_width":0,"ocean_both_sidebars_sidebars_width":0,"ocean_sidebar":"0","ocean_second_sidebar":"0","ocean_disable_margins":"enable","ocean_add_body_class":"","ocean_shortcode_before_top_bar":"","ocean_shortcode_after_top_bar":"","ocean_shortcode_before_header":"","ocean_shortcode_after_header":"","ocean_has_shortcode":"","ocean_shortcode_after_title":"","ocean_shortcode_before_footer_widgets":"","ocean_shortcode_after_footer_widgets":"","ocean_shortcode_before_footer_bottom":"","ocean_shortcode_after_footer_bottom":"","ocean_display_top_bar":"default","ocean_display_header":"default","ocean_header_style":"","ocean_center_header_left_menu":"0","ocean_custom_header_template":"0","ocean_custom_logo":0,"ocean_custom_retina_logo":0,"ocean_custom_logo_max_width":0,"ocean_custom_logo_tablet_max_width":0,"ocean_custom_logo_mobile_max_width":0,"ocean_custom_logo_max_height":0,"ocean_custom_logo_tablet_max_height":0,"ocean_custom_logo_mobile_max_height":0,"ocean_header_custom_menu":"0","ocean_menu_typo_font_family":"0","ocean_menu_typo_font_subset":"","ocean_menu_typo_font_size":0,"ocean_menu_typo_font_size_tablet":0,"ocean_menu_typo_font_size_mobile":0,"ocean_menu_typo_font_size_unit":"px","ocean_menu_typo_font_weight":"","ocean_menu_typo_font_weight_tablet":"","ocean_menu_typo_font_weight_mobile":"","ocean_menu_typo_transform":"","ocean_menu_typo_transform_tablet":"","ocean_menu_typo_transform_mobile":"","ocean_menu_typo_line_height":0,"ocean_menu_typo_line_height_tablet":0,"ocean_menu_typo_line_height_mobile":0,"ocean_menu_typo_line_height_unit":"","ocean_menu_typo_spacing":0,"ocean_menu_typo_spacing_tablet":0,"ocean_menu_typo_spacing_mobile":0,"ocean_menu_typo_spacing_unit":"","ocean_menu_link_color":"","ocean_menu_link_color_hover":"","ocean_menu_link_color_active":"","ocean_menu_link_background":"","ocean_menu_link_hover_background":"","ocean_menu_link_active_background":"","ocean_menu_social_links_bg":"","ocean_menu_social_hover_links_bg":"","ocean_menu_social_links_color":"","ocean_menu_social_hover_links_color":"","ocean_disable_title":"default","ocean_disable_heading":"default","ocean_post_title":"","ocean_post_subheading":"","ocean_post_title_style":"","ocean_post_title_background_color":"","ocean_post_title_background":0,"ocean_post_title_bg_image_position":"","ocean_post_title_bg_image_attachment":"","ocean_post_title_bg_image_repeat":"","ocean_post_title_bg_image_size":"","ocean_post_title_height":0,"ocean_post_title_bg_overlay":0.5,"ocean_post_title_bg_overlay_color":"","ocean_disable_breadcrumbs":"default","ocean_breadcrumbs_color":"","ocean_breadcrumbs_separator_color":"","ocean_breadcrumbs_links_color":"","ocean_breadcrumbs_links_hover_color":"","ocean_display_footer_widgets":"default","ocean_display_footer_bottom":"default","ocean_custom_footer_template":"0"},"product_brand":[],"product_cat":[73,77],"product_tag":[],"class_list":{"0":"post-1720","1":"product","2":"type-product","3":"status-publish","4":"has-post-thumbnail","6":"product_cat-botanical-line","7":"product_cat-olive-garden","9":"entry","10":"has-media","12":"first","13":"instock","14":"sale","15":"taxable","16":"shipping-taxable","17":"purchasable","18":"product-type-simple","19":"has-product-nav","20":"col","21":"span_1_of_3","22":"owp-content-center","23":"owp-thumbs-layout-horizontal","24":"owp-btn-normal","25":"owp-tabs-layout-horizontal","26":"has-no-thumbnails"},"jetpack_sharing_enabled":true,"_links":{"self":[{"href":"https:\/\/brasileia.shop\/index.php\/wp-json\/wp\/v2\/product\/1720","targetHints":{"allow":["GET"]}}],"collection":[{"href":"https:\/\/brasileia.shop\/index.php\/wp-json\/wp\/v2\/product"}],"about":[{"href":"https:\/\/brasileia.shop\/index.php\/wp-json\/wp\/v2\/types\/product"}],"replies":[{"embeddable":true,"href":"https:\/\/brasileia.shop\/index.php\/wp-json\/wp\/v2\/comments?post=1720"}],"version-history":[{"count":7,"href":"https:\/\/brasileia.shop\/index.php\/wp-json\/wp\/v2\/product\/1720\/revisions"}],"predecessor-version":[{"id":4540,"href":"https:\/\/brasileia.shop\/index.php\/wp-json\/wp\/v2\/product\/1720\/revisions\/4540"}],"wp:featuredmedia":[{"embeddable":true,"href":"https:\/\/brasileia.shop\/index.php\/wp-json\/wp\/v2\/media\/4468"}],"wp:attachment":[{"href":"https:\/\/brasileia.shop\/index.php\/wp-json\/wp\/v2\/media?parent=1720"}],"wp:term":[{"taxonomy":"product_brand","embeddable":true,"href":"https:\/\/brasileia.shop\/index.php\/wp-json\/wp\/v2\/product_brand?post=1720"},{"taxonomy":"product_cat","embeddable":true,"href":"https:\/\/brasileia.shop\/index.php\/wp-json\/wp\/v2\/product_cat?post=1720"},{"taxonomy":"product_tag","embeddable":true,"href":"https:\/\/brasileia.shop\/index.php\/wp-json\/wp\/v2\/product_tag?post=1720"}],"curies":[{"name":"wp","href":"https:\/\/api.w.org\/{rel}","templated":true}]}}