{"id":1766,"date":"2023-07-22T08:00:02","date_gmt":"2023-07-22T08:00:02","guid":{"rendered":"https:\/\/brasileia.shop\/?post_type=product&#038;p=1766"},"modified":"2023-11-22T06:13:11","modified_gmt":"2023-11-22T06:13:11","slug":"gamme-coco-jumbo","status":"publish","type":"product","link":"https:\/\/brasileia.shop\/index.php\/product\/gamme-coco-jumbo\/","title":{"rendered":"GAMME COCO JUMBO"},"content":{"rendered":"\t\t<div data-elementor-type=\"wp-post\" data-elementor-id=\"1766\" class=\"elementor elementor-1766\">\n\t\t\t\t\t\t<section class=\"elementor-section elementor-top-section elementor-element elementor-element-ee514b2 elementor-section-boxed elementor-section-height-default elementor-section-height-default\" data-id=\"ee514b2\" data-element_type=\"section\" data-e-type=\"section\">\n\t\t\t\t\t\t<div class=\"elementor-container elementor-column-gap-default\">\n\t\t\t\t\t<div class=\"elementor-column elementor-col-100 elementor-top-column elementor-element elementor-element-29931cf8\" data-id=\"29931cf8\" data-element_type=\"column\" data-e-type=\"column\">\n\t\t\t<div class=\"elementor-widget-wrap elementor-element-populated\">\n\t\t\t\t\t\t<div class=\"elementor-element elementor-element-125ae3f9 elementor-widget elementor-widget-text-editor\" data-id=\"125ae3f9\" data-element_type=\"widget\" data-e-type=\"widget\" data-widget_type=\"text-editor.default\">\n\t\t\t\t<div class=\"elementor-widget-container\">\n\t\t\t\t\t\t\t\t\t<p>La gamme <strong><em>Coco Jumbo <\/em><\/strong>de <strong>BRASILEIA COSMETICS<\/strong> apporte le pouvoir nourrissant de l&rsquo;Huile de Noix de Coco et de l&rsquo;Eau Thermale. La combinaison des principes actifs permet de nourrir et de revitaliser imm\u00e9diatement les cheveux. Des cheveux nourris et revitalis\u00e9s d\u00e8s le premier lavage.<br \/>Une gamme Vegan, ce qui signifie: non test\u00e9e sur les animaux et exempte d&rsquo;ingr\u00e9dients d&rsquo;origine animale.<\/p><p><strong>LES ACTIFS<\/strong><\/p><p><em><strong>L\u2019huile de coco<\/strong><\/em><br \/>Elle est riche en acides gras, ce qui aide \u00e0 hydrater et \u00e0 sceller l\u2019humidit\u00e9 dans les cheveux, les laissant doux et souples. Elle r\u00e9pare et r\u00e9duit les dommages caus\u00e9s par les traitements chimiques et la chaleur. L\u2019huile de coco peut aider aussi \u00e0 pr\u00e9venir la casse et les pointes fourchues en fortifiant les cheveux et en am\u00e9liorant leur \u00e9lasticit\u00e9. En plus, elle peut aider \u00e0 lisser la cuticule des cheveux, r\u00e9duisant ainsi les frisottis, am\u00e9liorant la brillance et rendant les cheveux plus souples et facile \u00e0 coiffer\/d\u00e9m\u00ealer en r\u00e9duisant les n\u0153uds et les enchev\u00eatrements.<\/p><p><em><strong>L\u2019eau thermale<\/strong><\/em><br \/>Elle est une eau naturelle puis\u00e9e en profondeur de la terre, riche en min\u00e9raux et en oligo-\u00e9l\u00e9ments. Elle est tr\u00e8s hydratante pour les cheveux puisqu\u2019elle peut p\u00e9n\u00e9trer la cuticule et fournir une hydratation en profondeur, rendant les cheveux plus doux et plus souples. L\u2019eau thermale poss\u00e8de aussi des propri\u00e9t\u00e9s apaisantes et anti-inflammatoires, ce qui peut aider \u00e0 prot\u00e9ger les cheveux contre les dommages caus\u00e9s par les radicaux libres, qui sont responsables du vieillissement pr\u00e9matur\u00e9 des cheveux.<br \/>Les min\u00e9raux pr\u00e9sents dans l\u2019eau thermale, tels que le silicium, le calcium et le magn\u00e9sium, peuvent aider \u00e0 renforcer la structure des cheveux, r\u00e9duisant ainsi la casse et les pointes fourchues et revitalisant les cheveux fatigu\u00e9s et ternes en les redonnant de la vitalit\u00e9 et de l\u2019\u00e9clat.<\/p>\t\t\t\t\t\t\t\t<\/div>\n\t\t\t\t<\/div>\n\t\t\t\t\t<\/div>\n\t\t<\/div>\n\t\t\t\t\t<\/div>\n\t\t<\/section>\n\t\t\t\t<section class=\"elementor-section elementor-top-section elementor-element elementor-element-cfbceae elementor-section-stretched elementor-section-boxed elementor-section-height-default elementor-section-height-default\" data-id=\"cfbceae\" data-element_type=\"section\" data-e-type=\"section\" data-settings=\"{&quot;stretch_section&quot;:&quot;section-stretched&quot;,&quot;background_background&quot;:&quot;classic&quot;}\">\n\t\t\t\t\t\t<div class=\"elementor-container elementor-column-gap-default\">\n\t\t\t\t\t<div class=\"elementor-column elementor-col-100 elementor-top-column elementor-element elementor-element-f820e29\" data-id=\"f820e29\" data-element_type=\"column\" data-e-type=\"column\">\n\t\t\t<div class=\"elementor-widget-wrap elementor-element-populated\">\n\t\t\t\t\t\t<section class=\"elementor-section elementor-inner-section elementor-element elementor-element-a683416 elementor-section-boxed elementor-section-height-default elementor-section-height-default\" data-id=\"a683416\" data-element_type=\"section\" data-e-type=\"section\">\n\t\t\t\t\t\t<div class=\"elementor-container elementor-column-gap-default\">\n\t\t\t\t\t<div class=\"elementor-column elementor-col-25 elementor-inner-column elementor-element elementor-element-685bc62\" data-id=\"685bc62\" data-element_type=\"column\" data-e-type=\"column\">\n\t\t\t<div class=\"elementor-widget-wrap\">\n\t\t\t\t\t\t\t<\/div>\n\t\t<\/div>\n\t\t\t\t<div class=\"elementor-column elementor-col-25 elementor-inner-column elementor-element elementor-element-ffbd0a6\" data-id=\"ffbd0a6\" data-element_type=\"column\" data-e-type=\"column\">\n\t\t\t<div class=\"elementor-widget-wrap elementor-element-populated\">\n\t\t\t\t\t\t<div class=\"elementor-element elementor-element-d355b28 elementor-position-top elementor-widget elementor-widget-image-box\" data-id=\"d355b28\" data-element_type=\"widget\" data-e-type=\"widget\" data-widget_type=\"image-box.default\">\n\t\t\t\t<div class=\"elementor-widget-container\">\n\t\t\t\t\t<div class=\"elementor-image-box-wrapper\"><figure class=\"elementor-image-box-img\"><img fetchpriority=\"high\" decoding=\"async\" width=\"300\" height=\"300\" src=\"https:\/\/brasileia.shop\/wp-content\/uploads\/2023\/07\/Huile-de-coco-300x300-1.png\" class=\"attachment-full size-full wp-image-3906\" alt=\"\" srcset=\"https:\/\/brasileia.shop\/wp-content\/uploads\/2023\/07\/Huile-de-coco-300x300-1.png 300w, https:\/\/brasileia.shop\/wp-content\/uploads\/2023\/07\/Huile-de-coco-300x300-1-150x150.png 150w, https:\/\/brasileia.shop\/wp-content\/uploads\/2023\/07\/Huile-de-coco-300x300-1-100x100.png 100w\" sizes=\"(max-width: 300px) 100vw, 300px\" \/><\/figure><div class=\"elementor-image-box-content\"><h3 class=\"elementor-image-box-title\">HUILE DE NOIX DE COCO<\/h3><p class=\"elementor-image-box-description\">Nutrition intense &amp; R\u00e9paration<\/p><\/div><\/div>\t\t\t\t<\/div>\n\t\t\t\t<\/div>\n\t\t\t\t\t<\/div>\n\t\t<\/div>\n\t\t\t\t<div class=\"elementor-column elementor-col-25 elementor-inner-column elementor-element elementor-element-9d36ed6\" data-id=\"9d36ed6\" data-element_type=\"column\" data-e-type=\"column\">\n\t\t\t<div class=\"elementor-widget-wrap elementor-element-populated\">\n\t\t\t\t\t\t<div class=\"elementor-element elementor-element-05af6c9 elementor-position-top elementor-widget elementor-widget-image-box\" data-id=\"05af6c9\" data-element_type=\"widget\" data-e-type=\"widget\" data-widget_type=\"image-box.default\">\n\t\t\t\t<div class=\"elementor-widget-container\">\n\t\t\t\t\t<div class=\"elementor-image-box-wrapper\"><figure class=\"elementor-image-box-img\"><img decoding=\"async\" width=\"300\" height=\"300\" src=\"https:\/\/brasileia.shop\/wp-content\/uploads\/2023\/07\/EAU-THERMALE-300x300-1.gif\" class=\"attachment-full size-full wp-image-3910\" alt=\"\" \/><\/figure><div class=\"elementor-image-box-content\"><h3 class=\"elementor-image-box-title\">EAU THERMALE<\/h3><p class=\"elementor-image-box-description\">Assainissant &amp; Purifiant<\/p><\/div><\/div>\t\t\t\t<\/div>\n\t\t\t\t<\/div>\n\t\t\t\t\t<\/div>\n\t\t<\/div>\n\t\t\t\t<div class=\"elementor-column elementor-col-25 elementor-inner-column elementor-element elementor-element-699199e\" data-id=\"699199e\" data-element_type=\"column\" data-e-type=\"column\">\n\t\t\t<div class=\"elementor-widget-wrap\">\n\t\t\t\t\t\t\t<\/div>\n\t\t<\/div>\n\t\t\t\t\t<\/div>\n\t\t<\/section>\n\t\t\t\t\t<\/div>\n\t\t<\/div>\n\t\t\t\t\t<\/div>\n\t\t<\/section>\n\t\t\t\t<\/div>\n\t\t","protected":false},"excerpt":{"rendered":"<p>La gamme Coco Jumbo de BRASILEIA COSMETICS apporte le pouvoir nourrissant de l&rsquo;Huile de Noix de Coco et de l&rsquo;Eau Thermale. La combinaison des principes actifs permet de nourrir et de revitaliser imm\u00e9diatement les cheveux. Des cheveux nourris et revitalis\u00e9s d\u00e8s le premier lavage.Une gamme Vegan, ce qui signifie: non test\u00e9e sur les animaux et [&hellip;]<\/p>\n","protected":false},"featured_media":4541,"comment_status":"open","ping_status":"closed","template":"","meta":{"ocean_post_layout":"","ocean_both_sidebars_style":"","ocean_both_sidebars_content_width":0,"ocean_both_sidebars_sidebars_width":0,"ocean_sidebar":"0","ocean_second_sidebar":"0","ocean_disable_margins":"enable","ocean_add_body_class":"","ocean_shortcode_before_top_bar":"","ocean_shortcode_after_top_bar":"","ocean_shortcode_before_header":"","ocean_shortcode_after_header":"","ocean_has_shortcode":"","ocean_shortcode_after_title":"","ocean_shortcode_before_footer_widgets":"","ocean_shortcode_after_footer_widgets":"","ocean_shortcode_before_footer_bottom":"","ocean_shortcode_after_footer_bottom":"","ocean_display_top_bar":"default","ocean_display_header":"default","ocean_header_style":"","ocean_center_header_left_menu":"0","ocean_custom_header_template":"0","ocean_custom_logo":0,"ocean_custom_retina_logo":0,"ocean_custom_logo_max_width":0,"ocean_custom_logo_tablet_max_width":0,"ocean_custom_logo_mobile_max_width":0,"ocean_custom_logo_max_height":0,"ocean_custom_logo_tablet_max_height":0,"ocean_custom_logo_mobile_max_height":0,"ocean_header_custom_menu":"0","ocean_menu_typo_font_family":"0","ocean_menu_typo_font_subset":"","ocean_menu_typo_font_size":0,"ocean_menu_typo_font_size_tablet":0,"ocean_menu_typo_font_size_mobile":0,"ocean_menu_typo_font_size_unit":"px","ocean_menu_typo_font_weight":"","ocean_menu_typo_font_weight_tablet":"","ocean_menu_typo_font_weight_mobile":"","ocean_menu_typo_transform":"","ocean_menu_typo_transform_tablet":"","ocean_menu_typo_transform_mobile":"","ocean_menu_typo_line_height":0,"ocean_menu_typo_line_height_tablet":0,"ocean_menu_typo_line_height_mobile":0,"ocean_menu_typo_line_height_unit":"","ocean_menu_typo_spacing":0,"ocean_menu_typo_spacing_tablet":0,"ocean_menu_typo_spacing_mobile":0,"ocean_menu_typo_spacing_unit":"","ocean_menu_link_color":"","ocean_menu_link_color_hover":"","ocean_menu_link_color_active":"","ocean_menu_link_background":"","ocean_menu_link_hover_background":"","ocean_menu_link_active_background":"","ocean_menu_social_links_bg":"","ocean_menu_social_hover_links_bg":"","ocean_menu_social_links_color":"","ocean_menu_social_hover_links_color":"","ocean_disable_title":"default","ocean_disable_heading":"default","ocean_post_title":"","ocean_post_subheading":"","ocean_post_title_style":"","ocean_post_title_background_color":"","ocean_post_title_background":0,"ocean_post_title_bg_image_position":"","ocean_post_title_bg_image_attachment":"","ocean_post_title_bg_image_repeat":"","ocean_post_title_bg_image_size":"","ocean_post_title_height":0,"ocean_post_title_bg_overlay":0.5,"ocean_post_title_bg_overlay_color":"","ocean_disable_breadcrumbs":"default","ocean_breadcrumbs_color":"","ocean_breadcrumbs_separator_color":"","ocean_breadcrumbs_links_color":"","ocean_breadcrumbs_links_hover_color":"","ocean_display_footer_widgets":"default","ocean_display_footer_bottom":"default","ocean_custom_footer_template":"0"},"product_brand":[],"product_cat":[73,75],"product_tag":[],"class_list":{"0":"post-1766","1":"product","2":"type-product","3":"status-publish","4":"has-post-thumbnail","6":"product_cat-botanical-line","7":"product_cat-coco-jumbo","9":"entry","10":"has-media","12":"first","13":"instock","14":"sale","15":"taxable","16":"shipping-taxable","17":"purchasable","18":"product-type-simple","19":"has-product-nav","20":"col","21":"span_1_of_3","22":"owp-content-center","23":"owp-thumbs-layout-horizontal","24":"owp-btn-normal","25":"owp-tabs-layout-horizontal","26":"has-no-thumbnails"},"jetpack_sharing_enabled":true,"_links":{"self":[{"href":"https:\/\/brasileia.shop\/index.php\/wp-json\/wp\/v2\/product\/1766","targetHints":{"allow":["GET"]}}],"collection":[{"href":"https:\/\/brasileia.shop\/index.php\/wp-json\/wp\/v2\/product"}],"about":[{"href":"https:\/\/brasileia.shop\/index.php\/wp-json\/wp\/v2\/types\/product"}],"replies":[{"embeddable":true,"href":"https:\/\/brasileia.shop\/index.php\/wp-json\/wp\/v2\/comments?post=1766"}],"version-history":[{"count":4,"href":"https:\/\/brasileia.shop\/index.php\/wp-json\/wp\/v2\/product\/1766\/revisions"}],"predecessor-version":[{"id":4544,"href":"https:\/\/brasileia.shop\/index.php\/wp-json\/wp\/v2\/product\/1766\/revisions\/4544"}],"wp:featuredmedia":[{"embeddable":true,"href":"https:\/\/brasileia.shop\/index.php\/wp-json\/wp\/v2\/media\/4541"}],"wp:attachment":[{"href":"https:\/\/brasileia.shop\/index.php\/wp-json\/wp\/v2\/media?parent=1766"}],"wp:term":[{"taxonomy":"product_brand","embeddable":true,"href":"https:\/\/brasileia.shop\/index.php\/wp-json\/wp\/v2\/product_brand?post=1766"},{"taxonomy":"product_cat","embeddable":true,"href":"https:\/\/brasileia.shop\/index.php\/wp-json\/wp\/v2\/product_cat?post=1766"},{"taxonomy":"product_tag","embeddable":true,"href":"https:\/\/brasileia.shop\/index.php\/wp-json\/wp\/v2\/product_tag?post=1766"}],"curies":[{"name":"wp","href":"https:\/\/api.w.org\/{rel}","templated":true}]}}