{"id":1866,"date":"2023-07-24T09:07:32","date_gmt":"2023-07-24T09:07:32","guid":{"rendered":"https:\/\/brasileia.shop\/?post_type=product&#038;p=1866"},"modified":"2026-03-16T11:18:41","modified_gmt":"2026-03-16T11:18:41","slug":"gamme-argan-affair","status":"publish","type":"product","link":"https:\/\/brasileia.shop\/index.php\/product\/gamme-argan-affair\/","title":{"rendered":"GAMME ARGAN AFFAIR"},"content":{"rendered":"\t\t<div data-elementor-type=\"wp-post\" data-elementor-id=\"1866\" class=\"elementor elementor-1866\">\n\t\t\t\t\t\t<section class=\"elementor-section elementor-top-section elementor-element elementor-element-14337e59 elementor-section-boxed elementor-section-height-default elementor-section-height-default\" data-id=\"14337e59\" data-element_type=\"section\" data-e-type=\"section\">\n\t\t\t\t\t\t<div class=\"elementor-container elementor-column-gap-default\">\n\t\t\t\t\t<div class=\"elementor-column elementor-col-100 elementor-top-column elementor-element elementor-element-4b7b4c5d\" data-id=\"4b7b4c5d\" data-element_type=\"column\" data-e-type=\"column\">\n\t\t\t<div class=\"elementor-widget-wrap elementor-element-populated\">\n\t\t\t\t\t\t<div class=\"elementor-element elementor-element-76d3f8aa elementor-widget elementor-widget-text-editor\" data-id=\"76d3f8aa\" data-element_type=\"widget\" data-e-type=\"widget\" data-widget_type=\"text-editor.default\">\n\t\t\t\t<div class=\"elementor-widget-container\">\n\t\t\t\t\t\t\t\t\t<p>Fini la lutte contre les cheveux d\u00e9shydrat\u00e9s, ab\u00eem\u00e9s et cassants. <strong>BRASILEIA COSMETICS<\/strong> vous a pr\u00e9par\u00e9 une formule avec des actifs nobles: l&rsquo;huile d&rsquo;argan, les bio-c\u00e9ramides et le D-pant\u00e9nol, qui laisseront vos cheveux hydrat\u00e9s, restaur\u00e9s et bien plus brillants.<br \/>Une gamme Vegan, ce qui signifie: non test\u00e9e sur les animaux et exempte d&rsquo;ingr\u00e9dients d&rsquo;origine animale.<\/p><p><strong>LES ACTIFS<\/strong><\/p><p><em><strong>L\u2019huile d\u2019argan<\/strong><br \/><\/em>Elle est riche en acides gras essentiels, en particulier en acide gras om\u00e9ga-6, qui aident \u00e0 hydrater les cheveux en profondeur. Grace \u00e0 ses propri\u00e9t\u00e9s r\u00e9paratrices, l\u2019huile d\u2019argan peut aider \u00e0 sceller les pointes fourchues, ce qui rend les cheveux plus lisses et r\u00e9duit les frisottis. Elle offre aussi une certaine protection contre les dommages caus\u00e9s par les appareils de coiffure chauffants tels que les fers \u00e0 lisser et les s\u00e9choirs et apporte de la brillance aux cheveux en les laissant doux et soyeux. Les nutriments contenus dans l\u2019huile d\u2019argan nourrissent les cheveux en profondeur, en particulier ceux qui sont secs et endommag\u00e9s en raison des traitements chimiques ou d\u2019une exposition excessive au soleil.<\/p><p><em><strong>Le D-pant\u00e9nol<\/strong><br \/><\/em><b>\u00c9<\/b>galement connu sous le nom de provitamine B5, a la capacit\u00e9 de p\u00e9n\u00e9trer dans la cuticule des cheveux et de retenir l\u2019humidit\u00e9, ce qui aide \u00e0 hydrater les cheveux en profondeur. Cela les rend plus souples et moins sujet \u00e0 la s\u00e9cheresse. En renfor\u00e7ant la structure des cheveux, le D-pant\u00e9nol peut donner l\u2019apparence de cheveux plus \u00e9pais et volumineux. Il poss\u00e8de aussi des propri\u00e9t\u00e9s apaisantes qui peuvent aider \u00e0 calmer un cuir chevelu sec, irrit\u00e9 ou sujet aux d\u00e9mangeaisons. Enfin, le D-pant\u00e9nol a un effet conditionneur sur les cheveux. Il les rend plus facile \u00e0 coiffer en les d\u00e9m\u00ealant et en les laissant doux et soyeux.<\/p><p><em><strong>Les bio-c\u00e9ramides<\/strong><\/em><br \/>Ils sont des ingr\u00e9dients couramment utilis\u00e9s dans les produits capillaires, en particulier dans les soins pour cheveux ab\u00eem\u00e9s, secs ou trait\u00e9s chimiquement par la coloration ou le d\u00e9frisage. Au-del\u00e0 de leur effet hydratant, ces lipides naturels agissent comme un ciment naturel, combattant les br\u00e8ches dans la cuticule du cheveu et renfor\u00e7ant ainsi sa structure.\u00a0 Cela rend les cheveux plus r\u00e9sistants aux dommages et \u00e0 la casse. Ils lissent aussi les cuticules, ce qui rend la surface des cheveux plus uniforme et r\u00e9fl\u00e9chissante. Cela donne aux cheveux un aspect plus brillant et plus sain. Enfin, ils am\u00e9liorent la texture des cheveux qui devienne plus lisse et plus soyeuse, ce qui facilite le coiffage.<\/p>\t\t\t\t\t\t\t\t<\/div>\n\t\t\t\t<\/div>\n\t\t\t\t\t<\/div>\n\t\t<\/div>\n\t\t\t\t\t<\/div>\n\t\t<\/section>\n\t\t\t\t<section class=\"elementor-section elementor-top-section elementor-element elementor-element-f8a41b6 elementor-section-stretched elementor-section-boxed elementor-section-height-default elementor-section-height-default\" data-id=\"f8a41b6\" data-element_type=\"section\" data-e-type=\"section\" data-settings=\"{&quot;stretch_section&quot;:&quot;section-stretched&quot;,&quot;background_background&quot;:&quot;classic&quot;}\">\n\t\t\t\t\t\t<div class=\"elementor-container elementor-column-gap-default\">\n\t\t\t\t\t<div class=\"elementor-column elementor-col-100 elementor-top-column elementor-element elementor-element-f210427\" data-id=\"f210427\" data-element_type=\"column\" data-e-type=\"column\">\n\t\t\t<div class=\"elementor-widget-wrap elementor-element-populated\">\n\t\t\t\t\t\t<section class=\"elementor-section elementor-inner-section elementor-element elementor-element-cd95d2d elementor-section-boxed elementor-section-height-default elementor-section-height-default\" data-id=\"cd95d2d\" data-element_type=\"section\" data-e-type=\"section\">\n\t\t\t\t\t\t<div class=\"elementor-container elementor-column-gap-default\">\n\t\t\t\t\t<div class=\"elementor-column elementor-col-20 elementor-inner-column elementor-element elementor-element-3d86adf\" data-id=\"3d86adf\" data-element_type=\"column\" data-e-type=\"column\">\n\t\t\t<div class=\"elementor-widget-wrap\">\n\t\t\t\t\t\t\t<\/div>\n\t\t<\/div>\n\t\t\t\t<div class=\"elementor-column elementor-col-20 elementor-inner-column elementor-element elementor-element-21a3b7a\" data-id=\"21a3b7a\" data-element_type=\"column\" data-e-type=\"column\">\n\t\t\t<div class=\"elementor-widget-wrap elementor-element-populated\">\n\t\t\t\t\t\t<div class=\"elementor-element elementor-element-8d442f2 elementor-widget__width-initial elementor-position-top elementor-widget elementor-widget-image-box\" data-id=\"8d442f2\" data-element_type=\"widget\" data-e-type=\"widget\" data-widget_type=\"image-box.default\">\n\t\t\t\t<div class=\"elementor-widget-container\">\n\t\t\t\t\t<div class=\"elementor-image-box-wrapper\"><figure class=\"elementor-image-box-img\"><img fetchpriority=\"high\" decoding=\"async\" width=\"300\" height=\"300\" src=\"https:\/\/brasileia.shop\/wp-content\/uploads\/2023\/07\/huile-dargan-300x300-1.png\" class=\"attachment-full size-full wp-image-4206\" alt=\"\" srcset=\"https:\/\/brasileia.shop\/wp-content\/uploads\/2023\/07\/huile-dargan-300x300-1.png 300w, https:\/\/brasileia.shop\/wp-content\/uploads\/2023\/07\/huile-dargan-300x300-1-150x150.png 150w, https:\/\/brasileia.shop\/wp-content\/uploads\/2023\/07\/huile-dargan-300x300-1-100x100.png 100w\" sizes=\"(max-width: 300px) 100vw, 300px\" \/><\/figure><div class=\"elementor-image-box-content\"><h3 class=\"elementor-image-box-title\">HUILE D\u2019ARGAN <\/h3><p class=\"elementor-image-box-description\">Hydratation intense &amp; Anti-fourche<\/p><\/div><\/div>\t\t\t\t<\/div>\n\t\t\t\t<\/div>\n\t\t\t\t\t<\/div>\n\t\t<\/div>\n\t\t\t\t<div class=\"elementor-column elementor-col-20 elementor-inner-column elementor-element elementor-element-e3ebb49\" data-id=\"e3ebb49\" data-element_type=\"column\" data-e-type=\"column\">\n\t\t\t<div class=\"elementor-widget-wrap elementor-element-populated\">\n\t\t\t\t\t\t<div class=\"elementor-element elementor-element-a088ef9 elementor-widget__width-initial elementor-position-top elementor-widget elementor-widget-image-box\" data-id=\"a088ef9\" data-element_type=\"widget\" data-e-type=\"widget\" data-widget_type=\"image-box.default\">\n\t\t\t\t<div class=\"elementor-widget-container\">\n\t\t\t\t\t<div class=\"elementor-image-box-wrapper\"><figure class=\"elementor-image-box-img\"><img decoding=\"async\" width=\"300\" height=\"300\" src=\"https:\/\/brasileia.shop\/wp-content\/uploads\/2023\/08\/D-PANTHENOL-4-300x300-1.png\" class=\"attachment-full size-full wp-image-4097\" alt=\"\" srcset=\"https:\/\/brasileia.shop\/wp-content\/uploads\/2023\/08\/D-PANTHENOL-4-300x300-1.png 300w, https:\/\/brasileia.shop\/wp-content\/uploads\/2023\/08\/D-PANTHENOL-4-300x300-1-150x150.png 150w, https:\/\/brasileia.shop\/wp-content\/uploads\/2023\/08\/D-PANTHENOL-4-300x300-1-100x100.png 100w\" sizes=\"(max-width: 300px) 100vw, 300px\" \/><\/figure><div class=\"elementor-image-box-content\"><h3 class=\"elementor-image-box-title\">D-PANTH\u00c9NOL <\/h3><p class=\"elementor-image-box-description\">Hydratation &amp; R\u00e9paration<\/p><\/div><\/div>\t\t\t\t<\/div>\n\t\t\t\t<\/div>\n\t\t\t\t\t<\/div>\n\t\t<\/div>\n\t\t\t\t<div class=\"elementor-column elementor-col-20 elementor-inner-column elementor-element elementor-element-0e39389\" data-id=\"0e39389\" data-element_type=\"column\" data-e-type=\"column\">\n\t\t\t<div class=\"elementor-widget-wrap elementor-element-populated\">\n\t\t\t\t\t\t<div class=\"elementor-element elementor-element-182e316 elementor-widget__width-initial elementor-position-top elementor-widget elementor-widget-image-box\" data-id=\"182e316\" data-element_type=\"widget\" data-e-type=\"widget\" data-widget_type=\"image-box.default\">\n\t\t\t\t<div class=\"elementor-widget-container\">\n\t\t\t\t\t<div class=\"elementor-image-box-wrapper\"><figure class=\"elementor-image-box-img\"><img decoding=\"async\" width=\"300\" height=\"300\" src=\"https:\/\/brasileia.shop\/wp-content\/uploads\/2023\/07\/BIO-CERAMIDES-300x300-1.png\" class=\"attachment-full size-full wp-image-4207\" alt=\"\" srcset=\"https:\/\/brasileia.shop\/wp-content\/uploads\/2023\/07\/BIO-CERAMIDES-300x300-1.png 300w, https:\/\/brasileia.shop\/wp-content\/uploads\/2023\/07\/BIO-CERAMIDES-300x300-1-150x150.png 150w, https:\/\/brasileia.shop\/wp-content\/uploads\/2023\/07\/BIO-CERAMIDES-300x300-1-100x100.png 100w\" sizes=\"(max-width: 300px) 100vw, 300px\" \/><\/figure><div class=\"elementor-image-box-content\"><h3 class=\"elementor-image-box-title\">BIO-C\u00c9RAMIDES <\/h3><p class=\"elementor-image-box-description\">Nutrition &amp; Hydratation<\/p><\/div><\/div>\t\t\t\t<\/div>\n\t\t\t\t<\/div>\n\t\t\t\t\t<\/div>\n\t\t<\/div>\n\t\t\t\t<div class=\"elementor-column elementor-col-20 elementor-inner-column elementor-element elementor-element-a51dc96\" data-id=\"a51dc96\" data-element_type=\"column\" data-e-type=\"column\">\n\t\t\t<div class=\"elementor-widget-wrap\">\n\t\t\t\t\t\t\t<\/div>\n\t\t<\/div>\n\t\t\t\t\t<\/div>\n\t\t<\/section>\n\t\t\t\t\t<\/div>\n\t\t<\/div>\n\t\t\t\t\t<\/div>\n\t\t<\/section>\n\t\t\t\t<\/div>\n\t\t","protected":false},"excerpt":{"rendered":"<p>Fini la lutte contre les cheveux d\u00e9shydrat\u00e9s, ab\u00eem\u00e9s et cassants. BRASILEIA COSMETICS vous a pr\u00e9par\u00e9 une formule avec des actifs nobles: l&rsquo;huile d&rsquo;argan, les bio-c\u00e9ramides et le D-pant\u00e9nol, qui laisseront vos cheveux hydrat\u00e9s, restaur\u00e9s et bien plus brillants. Une gamme Vegan, ce qui signifie: non test\u00e9e sur les animaux et exempte d&rsquo;ingr\u00e9dients d&rsquo;origine animale. LES [&hellip;]<\/p>\n","protected":false},"featured_media":4508,"comment_status":"open","ping_status":"closed","template":"","meta":{"ocean_post_layout":"","ocean_both_sidebars_style":"","ocean_both_sidebars_content_width":0,"ocean_both_sidebars_sidebars_width":0,"ocean_sidebar":"0","ocean_second_sidebar":"0","ocean_disable_margins":"enable","ocean_add_body_class":"","ocean_shortcode_before_top_bar":"","ocean_shortcode_after_top_bar":"","ocean_shortcode_before_header":"","ocean_shortcode_after_header":"","ocean_has_shortcode":"","ocean_shortcode_after_title":"","ocean_shortcode_before_footer_widgets":"","ocean_shortcode_after_footer_widgets":"","ocean_shortcode_before_footer_bottom":"","ocean_shortcode_after_footer_bottom":"","ocean_display_top_bar":"default","ocean_display_header":"default","ocean_header_style":"","ocean_center_header_left_menu":"0","ocean_custom_header_template":"0","ocean_custom_logo":0,"ocean_custom_retina_logo":0,"ocean_custom_logo_max_width":0,"ocean_custom_logo_tablet_max_width":0,"ocean_custom_logo_mobile_max_width":0,"ocean_custom_logo_max_height":0,"ocean_custom_logo_tablet_max_height":0,"ocean_custom_logo_mobile_max_height":0,"ocean_header_custom_menu":"0","ocean_menu_typo_font_family":"0","ocean_menu_typo_font_subset":"","ocean_menu_typo_font_size":0,"ocean_menu_typo_font_size_tablet":0,"ocean_menu_typo_font_size_mobile":0,"ocean_menu_typo_font_size_unit":"px","ocean_menu_typo_font_weight":"","ocean_menu_typo_font_weight_tablet":"","ocean_menu_typo_font_weight_mobile":"","ocean_menu_typo_transform":"","ocean_menu_typo_transform_tablet":"","ocean_menu_typo_transform_mobile":"","ocean_menu_typo_line_height":0,"ocean_menu_typo_line_height_tablet":0,"ocean_menu_typo_line_height_mobile":0,"ocean_menu_typo_line_height_unit":"","ocean_menu_typo_spacing":0,"ocean_menu_typo_spacing_tablet":0,"ocean_menu_typo_spacing_mobile":0,"ocean_menu_typo_spacing_unit":"","ocean_menu_link_color":"","ocean_menu_link_color_hover":"","ocean_menu_link_color_active":"","ocean_menu_link_background":"","ocean_menu_link_hover_background":"","ocean_menu_link_active_background":"","ocean_menu_social_links_bg":"","ocean_menu_social_hover_links_bg":"","ocean_menu_social_links_color":"","ocean_menu_social_hover_links_color":"","ocean_disable_title":"default","ocean_disable_heading":"default","ocean_post_title":"","ocean_post_subheading":"","ocean_post_title_style":"","ocean_post_title_background_color":"","ocean_post_title_background":0,"ocean_post_title_bg_image_position":"","ocean_post_title_bg_image_attachment":"","ocean_post_title_bg_image_repeat":"","ocean_post_title_bg_image_size":"","ocean_post_title_height":0,"ocean_post_title_bg_overlay":0.5,"ocean_post_title_bg_overlay_color":"","ocean_disable_breadcrumbs":"default","ocean_breadcrumbs_color":"","ocean_breadcrumbs_separator_color":"","ocean_breadcrumbs_links_color":"","ocean_breadcrumbs_links_hover_color":"","ocean_display_footer_widgets":"default","ocean_display_footer_bottom":"default","ocean_custom_footer_template":"0"},"product_brand":[],"product_cat":[67,66],"product_tag":[],"class_list":{"0":"post-1866","1":"product","2":"type-product","3":"status-publish","4":"has-post-thumbnail","6":"product_cat-argan-affair","7":"product_cat-basic-care-line","9":"entry","10":"has-media","12":"first","13":"outofstock","14":"sale","15":"taxable","16":"shipping-taxable","17":"purchasable","18":"product-type-simple","19":"has-rating","20":"has-product-nav","21":"col","22":"span_1_of_3","23":"owp-content-center","24":"owp-thumbs-layout-horizontal","25":"owp-btn-normal","26":"owp-tabs-layout-horizontal","27":"has-no-thumbnails"},"jetpack_sharing_enabled":true,"_links":{"self":[{"href":"https:\/\/brasileia.shop\/index.php\/wp-json\/wp\/v2\/product\/1866","targetHints":{"allow":["GET"]}}],"collection":[{"href":"https:\/\/brasileia.shop\/index.php\/wp-json\/wp\/v2\/product"}],"about":[{"href":"https:\/\/brasileia.shop\/index.php\/wp-json\/wp\/v2\/types\/product"}],"replies":[{"embeddable":true,"href":"https:\/\/brasileia.shop\/index.php\/wp-json\/wp\/v2\/comments?post=1866"}],"version-history":[{"count":18,"href":"https:\/\/brasileia.shop\/index.php\/wp-json\/wp\/v2\/product\/1866\/revisions"}],"predecessor-version":[{"id":7708,"href":"https:\/\/brasileia.shop\/index.php\/wp-json\/wp\/v2\/product\/1866\/revisions\/7708"}],"wp:featuredmedia":[{"embeddable":true,"href":"https:\/\/brasileia.shop\/index.php\/wp-json\/wp\/v2\/media\/4508"}],"wp:attachment":[{"href":"https:\/\/brasileia.shop\/index.php\/wp-json\/wp\/v2\/media?parent=1866"}],"wp:term":[{"taxonomy":"product_brand","embeddable":true,"href":"https:\/\/brasileia.shop\/index.php\/wp-json\/wp\/v2\/product_brand?post=1866"},{"taxonomy":"product_cat","embeddable":true,"href":"https:\/\/brasileia.shop\/index.php\/wp-json\/wp\/v2\/product_cat?post=1866"},{"taxonomy":"product_tag","embeddable":true,"href":"https:\/\/brasileia.shop\/index.php\/wp-json\/wp\/v2\/product_tag?post=1866"}],"curies":[{"name":"wp","href":"https:\/\/api.w.org\/{rel}","templated":true}]}}