{"id":2184,"date":"2023-08-10T06:33:17","date_gmt":"2023-08-10T06:33:17","guid":{"rendered":"https:\/\/brasileia.shop\/?post_type=product&#038;p=2184"},"modified":"2024-11-22T18:04:01","modified_gmt":"2024-11-22T18:04:01","slug":"gamme-frizz-no-more","status":"publish","type":"product","link":"https:\/\/brasileia.shop\/index.php\/product\/gamme-frizz-no-more\/","title":{"rendered":"GAMME FRIZZ NO MORE"},"content":{"rendered":"\t\t<div data-elementor-type=\"wp-post\" data-elementor-id=\"2184\" class=\"elementor elementor-2184\">\n\t\t\t\t\t\t<section class=\"elementor-section elementor-top-section elementor-element elementor-element-4421b3e4 elementor-section-boxed elementor-section-height-default elementor-section-height-default\" data-id=\"4421b3e4\" data-element_type=\"section\" data-e-type=\"section\">\n\t\t\t\t\t\t<div class=\"elementor-container elementor-column-gap-default\">\n\t\t\t\t\t<div class=\"elementor-column elementor-col-100 elementor-top-column elementor-element elementor-element-30c4cc8b\" data-id=\"30c4cc8b\" data-element_type=\"column\" data-e-type=\"column\">\n\t\t\t<div class=\"elementor-widget-wrap elementor-element-populated\">\n\t\t\t\t\t\t<div class=\"elementor-element elementor-element-6c5a26ee elementor-widget elementor-widget-text-editor\" data-id=\"6c5a26ee\" data-element_type=\"widget\" data-e-type=\"widget\" data-widget_type=\"text-editor.default\">\n\t\t\t\t<div class=\"elementor-widget-container\">\n\t\t\t\t\t\t\t\t\t<p>La gamme <strong>FRIZZ NO MORE<\/strong> de la <strong><em>LIGNE DE SOIN BASIQUE<\/em><\/strong> de la marque br\u00e9silienne <strong>BRASILEIA COSMETICS <\/strong>est indiqu\u00e9e sp\u00e9cialement pour les cheveux qui ont subis des agressions chimiques tels que le lissage, la coloration ou la d\u00e9coloration ou bien des agressions m\u00e9caniques thermiques tels que le s\u00e9choir, les plaques ou le babyliss. Elle aide \u00e0 contr\u00f4ler la brillance et le volume, en \u00e9liminant les frisottis pour une finition parfaite.<\/p><p>R\u00e9sultat: Cheveux plus r\u00e9sistants \u00e0 la casse, plus hydrat\u00e9s, plus brillants, souples sans frisottis.<\/p><p><strong>LES ACTIFS<\/strong><\/p><p><strong><em>D-panth\u00e9nol<\/em><\/strong><br \/>Le D-panth\u00e9nol, \u00e9galement connu sous le nom de provitamine B5, a des propri\u00e9t\u00e9s hydratantes qui aident \u00e0 retenir l\u2019humidit\u00e9 dans les cheveux. Cela peut aider \u00e0 pr\u00e9venir la s\u00e9cheresse\u00a0 et la casse, en gardant les cheveux doux et souples. Il peut p\u00e9n\u00e9trer dans la tige du cheveu et se lier aux prot\u00e9ines capillaires, ce qui renforce la structure des cheveux et peut \u00e9galement augmenter leur \u00e9lasticit\u00e9, ainsi il peut aider \u00e0 restaurer la sant\u00e9 et la brillance des cheveux ab\u00eem\u00e9s et cassants.<\/p><p><strong><em>Huiles v\u00e9g\u00e9tales<\/em><\/strong><br \/>Les 6 huiles utilis\u00e9es dans ce produit sont purement v\u00e9g\u00e9tales et naturelles.\u00a0 Elles sont l\u2019huile d\u2019olive, l\u2019huile d\u2019amandes douces, l\u2019huile de coton, l\u2019huile du manga, le beurre de cacao et le beurre d\u2019avocat. Elles sont riches en acides gras essentiels qui aident \u00e0 hydrater et \u00e0 nourrir les cheveux en profondeur. Elles forment une barri\u00e8re protectrice autour des cheveux, les aidants \u00e0 r\u00e9sister aux dommages caus\u00e9s par les facteurs environnementaux tels que le soleil, la chaleur des outils de coiffage et la pollution. Enfin, elles aident \u00e0 lisser la cuticule des cheveux, r\u00e9duisant ainsi l\u2019apparence des pointes fourchues et des frisottis et donnent aux cheveux un aspect plus brillant et plus sain.<\/p><p><strong><em>Acides amin\u00e9s organiques<\/em><\/strong><br \/>Les acides amin\u00e9s organiques, tels que la cyst\u00e9ine, la m\u00e9thionine, l\u2019arginine et la proline, jouent un r\u00f4le essentiel dans la sant\u00e9 et la structure des cheveux. Ils sont les \u00e9l\u00e9ments constitutifs des prot\u00e9ines capillaires, notamment la k\u00e9ratine. Ils aident \u00e0 renforcer la structure des cheveux en favorisant la formation de liaisons entre les mol\u00e9cules de k\u00e9ratine, ce qui rend les cheveux plus r\u00e9sistants et moins sujet \u00e0 la casse. Ils aident \u00e0 lisser les \u00e9cailles des cheveux, ce qui am\u00e9liore la texture et l\u2019apparence g\u00e9n\u00e9rales des cheveux endommag\u00e9s.<br \/>Certains acides amin\u00e9s organiques, comme la cyst\u00e9ine, ont la capacit\u00e9 de retenir l\u2019humidit\u00e9 dans les cheveux, ce qui les aide \u00e0 maintenir une hydratation optimale. Cela peut pr\u00e9venir la s\u00e9cheresse et la d\u00e9shydratation des cheveux, les rendant plus, doux, plus souples et moins sujets aux frisottis.<br \/>Certains acides amin\u00e9s organiques, tels que la m\u00e9thionine et l\u2019arginine, peuvent favoriser la croissance des cheveux en stimulant la production de nouvelles cellules capillaires ce qui favorise une croissance saine des cheveux.<br \/>G\u00e9n\u00e9ralement, les acides amin\u00e9s organiques contribuent \u00e0 l\u2019apparence g\u00e9n\u00e9rale des cheveux en leur apportant brillance, douceur et souplesse.<\/p>\t\t\t\t\t\t\t\t<\/div>\n\t\t\t\t<\/div>\n\t\t\t\t\t<\/div>\n\t\t<\/div>\n\t\t\t\t\t<\/div>\n\t\t<\/section>\n\t\t\t\t<section class=\"elementor-section elementor-top-section elementor-element elementor-element-4b821db elementor-section-stretched elementor-section-boxed elementor-section-height-default elementor-section-height-default\" data-id=\"4b821db\" data-element_type=\"section\" data-e-type=\"section\" data-settings=\"{&quot;stretch_section&quot;:&quot;section-stretched&quot;,&quot;background_background&quot;:&quot;classic&quot;}\">\n\t\t\t\t\t\t<div class=\"elementor-container elementor-column-gap-default\">\n\t\t\t\t\t<div class=\"elementor-column elementor-col-100 elementor-top-column elementor-element elementor-element-5c910fd\" data-id=\"5c910fd\" data-element_type=\"column\" data-e-type=\"column\">\n\t\t\t<div class=\"elementor-widget-wrap elementor-element-populated\">\n\t\t\t\t\t\t<section class=\"elementor-section elementor-inner-section elementor-element elementor-element-30dbf71 elementor-section-boxed elementor-section-height-default elementor-section-height-default\" data-id=\"30dbf71\" data-element_type=\"section\" data-e-type=\"section\">\n\t\t\t\t\t\t<div class=\"elementor-container elementor-column-gap-default\">\n\t\t\t\t\t<div class=\"elementor-column elementor-col-20 elementor-inner-column elementor-element elementor-element-d49ab0a\" data-id=\"d49ab0a\" data-element_type=\"column\" data-e-type=\"column\">\n\t\t\t<div class=\"elementor-widget-wrap\">\n\t\t\t\t\t\t\t<\/div>\n\t\t<\/div>\n\t\t\t\t<div class=\"elementor-column elementor-col-20 elementor-inner-column elementor-element elementor-element-c55ae04\" data-id=\"c55ae04\" data-element_type=\"column\" data-e-type=\"column\">\n\t\t\t<div class=\"elementor-widget-wrap elementor-element-populated\">\n\t\t\t\t\t\t<div class=\"elementor-element elementor-element-885ae93 elementor-widget__width-initial elementor-position-top elementor-widget elementor-widget-image-box\" data-id=\"885ae93\" data-element_type=\"widget\" data-e-type=\"widget\" data-widget_type=\"image-box.default\">\n\t\t\t\t<div class=\"elementor-widget-container\">\n\t\t\t\t\t<div class=\"elementor-image-box-wrapper\"><figure class=\"elementor-image-box-img\"><img fetchpriority=\"high\" decoding=\"async\" width=\"300\" height=\"300\" src=\"https:\/\/brasileia.shop\/wp-content\/uploads\/2023\/08\/d-panthenol.gif\" class=\"attachment-full size-full wp-image-4394\" alt=\"\" \/><\/figure><div class=\"elementor-image-box-content\"><h3 class=\"elementor-image-box-title\">D-PANTH\u00c9NOL <\/h3><p class=\"elementor-image-box-description\">Hydratation &amp; R\u00e9paration<\/p><\/div><\/div>\t\t\t\t<\/div>\n\t\t\t\t<\/div>\n\t\t\t\t\t<\/div>\n\t\t<\/div>\n\t\t\t\t<div class=\"elementor-column elementor-col-20 elementor-inner-column elementor-element elementor-element-23bfe2d\" data-id=\"23bfe2d\" data-element_type=\"column\" data-e-type=\"column\">\n\t\t\t<div class=\"elementor-widget-wrap elementor-element-populated\">\n\t\t\t\t\t\t<div class=\"elementor-element elementor-element-0f759b4 elementor-widget__width-initial elementor-position-top elementor-widget elementor-widget-image-box\" data-id=\"0f759b4\" data-element_type=\"widget\" data-e-type=\"widget\" data-widget_type=\"image-box.default\">\n\t\t\t\t<div class=\"elementor-widget-container\">\n\t\t\t\t\t<div class=\"elementor-image-box-wrapper\"><figure class=\"elementor-image-box-img\"><img decoding=\"async\" width=\"300\" height=\"300\" src=\"https:\/\/brasileia.shop\/wp-content\/uploads\/2023\/08\/HUILES-VEGETALES-300x300-1.png\" class=\"attachment-full size-full wp-image-4098\" alt=\"\" srcset=\"https:\/\/brasileia.shop\/wp-content\/uploads\/2023\/08\/HUILES-VEGETALES-300x300-1.png 300w, https:\/\/brasileia.shop\/wp-content\/uploads\/2023\/08\/HUILES-VEGETALES-300x300-1-150x150.png 150w, https:\/\/brasileia.shop\/wp-content\/uploads\/2023\/08\/HUILES-VEGETALES-300x300-1-100x100.png 100w\" sizes=\"(max-width: 300px) 100vw, 300px\" \/><\/figure><div class=\"elementor-image-box-content\"><h3 class=\"elementor-image-box-title\">HUILES V\u00c9G\u00c9TALES <\/h3><p class=\"elementor-image-box-description\">Brillance &amp; Anti-volume<\/p><\/div><\/div>\t\t\t\t<\/div>\n\t\t\t\t<\/div>\n\t\t\t\t\t<\/div>\n\t\t<\/div>\n\t\t\t\t<div class=\"elementor-column elementor-col-20 elementor-inner-column elementor-element elementor-element-1e38286\" data-id=\"1e38286\" data-element_type=\"column\" data-e-type=\"column\">\n\t\t\t<div class=\"elementor-widget-wrap elementor-element-populated\">\n\t\t\t\t\t\t<div class=\"elementor-element elementor-element-863c5f2 elementor-widget__width-initial elementor-position-top elementor-widget elementor-widget-image-box\" data-id=\"863c5f2\" data-element_type=\"widget\" data-e-type=\"widget\" data-widget_type=\"image-box.default\">\n\t\t\t\t<div class=\"elementor-widget-container\">\n\t\t\t\t\t<div class=\"elementor-image-box-wrapper\"><figure class=\"elementor-image-box-img\"><img decoding=\"async\" width=\"300\" height=\"300\" src=\"https:\/\/brasileia.shop\/wp-content\/uploads\/2023\/08\/ACIDES-AMINES-ORGANIQUES-2-300x300-1.png\" class=\"attachment-full size-full wp-image-4099\" alt=\"\" srcset=\"https:\/\/brasileia.shop\/wp-content\/uploads\/2023\/08\/ACIDES-AMINES-ORGANIQUES-2-300x300-1.png 300w, https:\/\/brasileia.shop\/wp-content\/uploads\/2023\/08\/ACIDES-AMINES-ORGANIQUES-2-300x300-1-150x150.png 150w, https:\/\/brasileia.shop\/wp-content\/uploads\/2023\/08\/ACIDES-AMINES-ORGANIQUES-2-300x300-1-100x100.png 100w\" sizes=\"(max-width: 300px) 100vw, 300px\" \/><\/figure><div class=\"elementor-image-box-content\"><h3 class=\"elementor-image-box-title\">ACIDES AMIN\u00c9S ORGANIQUES <\/h3><p class=\"elementor-image-box-description\">Finition &amp; Anti-frizz<\/p><\/div><\/div>\t\t\t\t<\/div>\n\t\t\t\t<\/div>\n\t\t\t\t\t<\/div>\n\t\t<\/div>\n\t\t\t\t<div class=\"elementor-column elementor-col-20 elementor-inner-column elementor-element elementor-element-560ec99\" data-id=\"560ec99\" data-element_type=\"column\" data-e-type=\"column\">\n\t\t\t<div class=\"elementor-widget-wrap\">\n\t\t\t\t\t\t\t<\/div>\n\t\t<\/div>\n\t\t\t\t\t<\/div>\n\t\t<\/section>\n\t\t\t\t\t<\/div>\n\t\t<\/div>\n\t\t\t\t\t<\/div>\n\t\t<\/section>\n\t\t\t\t<\/div>\n\t\t","protected":false},"excerpt":{"rendered":"<p>La gamme FRIZZ NO MORE de la LIGNE DE SOIN BASIQUE de la marque br\u00e9silienne BRASILEIA COSMETICS est indiqu\u00e9e sp\u00e9cialement pour les cheveux qui ont subis des agressions chimiques tels que le lissage, la coloration ou la d\u00e9coloration ou bien des agressions m\u00e9caniques thermiques tels que le s\u00e9choir, les plaques ou le babyliss. Elle aide [&hellip;]<\/p>\n","protected":false},"featured_media":4529,"comment_status":"open","ping_status":"closed","template":"","meta":{"ocean_post_layout":"","ocean_both_sidebars_style":"","ocean_both_sidebars_content_width":0,"ocean_both_sidebars_sidebars_width":0,"ocean_sidebar":"0","ocean_second_sidebar":"0","ocean_disable_margins":"enable","ocean_add_body_class":"","ocean_shortcode_before_top_bar":"","ocean_shortcode_after_top_bar":"","ocean_shortcode_before_header":"","ocean_shortcode_after_header":"","ocean_has_shortcode":"","ocean_shortcode_after_title":"","ocean_shortcode_before_footer_widgets":"","ocean_shortcode_after_footer_widgets":"","ocean_shortcode_before_footer_bottom":"","ocean_shortcode_after_footer_bottom":"","ocean_display_top_bar":"default","ocean_display_header":"default","ocean_header_style":"","ocean_center_header_left_menu":"0","ocean_custom_header_template":"0","ocean_custom_logo":0,"ocean_custom_retina_logo":0,"ocean_custom_logo_max_width":0,"ocean_custom_logo_tablet_max_width":0,"ocean_custom_logo_mobile_max_width":0,"ocean_custom_logo_max_height":0,"ocean_custom_logo_tablet_max_height":0,"ocean_custom_logo_mobile_max_height":0,"ocean_header_custom_menu":"0","ocean_menu_typo_font_family":"0","ocean_menu_typo_font_subset":"","ocean_menu_typo_font_size":0,"ocean_menu_typo_font_size_tablet":0,"ocean_menu_typo_font_size_mobile":0,"ocean_menu_typo_font_size_unit":"px","ocean_menu_typo_font_weight":"","ocean_menu_typo_font_weight_tablet":"","ocean_menu_typo_font_weight_mobile":"","ocean_menu_typo_transform":"","ocean_menu_typo_transform_tablet":"","ocean_menu_typo_transform_mobile":"","ocean_menu_typo_line_height":0,"ocean_menu_typo_line_height_tablet":0,"ocean_menu_typo_line_height_mobile":0,"ocean_menu_typo_line_height_unit":"","ocean_menu_typo_spacing":0,"ocean_menu_typo_spacing_tablet":0,"ocean_menu_typo_spacing_mobile":0,"ocean_menu_typo_spacing_unit":"","ocean_menu_link_color":"","ocean_menu_link_color_hover":"","ocean_menu_link_color_active":"","ocean_menu_link_background":"","ocean_menu_link_hover_background":"","ocean_menu_link_active_background":"","ocean_menu_social_links_bg":"","ocean_menu_social_hover_links_bg":"","ocean_menu_social_links_color":"","ocean_menu_social_hover_links_color":"","ocean_disable_title":"default","ocean_disable_heading":"default","ocean_post_title":"","ocean_post_subheading":"","ocean_post_title_style":"","ocean_post_title_background_color":"","ocean_post_title_background":0,"ocean_post_title_bg_image_position":"","ocean_post_title_bg_image_attachment":"","ocean_post_title_bg_image_repeat":"","ocean_post_title_bg_image_size":"","ocean_post_title_height":0,"ocean_post_title_bg_overlay":0.5,"ocean_post_title_bg_overlay_color":"","ocean_disable_breadcrumbs":"default","ocean_breadcrumbs_color":"","ocean_breadcrumbs_separator_color":"","ocean_breadcrumbs_links_color":"","ocean_breadcrumbs_links_hover_color":"","ocean_display_footer_widgets":"default","ocean_display_footer_bottom":"default","ocean_custom_footer_template":"0"},"product_brand":[],"product_cat":[66,70],"product_tag":[],"class_list":{"0":"post-2184","1":"product","2":"type-product","3":"status-publish","4":"has-post-thumbnail","6":"product_cat-basic-care-line","7":"product_cat-frizz-no-more","9":"entry","10":"has-media","12":"first","13":"instock","14":"sale","15":"taxable","16":"shipping-taxable","17":"purchasable","18":"product-type-simple","19":"has-rating","20":"has-product-nav","21":"col","22":"span_1_of_3","23":"owp-content-center","24":"owp-thumbs-layout-horizontal","25":"owp-btn-normal","26":"owp-tabs-layout-horizontal","27":"has-no-thumbnails"},"jetpack_sharing_enabled":true,"_links":{"self":[{"href":"https:\/\/brasileia.shop\/index.php\/wp-json\/wp\/v2\/product\/2184","targetHints":{"allow":["GET"]}}],"collection":[{"href":"https:\/\/brasileia.shop\/index.php\/wp-json\/wp\/v2\/product"}],"about":[{"href":"https:\/\/brasileia.shop\/index.php\/wp-json\/wp\/v2\/types\/product"}],"replies":[{"embeddable":true,"href":"https:\/\/brasileia.shop\/index.php\/wp-json\/wp\/v2\/comments?post=2184"}],"version-history":[{"count":16,"href":"https:\/\/brasileia.shop\/index.php\/wp-json\/wp\/v2\/product\/2184\/revisions"}],"predecessor-version":[{"id":4679,"href":"https:\/\/brasileia.shop\/index.php\/wp-json\/wp\/v2\/product\/2184\/revisions\/4679"}],"wp:featuredmedia":[{"embeddable":true,"href":"https:\/\/brasileia.shop\/index.php\/wp-json\/wp\/v2\/media\/4529"}],"wp:attachment":[{"href":"https:\/\/brasileia.shop\/index.php\/wp-json\/wp\/v2\/media?parent=2184"}],"wp:term":[{"taxonomy":"product_brand","embeddable":true,"href":"https:\/\/brasileia.shop\/index.php\/wp-json\/wp\/v2\/product_brand?post=2184"},{"taxonomy":"product_cat","embeddable":true,"href":"https:\/\/brasileia.shop\/index.php\/wp-json\/wp\/v2\/product_cat?post=2184"},{"taxonomy":"product_tag","embeddable":true,"href":"https:\/\/brasileia.shop\/index.php\/wp-json\/wp\/v2\/product_tag?post=2184"}],"curies":[{"name":"wp","href":"https:\/\/api.w.org\/{rel}","templated":true}]}}