{"id":2788,"date":"2023-09-07T19:08:02","date_gmt":"2023-09-07T19:08:02","guid":{"rendered":"https:\/\/brasileia.shop\/?post_type=product&#038;p=2788"},"modified":"2025-02-10T17:33:47","modified_gmt":"2025-02-10T17:33:47","slug":"kit-avocado-power-16","status":"publish","type":"product","link":"https:\/\/brasileia.shop\/index.php\/product\/kit-avocado-power-16\/","title":{"rendered":"Kit Avocado Power 16"},"content":{"rendered":"<p>Id\u00e9al pour cheveux secs, ternes, ab\u00eem\u00e9s et pour la chute des cheveux.<\/p>\n<p><strong>R\u00e9sultat:<\/strong> cheveux restaur\u00e9s, brillants et doux.<\/p>\n<p><strong>Routine:<\/strong><\/p>\n<p>1. Appliquez le shampooing <em><strong>Avocado Power<\/strong><\/em> sur les cheveux mouill\u00e9s, de la racine jusqu\u2019aux pointes. Massez d\u00e9licatement jusqu\u2019\u00e0 ce que le produit mousse. Rincez bien et r\u00e9p\u00e9tez la proc\u00e9dure si n\u00e9cessaire.<br \/>\n2. Appliquez le masque <em><strong>Avocado Power<\/strong> <\/em>sur les cheveux lav\u00e9s et humides, en massant jusqu\u2019aux pointes. Laissez agir pendant 3 minutes. Rincez abondamment.<br \/>\n3. Peut \u00eatre utilis\u00e9 comme un bain d&rsquo;huile avant le lavage des cheveux (pr\u00e9-lavage): appliquez le beurre d\u2019humectage <em><strong>Avocado Power<\/strong><\/em> sur les cheveux secs, de la racine \u00e0 la pointe, m\u00e8che par m\u00e8che, en enroulant les cheveux et en massant le cuir chevelu. Laissez agir pendant 30 minutes. Si vous le souhaitez, utilisez un bonnet thermique pendant le temps de pause. Rincez, conditionnez et finalisez les cheveux.<br \/>\nPeut \u00eatre utilis\u00e9 comme un bain d&rsquo;huile durant la nuit (nocturne): appliquez le beurre d\u2019humectage <em><strong>Avocado Power<\/strong><\/em> comme expliqu\u00e9 dans le pr\u00e9-lavage. Si n\u00e9cessaire, retirez l\u2019exc\u00e9dent avec une serviette pour qu\u2019il ne coule pas. Mettez un bonnet en plastique (non thermique) ou enveloppez vos cheveux dans un tissu. Le matin, lavez, conditionnez et finalisez vos cheveux.<br \/>\nPeut \u00eatre utilis\u00e9 avec le masque: ajoutez 1 ou 2 cuill\u00e8res \u00e0 dessert de beurre d\u2019humectage Avocado Power au masque, laissez agir pendant 3 minutes. Rincez, conditionnez et finalisez les cheveux.<\/p>\n","protected":false},"excerpt":{"rendered":"<p>Id\u00e9al pour cheveux secs, ternes, ab\u00eem\u00e9s et pour la chute des cheveux. R\u00e9sultat: cheveux restaur\u00e9s, brillants et doux. Routine: 1. Appliquez le shampooing Avocado Power sur les cheveux mouill\u00e9s, de la racine jusqu\u2019aux pointes. Massez d\u00e9licatement jusqu\u2019\u00e0 ce que le produit mousse. Rincez bien et r\u00e9p\u00e9tez la proc\u00e9dure si n\u00e9cessaire. 2. Appliquez le masque Avocado [&hellip;]<\/p>\n","protected":false},"featured_media":2789,"comment_status":"open","ping_status":"closed","template":"","meta":{"ocean_post_layout":"","ocean_both_sidebars_style":"","ocean_both_sidebars_content_width":0,"ocean_both_sidebars_sidebars_width":0,"ocean_sidebar":"0","ocean_second_sidebar":"0","ocean_disable_margins":"enable","ocean_add_body_class":"","ocean_shortcode_before_top_bar":"","ocean_shortcode_after_top_bar":"","ocean_shortcode_before_header":"","ocean_shortcode_after_header":"","ocean_has_shortcode":"","ocean_shortcode_after_title":"","ocean_shortcode_before_footer_widgets":"","ocean_shortcode_after_footer_widgets":"","ocean_shortcode_before_footer_bottom":"","ocean_shortcode_after_footer_bottom":"","ocean_display_top_bar":"default","ocean_display_header":"default","ocean_header_style":"","ocean_center_header_left_menu":"0","ocean_custom_header_template":"0","ocean_custom_logo":0,"ocean_custom_retina_logo":0,"ocean_custom_logo_max_width":0,"ocean_custom_logo_tablet_max_width":0,"ocean_custom_logo_mobile_max_width":0,"ocean_custom_logo_max_height":0,"ocean_custom_logo_tablet_max_height":0,"ocean_custom_logo_mobile_max_height":0,"ocean_header_custom_menu":"0","ocean_menu_typo_font_family":"0","ocean_menu_typo_font_subset":"","ocean_menu_typo_font_size":0,"ocean_menu_typo_font_size_tablet":0,"ocean_menu_typo_font_size_mobile":0,"ocean_menu_typo_font_size_unit":"px","ocean_menu_typo_font_weight":"","ocean_menu_typo_font_weight_tablet":"","ocean_menu_typo_font_weight_mobile":"","ocean_menu_typo_transform":"","ocean_menu_typo_transform_tablet":"","ocean_menu_typo_transform_mobile":"","ocean_menu_typo_line_height":0,"ocean_menu_typo_line_height_tablet":0,"ocean_menu_typo_line_height_mobile":0,"ocean_menu_typo_line_height_unit":"","ocean_menu_typo_spacing":0,"ocean_menu_typo_spacing_tablet":0,"ocean_menu_typo_spacing_mobile":0,"ocean_menu_typo_spacing_unit":"","ocean_menu_link_color":"","ocean_menu_link_color_hover":"","ocean_menu_link_color_active":"","ocean_menu_link_background":"","ocean_menu_link_hover_background":"","ocean_menu_link_active_background":"","ocean_menu_social_links_bg":"","ocean_menu_social_hover_links_bg":"","ocean_menu_social_links_color":"","ocean_menu_social_hover_links_color":"","ocean_disable_title":"default","ocean_disable_heading":"default","ocean_post_title":"","ocean_post_subheading":"","ocean_post_title_style":"","ocean_post_title_background_color":"","ocean_post_title_background":0,"ocean_post_title_bg_image_position":"","ocean_post_title_bg_image_attachment":"","ocean_post_title_bg_image_repeat":"","ocean_post_title_bg_image_size":"","ocean_post_title_height":0,"ocean_post_title_bg_overlay":0.5,"ocean_post_title_bg_overlay_color":"","ocean_disable_breadcrumbs":"default","ocean_breadcrumbs_color":"","ocean_breadcrumbs_separator_color":"","ocean_breadcrumbs_links_color":"","ocean_breadcrumbs_links_hover_color":"","ocean_display_footer_widgets":"default","ocean_display_footer_bottom":"default","ocean_custom_footer_template":"0"},"product_brand":[],"product_cat":[98,103],"product_tag":[],"class_list":{"0":"post-2788","1":"product","2":"type-product","3":"status-publish","4":"has-post-thumbnail","6":"product_cat-kits","7":"product_cat-kits-avocado-power","9":"entry","10":"has-media","12":"first","13":"instock","14":"sale","15":"taxable","16":"shipping-taxable","17":"purchasable","18":"product-type-simple","19":"has-product-nav","20":"col","21":"span_1_of_3","22":"owp-content-center","23":"owp-thumbs-layout-horizontal","24":"owp-btn-normal","25":"owp-tabs-layout-horizontal","26":"has-no-thumbnails"},"jetpack_sharing_enabled":true,"_links":{"self":[{"href":"https:\/\/brasileia.shop\/index.php\/wp-json\/wp\/v2\/product\/2788","targetHints":{"allow":["GET"]}}],"collection":[{"href":"https:\/\/brasileia.shop\/index.php\/wp-json\/wp\/v2\/product"}],"about":[{"href":"https:\/\/brasileia.shop\/index.php\/wp-json\/wp\/v2\/types\/product"}],"replies":[{"embeddable":true,"href":"https:\/\/brasileia.shop\/index.php\/wp-json\/wp\/v2\/comments?post=2788"}],"version-history":[{"count":0,"href":"https:\/\/brasileia.shop\/index.php\/wp-json\/wp\/v2\/product\/2788\/revisions"}],"wp:featuredmedia":[{"embeddable":true,"href":"https:\/\/brasileia.shop\/index.php\/wp-json\/wp\/v2\/media\/2789"}],"wp:attachment":[{"href":"https:\/\/brasileia.shop\/index.php\/wp-json\/wp\/v2\/media?parent=2788"}],"wp:term":[{"taxonomy":"product_brand","embeddable":true,"href":"https:\/\/brasileia.shop\/index.php\/wp-json\/wp\/v2\/product_brand?post=2788"},{"taxonomy":"product_cat","embeddable":true,"href":"https:\/\/brasileia.shop\/index.php\/wp-json\/wp\/v2\/product_cat?post=2788"},{"taxonomy":"product_tag","embeddable":true,"href":"https:\/\/brasileia.shop\/index.php\/wp-json\/wp\/v2\/product_tag?post=2788"}],"curies":[{"name":"wp","href":"https:\/\/api.w.org\/{rel}","templated":true}]}}