{"id":2816,"date":"2023-09-08T20:20:18","date_gmt":"2023-09-08T20:20:18","guid":{"rendered":"https:\/\/brasileia.shop\/?post_type=product&#038;p=2816"},"modified":"2025-02-10T17:31:58","modified_gmt":"2025-02-10T17:31:58","slug":"kits-vitaloe-vera-4","status":"publish","type":"product","link":"https:\/\/brasileia.shop\/index.php\/product\/kits-vitaloe-vera-4\/","title":{"rendered":"Kits Vitaloe Vera 4"},"content":{"rendered":"<div>\n<div>\n<div>\n<div>Id\u00e9al pour cheveux secs et ab\u00eem\u00e9s, ainsi que pour cuirs chevelus\u00a0irrit\u00e9s et\/ou gras.<\/div>\n<div><\/div>\n<div><strong>R\u00e9sultat:<\/strong> cheveux bien propres, restaur\u00e9s, fortifi\u00e9s et soyeux.<\/div>\n<div><\/div>\n<div><strong><span style=\"font-family: arial, sans-serif;\">Routine:<\/span><\/strong><\/div>\n<\/div>\n<div>\n<div>\n<div><\/div>\n<div><span style=\"font-family: arial, sans-serif;\">1.\u00a0Appliquez le shampooing\u00a0<\/span><b>Vitaloe Vera<\/b>\u00a0<span style=\"font-family: arial, sans-serif;\">sur les cheveux mouill\u00e9s, de la racine jusqu\u2019aux pointes. Massez d\u00e9licatement jusqu\u2019\u00e0 ce que le produit mousse. Rincez bien et r\u00e9p\u00e9tez la proc\u00e9dure si n\u00e9cessaire.<br \/>\n2.\u00a0<\/span>Appliquez le<span style=\"color: #4a4a4a; font-family: Lato;\">\u00a0masque<\/span>\u00a0<b>Vitaloe Vera<\/b><span style=\"color: #4a4a4a; font-family: Lato;\"><b>\u00a0<\/b><\/span>sur les cheveux lav\u00e9s et humides, en massant jusqu\u2019aux pointes. Laissez agir pendant 3 minutes. Rincez abondamment.<\/div>\n<\/div>\n<\/div>\n<\/div>\n<div>3. Appliquez la cr\u00e8me coiffante\u00a0<b>Vitaloe Vera<\/b>\u00a0sur les cheveux lav\u00e9s et conditionn\u00e9s, encore humides, sur toute la surface. Pas besoin de rincer. Peignez et finalisez comme d\u2019habitude. Recommand\u00e9e pour une utilisation avec un s\u00e9choir et\/ou une plaque.\u00a0(brushing).<span style=\"font-family: arial, sans-serif;\"><br \/>\n<\/span><\/div>\n<div><span style=\"font-family: arial, sans-serif;\">4.\u00a0<\/span><span style=\"font-family: arial, sans-serif;\">Utilis\u00e9 comme\u00a0<\/span>cr\u00e8me sans rin\u00e7age (leave-in): apr\u00e8s avoir lav\u00e9 et humidifi\u00e9 les cheveux, appliquez le baume protecteur\u00a0<em>Vitaloe Vera\u00a0<\/em>sur toute la longueur des cheveux. Peignez et terminez comme d\u2019habitude. Il est \u00e9galement recommand\u00e9 de l\u2019utiliser avec le s\u00e9choir et\/ou les plaques.<\/div>\n<p>Utilis\u00e9 comme r\u00e9activateur: sur cheveux secs, appliquez le baume protecteur\u00a0<em>Vitaloe Vera\u00a0<\/em>des longueurs aux pointes, en moulant les m\u00e8ches avec les doigts pour activer la texture et le mouvement naturels des cheveux.<br \/>\nContient un protecteur thermique et un filtre solaire, donc tr\u00e8s conseill\u00e9 pour l&rsquo;utilisation \u00e0 la mer et \u00e0 la piscine.<\/div>\n<div>\n<div>5. Peut \u00eatre utilis\u00e9 comme un bain d&rsquo;huile avant le lavage des cheveux (pr\u00e9-lavage):\u00a0appliquez la pulpe humectante\u00a0<em><b>Vitaloe Vera<\/b>\u00a0sur les cheveux secs, de la racine \u00e0 la pointe, m\u00e8che par m\u00e8che, en enroulant les cheveux et en massant le cuir chevelu. Laissez agir pendant 30 minutes. Si vous le souhaitez, utilisez un bonnet thermique pendant le temps de pause. Rincez, conditionnez et finalisez les cheveux.<\/em><\/div>\n<div><em>Peut \u00eatre utilis\u00e9 comme un bain d&rsquo;huile durant la nuit (nocturne): appliquez la pulpe humectante\u00a0Vitaloe Vera\u00a0comme expliqu\u00e9 dans le pr\u00e9-lavage. Si n\u00e9cessaire, retirez l\u2019exc\u00e9dent avec une serviette pour qu\u2019il ne coule pas. Mettez un bonnet en plastique (non thermique) ou enveloppez vos cheveux dans un tissu. Le matin, lavez, conditionnez et finalisez vos cheveux.<br \/>\n<\/em><\/div>\n<p><em>Peut \u00eatre utilis\u00e9 avec le masque: ajoutez 1 ou 2 cuill\u00e8res \u00e0 dessert de la pulpe humectante\u00a0<b>Vitaloe Vera<\/b>\u00a0au masque, laissez agir pendant 3 minutes. Rincez, conditionnez et finalisez les cheveux.<\/em><\/div>\n","protected":false},"excerpt":{"rendered":"<p>Id\u00e9al pour cheveux secs et ab\u00eem\u00e9s, ainsi que pour cuirs chevelus\u00a0irrit\u00e9s et\/ou gras. R\u00e9sultat: cheveux bien propres, restaur\u00e9s, fortifi\u00e9s et soyeux. Routine: 1.\u00a0Appliquez le shampooing\u00a0Vitaloe Vera\u00a0sur les cheveux mouill\u00e9s, de la racine jusqu\u2019aux pointes. Massez d\u00e9licatement jusqu\u2019\u00e0 ce que le produit mousse. Rincez bien et r\u00e9p\u00e9tez la proc\u00e9dure si n\u00e9cessaire. 2.\u00a0Appliquez le\u00a0masque\u00a0Vitaloe Vera\u00a0sur les cheveux [&hellip;]<\/p>\n","protected":false},"featured_media":2818,"comment_status":"open","ping_status":"closed","template":"","meta":{"ocean_post_layout":"","ocean_both_sidebars_style":"","ocean_both_sidebars_content_width":0,"ocean_both_sidebars_sidebars_width":0,"ocean_sidebar":"0","ocean_second_sidebar":"0","ocean_disable_margins":"enable","ocean_add_body_class":"","ocean_shortcode_before_top_bar":"","ocean_shortcode_after_top_bar":"","ocean_shortcode_before_header":"","ocean_shortcode_after_header":"","ocean_has_shortcode":"","ocean_shortcode_after_title":"","ocean_shortcode_before_footer_widgets":"","ocean_shortcode_after_footer_widgets":"","ocean_shortcode_before_footer_bottom":"","ocean_shortcode_after_footer_bottom":"","ocean_display_top_bar":"default","ocean_display_header":"default","ocean_header_style":"","ocean_center_header_left_menu":"0","ocean_custom_header_template":"0","ocean_custom_logo":0,"ocean_custom_retina_logo":0,"ocean_custom_logo_max_width":0,"ocean_custom_logo_tablet_max_width":0,"ocean_custom_logo_mobile_max_width":0,"ocean_custom_logo_max_height":0,"ocean_custom_logo_tablet_max_height":0,"ocean_custom_logo_mobile_max_height":0,"ocean_header_custom_menu":"0","ocean_menu_typo_font_family":"0","ocean_menu_typo_font_subset":"","ocean_menu_typo_font_size":0,"ocean_menu_typo_font_size_tablet":0,"ocean_menu_typo_font_size_mobile":0,"ocean_menu_typo_font_size_unit":"px","ocean_menu_typo_font_weight":"","ocean_menu_typo_font_weight_tablet":"","ocean_menu_typo_font_weight_mobile":"","ocean_menu_typo_transform":"","ocean_menu_typo_transform_tablet":"","ocean_menu_typo_transform_mobile":"","ocean_menu_typo_line_height":0,"ocean_menu_typo_line_height_tablet":0,"ocean_menu_typo_line_height_mobile":0,"ocean_menu_typo_line_height_unit":"","ocean_menu_typo_spacing":0,"ocean_menu_typo_spacing_tablet":0,"ocean_menu_typo_spacing_mobile":0,"ocean_menu_typo_spacing_unit":"","ocean_menu_link_color":"","ocean_menu_link_color_hover":"","ocean_menu_link_color_active":"","ocean_menu_link_background":"","ocean_menu_link_hover_background":"","ocean_menu_link_active_background":"","ocean_menu_social_links_bg":"","ocean_menu_social_hover_links_bg":"","ocean_menu_social_links_color":"","ocean_menu_social_hover_links_color":"","ocean_disable_title":"default","ocean_disable_heading":"default","ocean_post_title":"","ocean_post_subheading":"","ocean_post_title_style":"","ocean_post_title_background_color":"","ocean_post_title_background":0,"ocean_post_title_bg_image_position":"","ocean_post_title_bg_image_attachment":"","ocean_post_title_bg_image_repeat":"","ocean_post_title_bg_image_size":"","ocean_post_title_height":0,"ocean_post_title_bg_overlay":0.5,"ocean_post_title_bg_overlay_color":"","ocean_disable_breadcrumbs":"default","ocean_breadcrumbs_color":"","ocean_breadcrumbs_separator_color":"","ocean_breadcrumbs_links_color":"","ocean_breadcrumbs_links_hover_color":"","ocean_display_footer_widgets":"default","ocean_display_footer_bottom":"default","ocean_custom_footer_template":"0"},"product_brand":[],"product_cat":[98,104],"product_tag":[],"class_list":{"0":"post-2816","1":"product","2":"type-product","3":"status-publish","4":"has-post-thumbnail","6":"product_cat-kits","7":"product_cat-kits-vitaloe-vera","9":"entry","10":"has-media","12":"first","13":"instock","14":"sale","15":"taxable","16":"shipping-taxable","17":"purchasable","18":"product-type-simple","19":"has-product-nav","20":"col","21":"span_1_of_3","22":"owp-content-center","23":"owp-thumbs-layout-horizontal","24":"owp-btn-normal","25":"owp-tabs-layout-horizontal","26":"has-no-thumbnails"},"jetpack_sharing_enabled":true,"_links":{"self":[{"href":"https:\/\/brasileia.shop\/index.php\/wp-json\/wp\/v2\/product\/2816","targetHints":{"allow":["GET"]}}],"collection":[{"href":"https:\/\/brasileia.shop\/index.php\/wp-json\/wp\/v2\/product"}],"about":[{"href":"https:\/\/brasileia.shop\/index.php\/wp-json\/wp\/v2\/types\/product"}],"replies":[{"embeddable":true,"href":"https:\/\/brasileia.shop\/index.php\/wp-json\/wp\/v2\/comments?post=2816"}],"version-history":[{"count":0,"href":"https:\/\/brasileia.shop\/index.php\/wp-json\/wp\/v2\/product\/2816\/revisions"}],"wp:featuredmedia":[{"embeddable":true,"href":"https:\/\/brasileia.shop\/index.php\/wp-json\/wp\/v2\/media\/2818"}],"wp:attachment":[{"href":"https:\/\/brasileia.shop\/index.php\/wp-json\/wp\/v2\/media?parent=2816"}],"wp:term":[{"taxonomy":"product_brand","embeddable":true,"href":"https:\/\/brasileia.shop\/index.php\/wp-json\/wp\/v2\/product_brand?post=2816"},{"taxonomy":"product_cat","embeddable":true,"href":"https:\/\/brasileia.shop\/index.php\/wp-json\/wp\/v2\/product_cat?post=2816"},{"taxonomy":"product_tag","embeddable":true,"href":"https:\/\/brasileia.shop\/index.php\/wp-json\/wp\/v2\/product_tag?post=2816"}],"curies":[{"name":"wp","href":"https:\/\/api.w.org\/{rel}","templated":true}]}}