{"id":2906,"date":"2023-09-17T09:20:57","date_gmt":"2023-09-17T09:20:57","guid":{"rendered":"https:\/\/brasileia.shop\/?post_type=product&#038;p=2906"},"modified":"2025-02-10T17:32:47","modified_gmt":"2025-02-10T17:32:47","slug":"kit-coco-jumbo-7","status":"publish","type":"product","link":"https:\/\/brasileia.shop\/index.php\/product\/kit-coco-jumbo-7\/","title":{"rendered":"KIT COCO JUMBO 7"},"content":{"rendered":"<div><span style=\"font-family: arial, sans-serif;\">Id\u00e9al pour cheveux secs, ab\u00eem\u00e9s et ternes. Nourrissant et revitalisant imm\u00e9diat.<\/span><\/div>\n<div><span style=\"font-family: arial, sans-serif;\"><strong>R\u00e9sultat:<\/strong> cheveux nourris et revitalis\u00e9s d\u00e8s le premier lavage.<\/span><\/div>\n<div>\n<div><\/div>\n<div><strong>Routine:<\/strong><\/div>\n<div>\n<div>\n<div>\n<div><span style=\"font-family: arial, sans-serif;\">1.\u00a0Appliquez le <em>shampooing<\/em>\u00a0<em><strong>Coco\u00a0Jumbo<\/strong>\u00a0<\/em>sur les cheveux mouill\u00e9s, de la racine jusqu\u2019aux pointes. Massez d\u00e9licatement jusqu\u2019\u00e0 ce que le produit mousse. Rincez bien et r\u00e9p\u00e9tez la proc\u00e9dure si n\u00e9cessaire.<br \/>\n<\/span>2.\u00a0Apr\u00e8s avoir lav\u00e9 vos cheveux avec le <em>shampooing<strong>\u00a0Coco Jumbo<\/strong><\/em>, pulv\u00e9risez l\u2019eau de coco\u00a0Coco Jumbo<em>\u00a0<\/em>sur des mains mouill\u00e9es et frottez-les l\u00e9g\u00e8rement pour activer le produit, qui se r\u00e9chauffera et pr\u00e9sentera une texture cr\u00e9meuse et une couleur terne. Massez compl\u00e8tement les cheveux. Rincez. Il n\u2019est pas n\u00e9cessaire d\u2019appliquer un apr\u00e8s-shampooing apr\u00e8s l\u2019utilisation, mais il peut \u00eatre utilis\u00e9 apr\u00e8s le traitement (masque) si vous le souhaitez.<span style=\"font-family: arial, sans-serif;\"><br \/>\n<\/span><\/div>\n<div><span style=\"font-family: arial, sans-serif;\">3. A<\/span>ppliquez l\u2019<em>apr\u00e8s-shampooing<strong>\u00a0Coco\u00a0Jumbo<\/strong><\/em>\u00a0<wbr \/>en massant les cheveux soigneusement. Rincez bien.<\/div>\n<\/div>\n<div>4. Appliquez la cr\u00e8me coiffante\u00a0Coco\u00a0Jumbo\u00a0sur les cheveux lav\u00e9s et conditionn\u00e9s, encore humides, sur toute la surface. Pas besoin de rincer. Peignez et finalisez comme d\u2019habitude. Recommand\u00e9e pour une utilisation avec un s\u00e9choir et\/ou une plaque.\u00a0(brushing).<span style=\"font-family: arial, sans-serif;\">\u00a0<\/span><\/div>\n<div><span style=\"font-family: arial, sans-serif;\">5. Utilis\u00e9 comme cr\u00e8me sans rin\u00e7age (leave-in)<\/span>: apr\u00e8s avoir lav\u00e9 et humidifi\u00e9 les cheveux, appliquez le <em>lait de coco<\/em>\u00a0<em><strong>Coco\u00a0Jumbo<\/strong>\u00a0<\/em>sur toute la longueur des cheveux. Peignez et terminez comme d\u2019habitude. Il est \u00e9galement recommand\u00e9 de l\u2019utiliser avec le s\u00e9choir et\/ou les plaques.<\/div>\n<p>Utilis\u00e9 comme r\u00e9activateur: sur cheveux secs, appliquez le<em> lait de coco<\/em>\u00a0<em><strong>Coco\u00a0Jumbo<\/strong>\u00a0<\/em>des longueurs aux pointes, en moulant les m\u00e8ches avec les doigts pour activer la texture et le mouvement naturels des cheveux.<\/div>\n<div>Contient un protecteur thermique et un filtre solaire, donc tr\u00e8s conseill\u00e9 pour l&rsquo;utilisation \u00e0 la mer et \u00e0 la piscine.<\/div>\n<div>6. Peut \u00eatre utilis\u00e9 comme un bain d&rsquo;huile avant le lavage des cheveux (pr\u00e9-lavage):\u00a0appliquez l&rsquo;<em>huile multifonctionnelle<\/em>\u00a0<em><strong>Coco\u00a0Jumbo<\/strong><\/em>\u00a0<em><wbr \/><\/em>sur les cheveux secs, de la racine \u00e0 la pointe, m\u00e8che par m\u00e8che, en enroulant les cheveux et en massant le cuir chevelu. Laissez agir pendant 30 minutes. Si vous le souhaitez, utilisez un bonnet thermique pendant le temps de pause. Rincez, conditionnez et finalisez les cheveux.<\/div>\n<div>Peut \u00eatre utilis\u00e9 comme un bain d&rsquo;huile durant la nuit (nocturne): appliquez\u00a0\u00a0\u00a0l&rsquo;<em>huile multifonctionnelle\u00a0<strong>Coco\u00a0Jumbo<\/strong><wbr \/>c<\/em>omme expliqu\u00e9 dans le pr\u00e9-lavage. Si n\u00e9cessaire, retirez l\u2019exc\u00e9dent avec une serviette pour qu\u2019il ne coule pas. Mettez un bonnet en plastique (non thermique) ou enveloppez vos cheveux dans un tissu. Le matin, lavez, conditionnez et finalisez vos cheveux.<br \/>\nPeut \u00eatre utilis\u00e9 avec le masque: ajoutez 1 ou 2 cuill\u00e8res \u00e0 dessert de\u00a0\u00a0l<em>&lsquo;huile multifonctionnelle\u00a0<strong>Coco\u00a0Jumbo<\/strong><wbr \/><\/em>au masque, laissez agir pendant 3 minutes. Rincez, conditionnez et finalisez les cheveux.<\/div>\n<\/div>\n<\/div>\n","protected":false},"excerpt":{"rendered":"<p>Id\u00e9al pour cheveux secs, ab\u00eem\u00e9s et ternes. Nourrissant et revitalisant imm\u00e9diat. R\u00e9sultat: cheveux nourris et revitalis\u00e9s d\u00e8s le premier lavage. Routine: 1.\u00a0Appliquez le shampooing\u00a0Coco\u00a0Jumbo\u00a0sur les cheveux mouill\u00e9s, de la racine jusqu\u2019aux pointes. Massez d\u00e9licatement jusqu\u2019\u00e0 ce que le produit mousse. Rincez bien et r\u00e9p\u00e9tez la proc\u00e9dure si n\u00e9cessaire. 2.\u00a0Apr\u00e8s avoir lav\u00e9 vos cheveux avec le [&hellip;]<\/p>\n","protected":false},"featured_media":2907,"comment_status":"open","ping_status":"closed","template":"","meta":{"ocean_post_layout":"","ocean_both_sidebars_style":"","ocean_both_sidebars_content_width":0,"ocean_both_sidebars_sidebars_width":0,"ocean_sidebar":"0","ocean_second_sidebar":"0","ocean_disable_margins":"enable","ocean_add_body_class":"","ocean_shortcode_before_top_bar":"","ocean_shortcode_after_top_bar":"","ocean_shortcode_before_header":"","ocean_shortcode_after_header":"","ocean_has_shortcode":"","ocean_shortcode_after_title":"","ocean_shortcode_before_footer_widgets":"","ocean_shortcode_after_footer_widgets":"","ocean_shortcode_before_footer_bottom":"","ocean_shortcode_after_footer_bottom":"","ocean_display_top_bar":"default","ocean_display_header":"default","ocean_header_style":"","ocean_center_header_left_menu":"0","ocean_custom_header_template":"0","ocean_custom_logo":0,"ocean_custom_retina_logo":0,"ocean_custom_logo_max_width":0,"ocean_custom_logo_tablet_max_width":0,"ocean_custom_logo_mobile_max_width":0,"ocean_custom_logo_max_height":0,"ocean_custom_logo_tablet_max_height":0,"ocean_custom_logo_mobile_max_height":0,"ocean_header_custom_menu":"0","ocean_menu_typo_font_family":"0","ocean_menu_typo_font_subset":"","ocean_menu_typo_font_size":0,"ocean_menu_typo_font_size_tablet":0,"ocean_menu_typo_font_size_mobile":0,"ocean_menu_typo_font_size_unit":"px","ocean_menu_typo_font_weight":"","ocean_menu_typo_font_weight_tablet":"","ocean_menu_typo_font_weight_mobile":"","ocean_menu_typo_transform":"","ocean_menu_typo_transform_tablet":"","ocean_menu_typo_transform_mobile":"","ocean_menu_typo_line_height":0,"ocean_menu_typo_line_height_tablet":0,"ocean_menu_typo_line_height_mobile":0,"ocean_menu_typo_line_height_unit":"","ocean_menu_typo_spacing":0,"ocean_menu_typo_spacing_tablet":0,"ocean_menu_typo_spacing_mobile":0,"ocean_menu_typo_spacing_unit":"","ocean_menu_link_color":"","ocean_menu_link_color_hover":"","ocean_menu_link_color_active":"","ocean_menu_link_background":"","ocean_menu_link_hover_background":"","ocean_menu_link_active_background":"","ocean_menu_social_links_bg":"","ocean_menu_social_hover_links_bg":"","ocean_menu_social_links_color":"","ocean_menu_social_hover_links_color":"","ocean_disable_title":"default","ocean_disable_heading":"default","ocean_post_title":"","ocean_post_subheading":"","ocean_post_title_style":"","ocean_post_title_background_color":"","ocean_post_title_background":0,"ocean_post_title_bg_image_position":"","ocean_post_title_bg_image_attachment":"","ocean_post_title_bg_image_repeat":"","ocean_post_title_bg_image_size":"","ocean_post_title_height":0,"ocean_post_title_bg_overlay":0.5,"ocean_post_title_bg_overlay_color":"","ocean_disable_breadcrumbs":"default","ocean_breadcrumbs_color":"","ocean_breadcrumbs_separator_color":"","ocean_breadcrumbs_links_color":"","ocean_breadcrumbs_links_hover_color":"","ocean_display_footer_widgets":"default","ocean_display_footer_bottom":"default","ocean_custom_footer_template":"0"},"product_brand":[],"product_cat":[98,105],"product_tag":[],"class_list":{"0":"post-2906","1":"product","2":"type-product","3":"status-publish","4":"has-post-thumbnail","6":"product_cat-kits","7":"product_cat-kits-coco-jumbo","9":"entry","10":"has-media","12":"first","13":"instock","14":"sale","15":"taxable","16":"shipping-taxable","17":"purchasable","18":"product-type-simple","19":"has-product-nav","20":"col","21":"span_1_of_3","22":"owp-content-center","23":"owp-thumbs-layout-horizontal","24":"owp-btn-normal","25":"owp-tabs-layout-horizontal","26":"has-no-thumbnails"},"jetpack_sharing_enabled":true,"_links":{"self":[{"href":"https:\/\/brasileia.shop\/index.php\/wp-json\/wp\/v2\/product\/2906","targetHints":{"allow":["GET"]}}],"collection":[{"href":"https:\/\/brasileia.shop\/index.php\/wp-json\/wp\/v2\/product"}],"about":[{"href":"https:\/\/brasileia.shop\/index.php\/wp-json\/wp\/v2\/types\/product"}],"replies":[{"embeddable":true,"href":"https:\/\/brasileia.shop\/index.php\/wp-json\/wp\/v2\/comments?post=2906"}],"version-history":[{"count":0,"href":"https:\/\/brasileia.shop\/index.php\/wp-json\/wp\/v2\/product\/2906\/revisions"}],"wp:featuredmedia":[{"embeddable":true,"href":"https:\/\/brasileia.shop\/index.php\/wp-json\/wp\/v2\/media\/2907"}],"wp:attachment":[{"href":"https:\/\/brasileia.shop\/index.php\/wp-json\/wp\/v2\/media?parent=2906"}],"wp:term":[{"taxonomy":"product_brand","embeddable":true,"href":"https:\/\/brasileia.shop\/index.php\/wp-json\/wp\/v2\/product_brand?post=2906"},{"taxonomy":"product_cat","embeddable":true,"href":"https:\/\/brasileia.shop\/index.php\/wp-json\/wp\/v2\/product_cat?post=2906"},{"taxonomy":"product_tag","embeddable":true,"href":"https:\/\/brasileia.shop\/index.php\/wp-json\/wp\/v2\/product_tag?post=2906"}],"curies":[{"name":"wp","href":"https:\/\/api.w.org\/{rel}","templated":true}]}}