{"id":2994,"date":"2023-09-18T11:33:02","date_gmt":"2023-09-18T11:33:02","guid":{"rendered":"https:\/\/brasileia.shop\/?post_type=product&#038;p=2994"},"modified":"2024-11-23T19:04:57","modified_gmt":"2024-11-23T19:04:57","slug":"kit-coco-jumbo-48","status":"publish","type":"product","link":"https:\/\/brasileia.shop\/index.php\/product\/kit-coco-jumbo-48\/","title":{"rendered":"KIT COCO JUMBO 48"},"content":{"rendered":"<div><span style=\"font-family: arial, sans-serif;\">Id\u00e9al pour cheveux secs, ab\u00eem\u00e9s et ternes. Nourrissant et revitalisant imm\u00e9diat.<\/span><\/div>\n<div><span style=\"font-family: arial, sans-serif;\"><strong>R\u00e9sultat:<\/strong> cheveux nourris et revitalis\u00e9s d\u00e8s le premier lavage.<\/span><\/div>\n<div>\n<div><\/div>\n<div><strong>Routine:<\/strong><\/div>\n<div>\n<div><em>1. Pulv\u00e9risez l\u2019eau de coco\u00a0<b>Coco Jumbo<\/b><\/em>sur des mains mouill\u00e9es et frottez-les l\u00e9g\u00e8rement pour activer le produit, qui se r\u00e9chauffera et pr\u00e9sentera une texture cr\u00e9meuse et une couleur terne. Massez compl\u00e8tement les cheveux. Rincez. Il n\u2019est pas n\u00e9cessaire d\u2019appliquer un apr\u00e8s-shampooing apr\u00e8s l\u2019utilisation, mais il peut \u00eatre utilis\u00e9 apr\u00e8s le traitement (masque) si vous le souhaitez.<\/div>\n<\/div>\n<div><span style=\"font-family: arial, sans-serif;\">2. Utilis\u00e9 comme cr\u00e8me sans rin\u00e7age (leave-in)<\/span>: apr\u00e8s avoir lav\u00e9 et humidifi\u00e9 les cheveux, appliquez le <em>lait de coco<\/em>\u00a0<em><strong>Coco\u00a0Jumbo<\/strong>\u00a0<\/em>sur toute la longueur des cheveux. Peignez et terminez comme d\u2019habitude. Il est \u00e9galement recommand\u00e9 de l\u2019utiliser avec le s\u00e9choir et\/ou les plaques.<\/div>\n<div>\n<div>Utilis\u00e9 comme r\u00e9activateur: sur cheveux secs, appliquez le <em>lait de coco<\/em>\u00a0<strong><em>Coco\u00a0Jumbo\u00a0<\/em><\/strong>des longueurs aux pointes, en moulant les m\u00e8ches avec les doigts pour activer la texture et le mouvement naturels des cheveux.<\/div>\n<div>Contient un protecteur thermique et un filtre solaire, donc tr\u00e8s conseill\u00e9 pour l&rsquo;utilisation \u00e0 la mer et \u00e0 la piscine.<\/div>\n<\/div>\n<\/div>\n","protected":false},"excerpt":{"rendered":"<p>Id\u00e9al pour cheveux secs, ab\u00eem\u00e9s et ternes. Nourrissant et revitalisant imm\u00e9diat. R\u00e9sultat: cheveux nourris et revitalis\u00e9s d\u00e8s le premier lavage. Routine: 1. Pulv\u00e9risez l\u2019eau de coco\u00a0Coco Jumbosur des mains mouill\u00e9es et frottez-les l\u00e9g\u00e8rement pour activer le produit, qui se r\u00e9chauffera et pr\u00e9sentera une texture cr\u00e9meuse et une couleur terne. Massez compl\u00e8tement les cheveux. Rincez. Il [&hellip;]<\/p>\n","protected":false},"featured_media":2995,"comment_status":"open","ping_status":"closed","template":"","meta":{"ocean_post_layout":"","ocean_both_sidebars_style":"","ocean_both_sidebars_content_width":0,"ocean_both_sidebars_sidebars_width":0,"ocean_sidebar":"0","ocean_second_sidebar":"0","ocean_disable_margins":"enable","ocean_add_body_class":"","ocean_shortcode_before_top_bar":"","ocean_shortcode_after_top_bar":"","ocean_shortcode_before_header":"","ocean_shortcode_after_header":"","ocean_has_shortcode":"","ocean_shortcode_after_title":"","ocean_shortcode_before_footer_widgets":"","ocean_shortcode_after_footer_widgets":"","ocean_shortcode_before_footer_bottom":"","ocean_shortcode_after_footer_bottom":"","ocean_display_top_bar":"default","ocean_display_header":"default","ocean_header_style":"","ocean_center_header_left_menu":"0","ocean_custom_header_template":"0","ocean_custom_logo":0,"ocean_custom_retina_logo":0,"ocean_custom_logo_max_width":0,"ocean_custom_logo_tablet_max_width":0,"ocean_custom_logo_mobile_max_width":0,"ocean_custom_logo_max_height":0,"ocean_custom_logo_tablet_max_height":0,"ocean_custom_logo_mobile_max_height":0,"ocean_header_custom_menu":"0","ocean_menu_typo_font_family":"0","ocean_menu_typo_font_subset":"","ocean_menu_typo_font_size":0,"ocean_menu_typo_font_size_tablet":0,"ocean_menu_typo_font_size_mobile":0,"ocean_menu_typo_font_size_unit":"px","ocean_menu_typo_font_weight":"","ocean_menu_typo_font_weight_tablet":"","ocean_menu_typo_font_weight_mobile":"","ocean_menu_typo_transform":"","ocean_menu_typo_transform_tablet":"","ocean_menu_typo_transform_mobile":"","ocean_menu_typo_line_height":0,"ocean_menu_typo_line_height_tablet":0,"ocean_menu_typo_line_height_mobile":0,"ocean_menu_typo_line_height_unit":"","ocean_menu_typo_spacing":0,"ocean_menu_typo_spacing_tablet":0,"ocean_menu_typo_spacing_mobile":0,"ocean_menu_typo_spacing_unit":"","ocean_menu_link_color":"","ocean_menu_link_color_hover":"","ocean_menu_link_color_active":"","ocean_menu_link_background":"","ocean_menu_link_hover_background":"","ocean_menu_link_active_background":"","ocean_menu_social_links_bg":"","ocean_menu_social_hover_links_bg":"","ocean_menu_social_links_color":"","ocean_menu_social_hover_links_color":"","ocean_disable_title":"default","ocean_disable_heading":"default","ocean_post_title":"","ocean_post_subheading":"","ocean_post_title_style":"","ocean_post_title_background_color":"","ocean_post_title_background":0,"ocean_post_title_bg_image_position":"","ocean_post_title_bg_image_attachment":"","ocean_post_title_bg_image_repeat":"","ocean_post_title_bg_image_size":"","ocean_post_title_height":0,"ocean_post_title_bg_overlay":0.5,"ocean_post_title_bg_overlay_color":"","ocean_disable_breadcrumbs":"default","ocean_breadcrumbs_color":"","ocean_breadcrumbs_separator_color":"","ocean_breadcrumbs_links_color":"","ocean_breadcrumbs_links_hover_color":"","ocean_display_footer_widgets":"default","ocean_display_footer_bottom":"default","ocean_custom_footer_template":"0"},"product_brand":[],"product_cat":[98,105],"product_tag":[],"class_list":{"0":"post-2994","1":"product","2":"type-product","3":"status-publish","4":"has-post-thumbnail","6":"product_cat-kits","7":"product_cat-kits-coco-jumbo","9":"entry","10":"has-media","12":"first","13":"instock","14":"sale","15":"taxable","16":"shipping-taxable","17":"purchasable","18":"product-type-simple","19":"has-product-nav","20":"col","21":"span_1_of_3","22":"owp-content-center","23":"owp-thumbs-layout-horizontal","24":"owp-btn-normal","25":"owp-tabs-layout-horizontal","26":"has-no-thumbnails"},"jetpack_sharing_enabled":true,"_links":{"self":[{"href":"https:\/\/brasileia.shop\/index.php\/wp-json\/wp\/v2\/product\/2994","targetHints":{"allow":["GET"]}}],"collection":[{"href":"https:\/\/brasileia.shop\/index.php\/wp-json\/wp\/v2\/product"}],"about":[{"href":"https:\/\/brasileia.shop\/index.php\/wp-json\/wp\/v2\/types\/product"}],"replies":[{"embeddable":true,"href":"https:\/\/brasileia.shop\/index.php\/wp-json\/wp\/v2\/comments?post=2994"}],"version-history":[{"count":0,"href":"https:\/\/brasileia.shop\/index.php\/wp-json\/wp\/v2\/product\/2994\/revisions"}],"wp:featuredmedia":[{"embeddable":true,"href":"https:\/\/brasileia.shop\/index.php\/wp-json\/wp\/v2\/media\/2995"}],"wp:attachment":[{"href":"https:\/\/brasileia.shop\/index.php\/wp-json\/wp\/v2\/media?parent=2994"}],"wp:term":[{"taxonomy":"product_brand","embeddable":true,"href":"https:\/\/brasileia.shop\/index.php\/wp-json\/wp\/v2\/product_brand?post=2994"},{"taxonomy":"product_cat","embeddable":true,"href":"https:\/\/brasileia.shop\/index.php\/wp-json\/wp\/v2\/product_cat?post=2994"},{"taxonomy":"product_tag","embeddable":true,"href":"https:\/\/brasileia.shop\/index.php\/wp-json\/wp\/v2\/product_tag?post=2994"}],"curies":[{"name":"wp","href":"https:\/\/api.w.org\/{rel}","templated":true}]}}