{"id":3068,"date":"2023-09-19T18:20:24","date_gmt":"2023-09-19T18:20:24","guid":{"rendered":"https:\/\/brasileia.shop\/?post_type=product&#038;p=3068"},"modified":"2025-02-10T17:32:46","modified_gmt":"2025-02-10T17:32:46","slug":"kit-olive-garden-18","status":"publish","type":"product","link":"https:\/\/brasileia.shop\/index.php\/product\/kit-olive-garden-18\/","title":{"rendered":"KIT OLIVE GARDEN 18"},"content":{"rendered":"<div>Id\u00e9al pour cheveux secs, ab\u00eem\u00e9s, fragiles\u00a0et cassants.<br \/>\n<strong>R\u00e9sultat:<\/strong> apporte une hydratation intense.<\/div>\n<div><\/div>\n<div><strong>Routine:<\/strong><\/div>\n<div><em>1. <\/em>Appliquez la <em>cr\u00e8me coiffante<\/em>\u00a0<em><strong>Olive Garden<\/strong><\/em>\u00a0sur les cheveux lav\u00e9s et conditionn\u00e9s, encore humides, sur toute la surface. Pas besoin de rincer. Peignez et finalisez comme d\u2019habitude. Recommand\u00e9e pour une utilisation avec un s\u00e9choir et\/ou une plaque.\u00a0(brushing).<\/div>\n<div>\n<div>\n<div>2. Peut \u00eatre utilis\u00e9 comme un bain d&rsquo;huile avant le lavage des cheveux (pr\u00e9-lavage):\u00a0appliquez l&rsquo;<em>huile d&rsquo;humectage<\/em>\u00a0<em><strong>Olive Garden\u00a0<\/strong><\/em>sur les cheveux secs, de la racine \u00e0 la pointe, m\u00e8che par m\u00e8che, en enroulant les cheveux et en massant le cuir chevelu. Laissez agir pendant 30 minutes. Si vous le souhaitez, utilisez un bonnet thermique pendant le temps de pause. Rincez, conditionnez et finalisez les cheveux.<\/div>\n<\/div>\n<div>Peut \u00eatre utilis\u00e9 comme un bain d&rsquo;huile durant la nuit (nocturne): appliquez\u00a0\u00a0l&rsquo;huile d&rsquo;humectage\u00a0Olive Garden\u00a0comme expliqu\u00e9 dans le pr\u00e9-lavage. Si n\u00e9cessaire, retirez l\u2019exc\u00e9dent avec une serviette pour qu\u2019il ne coule pas. Mettez un bonnet en plastique (non thermique) ou enveloppez vos cheveux dans un tissu. Le matin, lavez, conditionnez et finalisez vos cheveux.<br \/>\nPeut \u00eatre utilis\u00e9 avec le masque: ajoutez 1 ou 2 cuill\u00e8res \u00e0 dessert de\u00a0l&rsquo;<em>huile d&rsquo;humectage<strong>\u00a0Olive Garden<\/strong><\/em>\u00a0au masque, laissez agir pendant 3 minutes. Rincez, conditionnez et finalisez les cheveux.<\/div>\n<\/div>\n","protected":false},"excerpt":{"rendered":"<p>Id\u00e9al pour cheveux secs, ab\u00eem\u00e9s, fragiles\u00a0et cassants. R\u00e9sultat: apporte une hydratation intense. Routine: 1. Appliquez la cr\u00e8me coiffante\u00a0Olive Garden\u00a0sur les cheveux lav\u00e9s et conditionn\u00e9s, encore humides, sur toute la surface. Pas besoin de rincer. Peignez et finalisez comme d\u2019habitude. Recommand\u00e9e pour une utilisation avec un s\u00e9choir et\/ou une plaque.\u00a0(brushing). 2. Peut \u00eatre utilis\u00e9 comme un [&hellip;]<\/p>\n","protected":false},"featured_media":3069,"comment_status":"open","ping_status":"closed","template":"","meta":{"ocean_post_layout":"","ocean_both_sidebars_style":"","ocean_both_sidebars_content_width":0,"ocean_both_sidebars_sidebars_width":0,"ocean_sidebar":"0","ocean_second_sidebar":"0","ocean_disable_margins":"enable","ocean_add_body_class":"","ocean_shortcode_before_top_bar":"","ocean_shortcode_after_top_bar":"","ocean_shortcode_before_header":"","ocean_shortcode_after_header":"","ocean_has_shortcode":"","ocean_shortcode_after_title":"","ocean_shortcode_before_footer_widgets":"","ocean_shortcode_after_footer_widgets":"","ocean_shortcode_before_footer_bottom":"","ocean_shortcode_after_footer_bottom":"","ocean_display_top_bar":"default","ocean_display_header":"default","ocean_header_style":"","ocean_center_header_left_menu":"0","ocean_custom_header_template":"0","ocean_custom_logo":0,"ocean_custom_retina_logo":0,"ocean_custom_logo_max_width":0,"ocean_custom_logo_tablet_max_width":0,"ocean_custom_logo_mobile_max_width":0,"ocean_custom_logo_max_height":0,"ocean_custom_logo_tablet_max_height":0,"ocean_custom_logo_mobile_max_height":0,"ocean_header_custom_menu":"0","ocean_menu_typo_font_family":"0","ocean_menu_typo_font_subset":"","ocean_menu_typo_font_size":0,"ocean_menu_typo_font_size_tablet":0,"ocean_menu_typo_font_size_mobile":0,"ocean_menu_typo_font_size_unit":"px","ocean_menu_typo_font_weight":"","ocean_menu_typo_font_weight_tablet":"","ocean_menu_typo_font_weight_mobile":"","ocean_menu_typo_transform":"","ocean_menu_typo_transform_tablet":"","ocean_menu_typo_transform_mobile":"","ocean_menu_typo_line_height":0,"ocean_menu_typo_line_height_tablet":0,"ocean_menu_typo_line_height_mobile":0,"ocean_menu_typo_line_height_unit":"","ocean_menu_typo_spacing":0,"ocean_menu_typo_spacing_tablet":0,"ocean_menu_typo_spacing_mobile":0,"ocean_menu_typo_spacing_unit":"","ocean_menu_link_color":"","ocean_menu_link_color_hover":"","ocean_menu_link_color_active":"","ocean_menu_link_background":"","ocean_menu_link_hover_background":"","ocean_menu_link_active_background":"","ocean_menu_social_links_bg":"","ocean_menu_social_hover_links_bg":"","ocean_menu_social_links_color":"","ocean_menu_social_hover_links_color":"","ocean_disable_title":"default","ocean_disable_heading":"default","ocean_post_title":"","ocean_post_subheading":"","ocean_post_title_style":"","ocean_post_title_background_color":"","ocean_post_title_background":0,"ocean_post_title_bg_image_position":"","ocean_post_title_bg_image_attachment":"","ocean_post_title_bg_image_repeat":"","ocean_post_title_bg_image_size":"","ocean_post_title_height":0,"ocean_post_title_bg_overlay":0.5,"ocean_post_title_bg_overlay_color":"","ocean_disable_breadcrumbs":"default","ocean_breadcrumbs_color":"","ocean_breadcrumbs_separator_color":"","ocean_breadcrumbs_links_color":"","ocean_breadcrumbs_links_hover_color":"","ocean_display_footer_widgets":"default","ocean_display_footer_bottom":"default","ocean_custom_footer_template":"0"},"product_brand":[],"product_cat":[98,106],"product_tag":[],"class_list":{"0":"post-3068","1":"product","2":"type-product","3":"status-publish","4":"has-post-thumbnail","6":"product_cat-kits","7":"product_cat-kits-olive-garden","9":"entry","10":"has-media","12":"first","13":"instock","14":"sale","15":"taxable","16":"shipping-taxable","17":"purchasable","18":"product-type-simple","19":"has-product-nav","20":"col","21":"span_1_of_3","22":"owp-content-center","23":"owp-thumbs-layout-horizontal","24":"owp-btn-normal","25":"owp-tabs-layout-horizontal","26":"has-no-thumbnails"},"jetpack_sharing_enabled":true,"_links":{"self":[{"href":"https:\/\/brasileia.shop\/index.php\/wp-json\/wp\/v2\/product\/3068","targetHints":{"allow":["GET"]}}],"collection":[{"href":"https:\/\/brasileia.shop\/index.php\/wp-json\/wp\/v2\/product"}],"about":[{"href":"https:\/\/brasileia.shop\/index.php\/wp-json\/wp\/v2\/types\/product"}],"replies":[{"embeddable":true,"href":"https:\/\/brasileia.shop\/index.php\/wp-json\/wp\/v2\/comments?post=3068"}],"version-history":[{"count":1,"href":"https:\/\/brasileia.shop\/index.php\/wp-json\/wp\/v2\/product\/3068\/revisions"}],"predecessor-version":[{"id":5112,"href":"https:\/\/brasileia.shop\/index.php\/wp-json\/wp\/v2\/product\/3068\/revisions\/5112"}],"wp:featuredmedia":[{"embeddable":true,"href":"https:\/\/brasileia.shop\/index.php\/wp-json\/wp\/v2\/media\/3069"}],"wp:attachment":[{"href":"https:\/\/brasileia.shop\/index.php\/wp-json\/wp\/v2\/media?parent=3068"}],"wp:term":[{"taxonomy":"product_brand","embeddable":true,"href":"https:\/\/brasileia.shop\/index.php\/wp-json\/wp\/v2\/product_brand?post=3068"},{"taxonomy":"product_cat","embeddable":true,"href":"https:\/\/brasileia.shop\/index.php\/wp-json\/wp\/v2\/product_cat?post=3068"},{"taxonomy":"product_tag","embeddable":true,"href":"https:\/\/brasileia.shop\/index.php\/wp-json\/wp\/v2\/product_tag?post=3068"}],"curies":[{"name":"wp","href":"https:\/\/api.w.org\/{rel}","templated":true}]}}