{"id":41,"date":"2023-06-11T08:26:51","date_gmt":"2023-06-11T08:26:51","guid":{"rendered":"https:\/\/brasileia.shop\/?post_type=product&#038;p=41"},"modified":"2025-12-13T12:01:44","modified_gmt":"2025-12-13T12:01:44","slug":"gamme-curlove","status":"publish","type":"product","link":"https:\/\/brasileia.shop\/index.php\/product\/gamme-curlove\/","title":{"rendered":"GAMME CURLOVE"},"content":{"rendered":"\t\t<div data-elementor-type=\"wp-post\" data-elementor-id=\"41\" class=\"elementor elementor-41\">\n\t\t\t\t\t\t<section class=\"elementor-section elementor-top-section elementor-element elementor-element-3b10956e elementor-section-boxed elementor-section-height-default elementor-section-height-default\" data-id=\"3b10956e\" data-element_type=\"section\" data-e-type=\"section\">\n\t\t\t\t\t\t<div class=\"elementor-container elementor-column-gap-default\">\n\t\t\t\t\t<div class=\"elementor-column elementor-col-100 elementor-top-column elementor-element elementor-element-6b483f4\" data-id=\"6b483f4\" data-element_type=\"column\" data-e-type=\"column\">\n\t\t\t<div class=\"elementor-widget-wrap elementor-element-populated\">\n\t\t\t\t\t\t<div class=\"elementor-element elementor-element-321e24ee elementor-widget elementor-widget-text-editor\" data-id=\"321e24ee\" data-element_type=\"widget\" data-e-type=\"widget\" data-widget_type=\"text-editor.default\">\n\t\t\t\t<div class=\"elementor-widget-container\">\n\t\t\t\t\t\t\t\t\t<div>Avec l&rsquo;objectif de combiner la qualit\u00e9 des produits et la technologie de pointe avec des ingr\u00e9dients naturels, la gamme <em><strong>Curlove<\/strong><\/em>\u00a0de\u00a0<strong>BRASILEIA COSMETICS<\/strong>\u00a0aide \u00e0 d\u00e9finir et \u00e0 traiter les cheveux ondul\u00e9s, boucl\u00e9s, et fris\u00e9s (2A \u00e0 4C). Nous osons cr\u00e9er ce en quoi nous croyons, avec des ingr\u00e9dients actifs qui font la diff\u00e9rence : le collag\u00e8ne v\u00e9g\u00e9tal donne de la d\u00e9finition et de la texture aux m\u00e8ches, le beurre de karit\u00e9 restructure la fibre capillaire et r\u00e9tablit l&rsquo;hydratation, l&rsquo;huile de coco forme un film aux propri\u00e9t\u00e9s bioadh\u00e9sives qui prolonge la finition et nourrit bien les boucles. Ainsi, des m\u00e8ches d\u00e9finies et un mouvement naturel tout au long de la journ\u00e9e.<br \/><strong>R\u00e9sultats :<\/strong> Cheveux bien hydrat\u00e9s, nourris et des boucles bien d\u00e9finies et soyeux!<br \/>Une gamme Vegan, ce qui signifie: non test\u00e9e sur les animaux et exempte d&rsquo;ingr\u00e9dients d&rsquo;origine animale.<\/div><div>\u00a0<\/div><div><p style=\"font-weight: 400;\"><strong>LES ACTIFS<\/strong><\/p><p style=\"font-weight: 400;\"><strong>Le collag\u00e8ne<\/strong><br \/>Le collag\u00e8ne est une prot\u00e9ine fibreuse pr\u00e9sente naturellement dans notre corps. Il poss\u00e8de d\u2019\u00e9normes bienfaits capillaires. Il contribue \u00e0 renforcer les follicules pileux, ce qui peut aider \u00e0 r\u00e9duire la casse des cheveux et \u00e0 favoriser leur croissance. Il maintient l&rsquo;\u00e9lasticit\u00e9 des cheveux, ce qui peut aider \u00e0 pr\u00e9venir la fragilit\u00e9 et les pointes fourchues. Il contribue \u00e0 maintenir l&rsquo;hydratation du cuir chevelu, ce qui aide \u00e0 rendre les cheveux plus brillants et plus sains. Enfin, il favorise la croissance des cheveux en renfor\u00e7ant les racines et les follicules.<\/p><p style=\"font-weight: 400;\"><strong>L\u2019huile de coco<\/strong><br \/>L\u2019huile de coco a une structure mol\u00e9culaire unique qui lui permet de p\u00e9n\u00e9trer profond\u00e9ment dans la tige du cheveu, offrant ainsi une hydratation intense. Elle aide \u00e0 pr\u00e9venir la s\u00e9cheresse des cheveux, en les rendant plus doux, plus souples et plus maniables.<br \/>Riche en acides gras et en vitamines, l\u2019huile de coco est aussi b\u00e9n\u00e9fique pour r\u00e9parer les cheveux ab\u00eem\u00e9s. Elle p\u00e9n\u00e8tre dans les zones endommag\u00e9es des cheveux, aidant \u00e0 sceller les br\u00e8ches dans la cuticule et \u00e0 r\u00e9duire l\u2019apparence des pointes fourchues.<br \/>Elle forme une barri\u00e8re protectrice autour des cheveux, les aidant \u00e0 r\u00e9sister aux dommages caus\u00e9s par les facteurs environnementaux tels que le soleil, la chaleur des outils de coiffage et la pollution.<br \/>L\u2019huile de coco stimule aussi la croissance des cheveux en nourrissant le cuir chevelu et en am\u00e9liorant la circulation sanguine. Elle peut \u00e9galement aider \u00e0 r\u00e9duire la chute des cheveux en renfor\u00e7ant les follicules pileux.<\/p><p style=\"font-weight: 400;\"><strong>Le beurre de karit\u00e9<\/strong><br \/>Le beurre de karit\u00e9 est riche en acides gras, notamment en acides gras essentiels tels que l&rsquo;acide linol\u00e9ique et l&rsquo;acide ol\u00e9ique. Ces composants aident \u00e0 maintenir l&rsquo;hydratation des cheveux, en les rendant doux et souples.\u00a0En scellant l&rsquo;humidit\u00e9 dans les cheveux, il peut aider \u00e0 pr\u00e9venir les frisottis et \u00e0 r\u00e9duire les pointes fourchues et \u00e0 restaurer la sant\u00e9 des cheveux ab\u00eem\u00e9s gr\u00e2ce \u00e0 ses propri\u00e9t\u00e9s \u00e9mollientes. En cr\u00e9ant une barri\u00e8re protectrice sur les cheveux, le beurre de karit\u00e9 peut offrir aussi une certaine protection contre les dommages caus\u00e9s par la chaleur des outils de coiffage tels que les plaques et les s\u00e9choirs, et les agressions ext\u00e9rieures telles que les rayons UV du soleil, la pollution et les produits chimiques.<\/p><\/div>\t\t\t\t\t\t\t\t<\/div>\n\t\t\t\t<\/div>\n\t\t\t\t\t<\/div>\n\t\t<\/div>\n\t\t\t\t\t<\/div>\n\t\t<\/section>\n\t\t\t\t<section class=\"elementor-section elementor-top-section elementor-element elementor-element-5d89e67 elementor-section-stretched elementor-section-boxed elementor-section-height-default elementor-section-height-default\" data-id=\"5d89e67\" data-element_type=\"section\" data-e-type=\"section\" data-settings=\"{&quot;stretch_section&quot;:&quot;section-stretched&quot;,&quot;background_background&quot;:&quot;classic&quot;}\">\n\t\t\t\t\t\t<div class=\"elementor-container elementor-column-gap-default\">\n\t\t\t\t\t<div class=\"elementor-column elementor-col-100 elementor-top-column elementor-element elementor-element-904535e\" data-id=\"904535e\" data-element_type=\"column\" data-e-type=\"column\">\n\t\t\t<div class=\"elementor-widget-wrap elementor-element-populated\">\n\t\t\t\t\t\t<section class=\"elementor-section elementor-inner-section elementor-element elementor-element-39e74eb elementor-section-boxed elementor-section-height-default elementor-section-height-default\" data-id=\"39e74eb\" data-element_type=\"section\" data-e-type=\"section\">\n\t\t\t\t\t\t<div class=\"elementor-container elementor-column-gap-default\">\n\t\t\t\t\t<div class=\"elementor-column elementor-col-20 elementor-inner-column elementor-element elementor-element-3814a31\" data-id=\"3814a31\" data-element_type=\"column\" data-e-type=\"column\">\n\t\t\t<div class=\"elementor-widget-wrap\">\n\t\t\t\t\t\t\t<\/div>\n\t\t<\/div>\n\t\t\t\t<div class=\"elementor-column elementor-col-20 elementor-inner-column elementor-element elementor-element-a375b14\" data-id=\"a375b14\" data-element_type=\"column\" data-e-type=\"column\">\n\t\t\t<div class=\"elementor-widget-wrap elementor-element-populated\">\n\t\t\t\t\t\t<div class=\"elementor-element elementor-element-eae2e8e elementor-widget__width-initial elementor-position-top elementor-widget elementor-widget-image-box\" data-id=\"eae2e8e\" data-element_type=\"widget\" data-e-type=\"widget\" data-widget_type=\"image-box.default\">\n\t\t\t\t<div class=\"elementor-widget-container\">\n\t\t\t\t\t<div class=\"elementor-image-box-wrapper\"><figure class=\"elementor-image-box-img\"><img fetchpriority=\"high\" decoding=\"async\" width=\"300\" height=\"300\" src=\"https:\/\/brasileia.shop\/wp-content\/uploads\/2023\/06\/Collagene-vegetal-300x300-1.png\" class=\"attachment-full size-full wp-image-4072\" alt=\"\" srcset=\"https:\/\/brasileia.shop\/wp-content\/uploads\/2023\/06\/Collagene-vegetal-300x300-1.png 300w, https:\/\/brasileia.shop\/wp-content\/uploads\/2023\/06\/Collagene-vegetal-300x300-1-150x150.png 150w, https:\/\/brasileia.shop\/wp-content\/uploads\/2023\/06\/Collagene-vegetal-300x300-1-100x100.png 100w\" sizes=\"(max-width: 300px) 100vw, 300px\" \/><\/figure><div class=\"elementor-image-box-content\"><h3 class=\"elementor-image-box-title\">COLLAG\u00c8NE V\u00c9G\u00c9TAL <\/h3><p class=\"elementor-image-box-description\">R\u00e9paration intense &amp; Fortifiant<\/p><\/div><\/div>\t\t\t\t<\/div>\n\t\t\t\t<\/div>\n\t\t\t\t\t<\/div>\n\t\t<\/div>\n\t\t\t\t<div class=\"elementor-column elementor-col-20 elementor-inner-column elementor-element elementor-element-14975eb\" data-id=\"14975eb\" data-element_type=\"column\" data-e-type=\"column\">\n\t\t\t<div class=\"elementor-widget-wrap elementor-element-populated\">\n\t\t\t\t\t\t<div class=\"elementor-element elementor-element-1eebafc elementor-widget__width-initial elementor-position-top elementor-widget elementor-widget-image-box\" data-id=\"1eebafc\" data-element_type=\"widget\" data-e-type=\"widget\" data-widget_type=\"image-box.default\">\n\t\t\t\t<div class=\"elementor-widget-container\">\n\t\t\t\t\t<div class=\"elementor-image-box-wrapper\"><figure class=\"elementor-image-box-img\"><img decoding=\"async\" width=\"300\" height=\"300\" src=\"https:\/\/brasileia.shop\/wp-content\/uploads\/2023\/06\/Huile-de-coco-300x300-1.png\" class=\"attachment-full size-full wp-image-4073\" alt=\"\" srcset=\"https:\/\/brasileia.shop\/wp-content\/uploads\/2023\/06\/Huile-de-coco-300x300-1.png 300w, https:\/\/brasileia.shop\/wp-content\/uploads\/2023\/06\/Huile-de-coco-300x300-1-150x150.png 150w, https:\/\/brasileia.shop\/wp-content\/uploads\/2023\/06\/Huile-de-coco-300x300-1-100x100.png 100w\" sizes=\"(max-width: 300px) 100vw, 300px\" \/><\/figure><div class=\"elementor-image-box-content\"><h3 class=\"elementor-image-box-title\">HUILE DE COCO <\/h3><p class=\"elementor-image-box-description\">Nutrition intense &amp; R\u00e9paration<\/p><\/div><\/div>\t\t\t\t<\/div>\n\t\t\t\t<\/div>\n\t\t\t\t\t<\/div>\n\t\t<\/div>\n\t\t\t\t<div class=\"elementor-column elementor-col-20 elementor-inner-column elementor-element elementor-element-2de2944\" data-id=\"2de2944\" data-element_type=\"column\" data-e-type=\"column\">\n\t\t\t<div class=\"elementor-widget-wrap elementor-element-populated\">\n\t\t\t\t\t\t<div class=\"elementor-element elementor-element-1f26365 elementor-widget__width-initial elementor-position-top elementor-widget elementor-widget-image-box\" data-id=\"1f26365\" data-element_type=\"widget\" data-e-type=\"widget\" data-widget_type=\"image-box.default\">\n\t\t\t\t<div class=\"elementor-widget-container\">\n\t\t\t\t\t<div class=\"elementor-image-box-wrapper\"><figure class=\"elementor-image-box-img\"><img decoding=\"async\" width=\"300\" height=\"300\" src=\"https:\/\/brasileia.shop\/wp-content\/uploads\/2023\/06\/BEURRE-DE-CARITe-300x300-1.png\" class=\"attachment-full size-full wp-image-4080\" alt=\"\" srcset=\"https:\/\/brasileia.shop\/wp-content\/uploads\/2023\/06\/BEURRE-DE-CARITe-300x300-1.png 300w, https:\/\/brasileia.shop\/wp-content\/uploads\/2023\/06\/BEURRE-DE-CARITe-300x300-1-150x150.png 150w, https:\/\/brasileia.shop\/wp-content\/uploads\/2023\/06\/BEURRE-DE-CARITe-300x300-1-100x100.png 100w\" sizes=\"(max-width: 300px) 100vw, 300px\" \/><\/figure><div class=\"elementor-image-box-content\"><h3 class=\"elementor-image-box-title\">BEURRE DE KARIT\u00c9 <\/h3><p class=\"elementor-image-box-description\">Brillance &amp; Vitalit\u00e9<\/p><\/div><\/div>\t\t\t\t<\/div>\n\t\t\t\t<\/div>\n\t\t\t\t\t<\/div>\n\t\t<\/div>\n\t\t\t\t<div class=\"elementor-column elementor-col-20 elementor-inner-column elementor-element elementor-element-9ada155\" data-id=\"9ada155\" data-element_type=\"column\" data-e-type=\"column\">\n\t\t\t<div class=\"elementor-widget-wrap\">\n\t\t\t\t\t\t\t<\/div>\n\t\t<\/div>\n\t\t\t\t\t<\/div>\n\t\t<\/section>\n\t\t\t\t\t<\/div>\n\t\t<\/div>\n\t\t\t\t\t<\/div>\n\t\t<\/section>\n\t\t\t\t<\/div>\n\t\t","protected":false},"excerpt":{"rendered":"<p>Avec l&rsquo;objectif de combiner la qualit\u00e9 des produits et la technologie de pointe avec des ingr\u00e9dients naturels, la gamme Curlove\u00a0de\u00a0BRASILEIA COSMETICS\u00a0aide \u00e0 d\u00e9finir et \u00e0 traiter les cheveux ondul\u00e9s, boucl\u00e9s, et fris\u00e9s (2A \u00e0 4C). Nous osons cr\u00e9er ce en quoi nous croyons, avec des ingr\u00e9dients actifs qui font la diff\u00e9rence : le collag\u00e8ne v\u00e9g\u00e9tal [&hellip;]<\/p>\n","protected":false},"featured_media":4503,"comment_status":"open","ping_status":"closed","template":"","meta":{"ocean_post_layout":"","ocean_both_sidebars_style":"","ocean_both_sidebars_content_width":0,"ocean_both_sidebars_sidebars_width":0,"ocean_sidebar":"0","ocean_second_sidebar":"0","ocean_disable_margins":"enable","ocean_add_body_class":"","ocean_shortcode_before_top_bar":"","ocean_shortcode_after_top_bar":"","ocean_shortcode_before_header":"","ocean_shortcode_after_header":"","ocean_has_shortcode":"","ocean_shortcode_after_title":"","ocean_shortcode_before_footer_widgets":"","ocean_shortcode_after_footer_widgets":"","ocean_shortcode_before_footer_bottom":"","ocean_shortcode_after_footer_bottom":"","ocean_display_top_bar":"default","ocean_display_header":"default","ocean_header_style":"","ocean_center_header_left_menu":"0","ocean_custom_header_template":"0","ocean_custom_logo":0,"ocean_custom_retina_logo":0,"ocean_custom_logo_max_width":0,"ocean_custom_logo_tablet_max_width":0,"ocean_custom_logo_mobile_max_width":0,"ocean_custom_logo_max_height":0,"ocean_custom_logo_tablet_max_height":0,"ocean_custom_logo_mobile_max_height":0,"ocean_header_custom_menu":"0","ocean_menu_typo_font_family":"0","ocean_menu_typo_font_subset":"","ocean_menu_typo_font_size":0,"ocean_menu_typo_font_size_tablet":0,"ocean_menu_typo_font_size_mobile":0,"ocean_menu_typo_font_size_unit":"px","ocean_menu_typo_font_weight":"","ocean_menu_typo_font_weight_tablet":"","ocean_menu_typo_font_weight_mobile":"","ocean_menu_typo_transform":"","ocean_menu_typo_transform_tablet":"","ocean_menu_typo_transform_mobile":"","ocean_menu_typo_line_height":0,"ocean_menu_typo_line_height_tablet":0,"ocean_menu_typo_line_height_mobile":0,"ocean_menu_typo_line_height_unit":"","ocean_menu_typo_spacing":0,"ocean_menu_typo_spacing_tablet":0,"ocean_menu_typo_spacing_mobile":0,"ocean_menu_typo_spacing_unit":"","ocean_menu_link_color":"","ocean_menu_link_color_hover":"","ocean_menu_link_color_active":"","ocean_menu_link_background":"","ocean_menu_link_hover_background":"","ocean_menu_link_active_background":"","ocean_menu_social_links_bg":"","ocean_menu_social_hover_links_bg":"","ocean_menu_social_links_color":"","ocean_menu_social_hover_links_color":"","ocean_disable_title":"default","ocean_disable_heading":"default","ocean_post_title":"","ocean_post_subheading":"","ocean_post_title_style":"","ocean_post_title_background_color":"","ocean_post_title_background":0,"ocean_post_title_bg_image_position":"","ocean_post_title_bg_image_attachment":"","ocean_post_title_bg_image_repeat":"","ocean_post_title_bg_image_size":"","ocean_post_title_height":0,"ocean_post_title_bg_overlay":0.5,"ocean_post_title_bg_overlay_color":"","ocean_disable_breadcrumbs":"default","ocean_breadcrumbs_color":"","ocean_breadcrumbs_separator_color":"","ocean_breadcrumbs_links_color":"","ocean_breadcrumbs_links_hover_color":"","ocean_display_footer_widgets":"default","ocean_display_footer_bottom":"default","ocean_custom_footer_template":"0"},"product_brand":[],"product_cat":[66,69],"product_tag":[],"class_list":{"0":"post-41","1":"product","2":"type-product","3":"status-publish","4":"has-post-thumbnail","6":"product_cat-basic-care-line","7":"product_cat-curlove","9":"entry","10":"has-media","12":"first","13":"instock","14":"sale","15":"purchasable","16":"product-type-simple","17":"has-rating","18":"has-product-nav","19":"col","20":"span_1_of_3","21":"owp-content-center","22":"owp-thumbs-layout-horizontal","23":"owp-btn-normal","24":"owp-tabs-layout-horizontal","25":"has-no-thumbnails"},"jetpack_sharing_enabled":true,"_links":{"self":[{"href":"https:\/\/brasileia.shop\/index.php\/wp-json\/wp\/v2\/product\/41","targetHints":{"allow":["GET"]}}],"collection":[{"href":"https:\/\/brasileia.shop\/index.php\/wp-json\/wp\/v2\/product"}],"about":[{"href":"https:\/\/brasileia.shop\/index.php\/wp-json\/wp\/v2\/types\/product"}],"replies":[{"embeddable":true,"href":"https:\/\/brasileia.shop\/index.php\/wp-json\/wp\/v2\/comments?post=41"}],"version-history":[{"count":27,"href":"https:\/\/brasileia.shop\/index.php\/wp-json\/wp\/v2\/product\/41\/revisions"}],"predecessor-version":[{"id":5395,"href":"https:\/\/brasileia.shop\/index.php\/wp-json\/wp\/v2\/product\/41\/revisions\/5395"}],"wp:featuredmedia":[{"embeddable":true,"href":"https:\/\/brasileia.shop\/index.php\/wp-json\/wp\/v2\/media\/4503"}],"wp:attachment":[{"href":"https:\/\/brasileia.shop\/index.php\/wp-json\/wp\/v2\/media?parent=41"}],"wp:term":[{"taxonomy":"product_brand","embeddable":true,"href":"https:\/\/brasileia.shop\/index.php\/wp-json\/wp\/v2\/product_brand?post=41"},{"taxonomy":"product_cat","embeddable":true,"href":"https:\/\/brasileia.shop\/index.php\/wp-json\/wp\/v2\/product_cat?post=41"},{"taxonomy":"product_tag","embeddable":true,"href":"https:\/\/brasileia.shop\/index.php\/wp-json\/wp\/v2\/product_tag?post=41"}],"curies":[{"name":"wp","href":"https:\/\/api.w.org\/{rel}","templated":true}]}}